{"id":3342,"date":"2019-03-30T18:32:59","date_gmt":"2019-03-30T18:32:59","guid":{"rendered":"https:\/\/end.pt\/pt\/?page_id=3342"},"modified":"2019-03-30T18:35:10","modified_gmt":"2019-03-30T18:35:10","slug":"politica-de-privacidade","status":"publish","type":"page","link":"https:\/\/end.pt\/pt\/politica-de-privacidade\/","title":{"rendered":"Pol\u00edtica de Privacidade"},"content":{"rendered":"\t\t<div data-elementor-type=\"wp-post\" data-elementor-id=\"3342\" class=\"elementor elementor-3342\" data-elementor-post-type=\"page\">\n\t\t\t\t\t\t<section class=\"elementor-section elementor-top-section elementor-element elementor-element-ccfefa5 elementor-section-boxed elementor-section-height-default elementor-section-height-default\" data-id=\"ccfefa5\" data-element_type=\"section\" data-e-type=\"section\">\n\t\t\t\t\t\t<div class=\"elementor-container elementor-column-gap-default\">\n\t\t\t\t\t<div class=\"elementor-column elementor-col-100 elementor-top-column elementor-element elementor-element-e8c6ce9\" data-id=\"e8c6ce9\" data-element_type=\"column\" data-e-type=\"column\">\n\t\t\t<div class=\"elementor-widget-wrap elementor-element-populated\">\n\t\t\t\t\t\t<div class=\"elementor-element elementor-element-cb6a4c9 elementor-widget elementor-widget-spacer\" data-id=\"cb6a4c9\" data-element_type=\"widget\" data-e-type=\"widget\" data-widget_type=\"spacer.default\">\n\t\t\t\t<div class=\"elementor-widget-container\">\n\t\t\t\t\t\t\t<div class=\"elementor-spacer\">\n\t\t\t<div class=\"elementor-spacer-inner\"><\/div>\n\t\t<\/div>\n\t\t\t\t\t\t<\/div>\n\t\t\t\t<\/div>\n\t\t\t\t\t<\/div>\n\t\t<\/div>\n\t\t\t\t\t<\/div>\n\t\t<\/section>\n\t\t\t\t<section class=\"elementor-section elementor-top-section elementor-element elementor-element-7d0875a elementor-section-boxed elementor-section-height-default elementor-section-height-default\" data-id=\"7d0875a\" data-element_type=\"section\" data-e-type=\"section\" data-settings=\"{&quot;background_background&quot;:&quot;classic&quot;,&quot;shape_divider_top&quot;:&quot;arrow&quot;}\">\n\t\t\t\t\t<div class=\"elementor-shape elementor-shape-top\" aria-hidden=\"true\" data-negative=\"false\">\n\t\t\t<svg xmlns=\"http:\/\/www.w3.org\/2000\/svg\" viewBox=\"0 0 700 10\" preserveAspectRatio=\"none\">\n\t<path class=\"elementor-shape-fill\" d=\"M350,10L340,0h20L350,10z\"\/>\n<\/svg>\t\t<\/div>\n\t\t\t\t\t<div class=\"elementor-container elementor-column-gap-no\">\n\t\t\t\t\t<div class=\"elementor-column elementor-col-100 elementor-top-column elementor-element elementor-element-42f4b426\" data-id=\"42f4b426\" data-element_type=\"column\" data-e-type=\"column\">\n\t\t\t<div class=\"elementor-widget-wrap elementor-element-populated\">\n\t\t\t\t\t\t<div class=\"elementor-element elementor-element-383050da elementor-widget elementor-widget-heading\" data-id=\"383050da\" data-element_type=\"widget\" data-e-type=\"widget\" data-widget_type=\"heading.default\">\n\t\t\t\t<div class=\"elementor-widget-container\">\n\t\t\t\t\t<h2 class=\"elementor-heading-title elementor-size-default\">Pol\u00edtica de privacidade<\/h2>\t\t\t\t<\/div>\n\t\t\t\t<\/div>\n\t\t\t\t\t<\/div>\n\t\t<\/div>\n\t\t\t\t\t<\/div>\n\t\t<\/section>\n\t\t\t\t<section class=\"elementor-section elementor-top-section elementor-element elementor-element-511629f4 elementor-section-boxed elementor-section-height-default elementor-section-height-default\" data-id=\"511629f4\" data-element_type=\"section\" data-e-type=\"section\">\n\t\t\t\t\t\t<div class=\"elementor-container elementor-column-gap-default\">\n\t\t\t\t\t<div class=\"elementor-column elementor-col-100 elementor-top-column elementor-element elementor-element-9d64266\" data-id=\"9d64266\" data-element_type=\"column\" data-e-type=\"column\">\n\t\t\t<div class=\"elementor-widget-wrap elementor-element-populated\">\n\t\t\t\t\t\t<div class=\"elementor-element elementor-element-2cda6fb9 elementor-widget elementor-widget-text-editor\" data-id=\"2cda6fb9\" data-element_type=\"widget\" data-e-type=\"widget\" data-widget_type=\"text-editor.default\">\n\t\t\t\t<div class=\"elementor-widget-container\">\n\t\t\t\t\t\t\t\t\t<h4>Quem somos?<\/h4><p>END &#8211; Ensaios N\u00e3o Destrutivos e Controle de Qualidade, Lda., com Sede na Rua Alfredo da Silva, lote 7 Trajouce, 2785-035 S\u00e3o Domingos de Rana, com o n\u00famero de pessoa coletiva 500829705, exercendo na \u00e1rea de comercializa\u00e7\u00e3o, servi\u00e7os e consultadoria de tecnologias de ensaios n\u00e3o destrutivos e controle de qualidade.<br \/>A END, Lda. est\u00e1 empenhada em proteger os dados pessoais dos nossos Clientes, ao abrigo do Regulamento (EU) 2016\/679 do Parlamento Europeu e do Conselho, de 27 de abril de 2016, que entrar\u00e3o em vigor no dia 25 de maio de 2018.<br \/>Sendo para efeitos da legisla\u00e7\u00e3o em mat\u00e9ria de prote\u00e7\u00e3o de dados, somos o \u201cRespons\u00e1vel pelo tratamento\u201d relativamente \u00e0s informa\u00e7\u00f5es pessoais fornecidas e tratadas atrav\u00e9s de website, e-mail, telefone ou SMS.<br \/>A presente Pol\u00edtica, a qual tem subjacente o seu compromisso em respeitar as regras de prote\u00e7\u00e3o de dados pessoais, pode ser alterada e atualizada a qualquer momento, sendo publicadas no website ou enviadas por e-mail.<\/p><h4><strong>QUE TIPO DE DADOS PESSOAIS RECOLHEMOS?<\/strong><\/h4><p>A END, Lda., no \u00e2mbito da sua atividade, procede \u00e0 recolha e ao tratamento dos dados pessoais necess\u00e1rios \u00e0 presta\u00e7\u00e3o de servi\u00e7os e comercializa\u00e7\u00e3o de produtos, tratando nesse \u00e2mbito dados como o nome, a morada, n\u00famero de contribuinte, o n\u00famero de telefone e o endere\u00e7o de correio eletr\u00f3nico.<\/p><h4><strong>QUAIS AS FINALIDADES DO TRATAMENTO DOS DADOS PESSOAIS?<\/strong><\/h4><p>Em geral, os dados pessoais recolhidos destinam-se \u00e0 gest\u00e3o da rela\u00e7\u00e3o contratual, fatura\u00e7\u00e3o de presta\u00e7\u00e3o dos servi\u00e7os contratados e comercializa\u00e7\u00e3o de produtos.<\/p><h4><strong><em>COM QUEM PARTILHAMOS OS SEU DADOS?<\/em><\/strong><\/h4><p>Os seus dados pessoais n\u00e3o ser\u00e3o transmitidos a terceiros, em circunst\u00e2ncia alguma, salvo a fornecedores e fabricantes de marcas representadas meramente para contratos celebrados, e ou entidades a quem os dados tenham de ser comunicados por for\u00e7a da lei, como a autoridade tribut\u00e1ria em situa\u00e7\u00f5es de fatura\u00e7\u00e3o ou outras entidades que os venham a solicitar e que sejam igualmente detentoras desse poder.<\/p><h4><strong>POR QUANTO TEMPO CONSERVAMOS OS SEUS DADOS PESSOAIS?<\/strong><\/h4><p>O per\u00edodo de tempo durante o qual os dados s\u00e3o armazenados e conservados varia de acordo com a finalidade para a qual a informa\u00e7\u00e3o \u00e9 tratada.<\/p><p>Efetivamente, existem requisitos legais que obrigam a conservar os dados por um per\u00edodo de tempo m\u00ednimo (10 anos). Assim e sempre que n\u00e3o exista uma exig\u00eancia legal especifica, os dados ser\u00e3o armazenados e conservados apenas pelo per\u00edodo m\u00ednimo necess\u00e1rio para as finalidades que motivaram a sua recolha ou o seu posterior tratamento ou, pelo per\u00edodo de tempo autorizado pela Comiss\u00e3o Nacional de Prote\u00e7\u00e3o de Dados, findo o qual os mesmos ser\u00e3o eliminados.<\/p><h4><strong>QUAIS AS MEDIDAS ADOTADAS PARA A SEGURAN\u00c7A DOS SEUS DADOS PESSOAIS?\u00a0<\/strong><\/h4><p>A SELPRI assume o compromisso de garantir a prote\u00e7\u00e3o da seguran\u00e7a dos dados pessoais que nos s\u00e3o disponibilizados, tendo aprovado e implementado rigorosas regras nesta mat\u00e9ria. O cumprimento destas regras constitui uma obriga\u00e7\u00e3o indeclin\u00e1vel de todos aqueles que legalmente aos mesmos acedem.<\/p><h4><strong><em>COMO PODER\u00c1 ACEDER, RETIFICAR, ATUALIZAR, LIMITAR, APAGAR, OPOR-SE AO TRATAMENTO DOS SEUS DADOS PESSOAIS, OU REMOVER O CONSENTIMENTO?<\/em><\/strong><\/h4><p>Sem preju\u00edzo do disposto no RGPD, o titular dos dados pessoais poder\u00e1 faz\u00ea-lo, diretamente ou mediante pedido por escrito atrav\u00e9s dos contactos disponibilizados para o efeito no presente documento (email: geral@end.pt)<\/p><h4><strong><em>COMO PODE RECLAMAR?<\/em><\/strong><\/h4><p>Sem preju\u00edzo de poder apresentar reclama\u00e7\u00f5es diretamente \u00e0 END, atrav\u00e9s dos contactos disponibilizados para o efeito (email: geral@end.pt), e pode tamb\u00e9m reclamar diretamente para a Autoridade de Controlo, que \u00e9 a Comiss\u00e3o Nacional de Prote\u00e7\u00e3o de Dados (CNPD), utilizando os contactos dispon\u00edveis (<a href=\"http:\/\/www.cnpd.pt\">www.cnpd.pt<\/a>).<\/p>\t\t\t\t\t\t\t\t<\/div>\n\t\t\t\t<\/div>\n\t\t\t\t\t<\/div>\n\t\t<\/div>\n\t\t\t\t\t<\/div>\n\t\t<\/section>\n\t\t\t\t<\/div>\n\t\t","protected":false},"excerpt":{"rendered":"<p>Pol\u00edtica de privacidade Quem somos? END &#8211; Ensaios N\u00e3o Destrutivos e Controle de Qualidade, Lda., com Sede na Rua Alfredo da Silva, lote 7 Trajouce, 2785-035 S\u00e3o Domingos de Rana, com o n\u00famero de pessoa coletiva 500829705, exercendo na \u00e1rea de comercializa\u00e7\u00e3o, servi\u00e7os e consultadoria de tecnologias de ensaios n\u00e3o destrutivos e controle de qualidade.A [&hellip;]<\/p>\n","protected":false},"author":2,"featured_media":0,"parent":0,"menu_order":0,"comment_status":"closed","ping_status":"closed","template":"elementor_header_footer","meta":{"footnotes":""},"class_list":["post-3342","page","type-page","status-publish","hentry"],"_links":{"self":[{"href":"https:\/\/end.pt\/pt\/wp-json\/wp\/v2\/pages\/3342","targetHints":{"allow":["GET"]}}],"collection":[{"href":"https:\/\/end.pt\/pt\/wp-json\/wp\/v2\/pages"}],"about":[{"href":"https:\/\/end.pt\/pt\/wp-json\/wp\/v2\/types\/page"}],"author":[{"embeddable":true,"href":"https:\/\/end.pt\/pt\/wp-json\/wp\/v2\/users\/2"}],"replies":[{"embeddable":true,"href":"https:\/\/end.pt\/pt\/wp-json\/wp\/v2\/comments?post=3342"}],"version-history":[{"count":3,"href":"https:\/\/end.pt\/pt\/wp-json\/wp\/v2\/pages\/3342\/revisions"}],"predecessor-version":[{"id":3345,"href":"https:\/\/end.pt\/pt\/wp-json\/wp\/v2\/pages\/3342\/revisions\/3345"}],"wp:attachment":[{"href":"https:\/\/end.pt\/pt\/wp-json\/wp\/v2\/media?parent=3342"}],"curies":[{"name":"wp","href":"https:\/\/api.w.org\/{rel}","templated":true}]}}