{"id":3347,"date":"2019-03-30T18:49:24","date_gmt":"2019-03-30T18:49:24","guid":{"rendered":"https:\/\/end.pt\/pt\/?page_id=3347"},"modified":"2023-04-29T16:04:55","modified_gmt":"2023-04-29T16:04:55","slug":"politica-de-qualidade","status":"publish","type":"page","link":"https:\/\/end.pt\/pt\/politica-de-qualidade\/","title":{"rendered":"Pol\u00edtica de Qualidade"},"content":{"rendered":"\t\t<div data-elementor-type=\"wp-post\" data-elementor-id=\"3347\" class=\"elementor elementor-3347\" data-elementor-post-type=\"page\">\n\t\t\t\t\t\t<section class=\"elementor-section elementor-top-section elementor-element elementor-element-20ed841 elementor-section-boxed elementor-section-height-default elementor-section-height-default\" data-id=\"20ed841\" data-element_type=\"section\" data-e-type=\"section\">\n\t\t\t\t\t\t<div class=\"elementor-container elementor-column-gap-default\">\n\t\t\t\t\t<div class=\"elementor-column elementor-col-100 elementor-top-column elementor-element elementor-element-76dabd4\" data-id=\"76dabd4\" data-element_type=\"column\" data-e-type=\"column\">\n\t\t\t<div class=\"elementor-widget-wrap elementor-element-populated\">\n\t\t\t\t\t\t<div class=\"elementor-element elementor-element-6c4c1a2 elementor-widget elementor-widget-spacer\" data-id=\"6c4c1a2\" data-element_type=\"widget\" data-e-type=\"widget\" data-widget_type=\"spacer.default\">\n\t\t\t\t<div class=\"elementor-widget-container\">\n\t\t\t\t\t\t\t<div class=\"elementor-spacer\">\n\t\t\t<div class=\"elementor-spacer-inner\"><\/div>\n\t\t<\/div>\n\t\t\t\t\t\t<\/div>\n\t\t\t\t<\/div>\n\t\t\t\t\t<\/div>\n\t\t<\/div>\n\t\t\t\t\t<\/div>\n\t\t<\/section>\n\t\t\t\t<section class=\"elementor-section elementor-top-section elementor-element elementor-element-466702e elementor-section-boxed elementor-section-height-default elementor-section-height-default\" data-id=\"466702e\" data-element_type=\"section\" data-e-type=\"section\" data-settings=\"{&quot;background_background&quot;:&quot;classic&quot;,&quot;shape_divider_top&quot;:&quot;arrow&quot;}\">\n\t\t\t\t\t<div class=\"elementor-shape elementor-shape-top\" aria-hidden=\"true\" data-negative=\"false\">\n\t\t\t<svg xmlns=\"http:\/\/www.w3.org\/2000\/svg\" viewBox=\"0 0 700 10\" preserveAspectRatio=\"none\">\n\t<path class=\"elementor-shape-fill\" d=\"M350,10L340,0h20L350,10z\"\/>\n<\/svg>\t\t<\/div>\n\t\t\t\t\t<div class=\"elementor-container elementor-column-gap-no\">\n\t\t\t\t\t<div class=\"elementor-column elementor-col-100 elementor-top-column elementor-element elementor-element-7d9f91e\" data-id=\"7d9f91e\" data-element_type=\"column\" data-e-type=\"column\">\n\t\t\t<div class=\"elementor-widget-wrap elementor-element-populated\">\n\t\t\t\t\t\t<div class=\"elementor-element elementor-element-d024d9e elementor-widget elementor-widget-heading\" data-id=\"d024d9e\" data-element_type=\"widget\" data-e-type=\"widget\" data-widget_type=\"heading.default\">\n\t\t\t\t<div class=\"elementor-widget-container\">\n\t\t\t\t\t<h2 class=\"elementor-heading-title elementor-size-default\">Pol\u00edtica de Qualidade<\/h2>\t\t\t\t<\/div>\n\t\t\t\t<\/div>\n\t\t\t\t\t<\/div>\n\t\t<\/div>\n\t\t\t\t\t<\/div>\n\t\t<\/section>\n\t\t\t\t<section class=\"elementor-section elementor-top-section elementor-element elementor-element-758b70a elementor-section-boxed elementor-section-height-default elementor-section-height-default\" data-id=\"758b70a\" data-element_type=\"section\" data-e-type=\"section\">\n\t\t\t\t\t\t<div class=\"elementor-container elementor-column-gap-default\">\n\t\t\t\t\t<div class=\"elementor-column elementor-col-100 elementor-top-column elementor-element elementor-element-5720e97\" data-id=\"5720e97\" data-element_type=\"column\" data-e-type=\"column\">\n\t\t\t<div class=\"elementor-widget-wrap elementor-element-populated\">\n\t\t\t\t\t\t<div class=\"elementor-element elementor-element-5407eec elementor-widget elementor-widget-spacer\" data-id=\"5407eec\" data-element_type=\"widget\" data-e-type=\"widget\" data-widget_type=\"spacer.default\">\n\t\t\t\t<div class=\"elementor-widget-container\">\n\t\t\t\t\t\t\t<div class=\"elementor-spacer\">\n\t\t\t<div class=\"elementor-spacer-inner\"><\/div>\n\t\t<\/div>\n\t\t\t\t\t\t<\/div>\n\t\t\t\t<\/div>\n\t\t\t\t<div class=\"elementor-element elementor-element-4b6123f elementor-widget elementor-widget-heading\" data-id=\"4b6123f\" data-element_type=\"widget\" data-e-type=\"widget\" data-widget_type=\"heading.default\">\n\t\t\t\t<div class=\"elementor-widget-container\">\n\t\t\t\t\t<h2 class=\"elementor-heading-title elementor-size-default\">Os nossos objetivos<\/h2>\t\t\t\t<\/div>\n\t\t\t\t<\/div>\n\t\t\t\t<div class=\"elementor-element elementor-element-c301e16 elementor-widget elementor-widget-text-editor\" data-id=\"c301e16\" data-element_type=\"widget\" data-e-type=\"widget\" data-widget_type=\"text-editor.default\">\n\t\t\t\t<div class=\"elementor-widget-container\">\n\t\t\t\t\t\t\t\t\t<p>A Pol\u00edtica da Qualidade assume-se como elemento estruturante de todo o Sistema de Gest\u00e3o da Qualidade. Deste modo, a Pol\u00edtica da Qualidade orienta-se pelos seguintes princ\u00edpios:<\/p><ul><li>Obter a participa\u00e7\u00e3o do Cliente na defini\u00e7\u00e3o do servi\u00e7o que melhor satisfaz as suas necessidades e colocar \u00e0 sua disposi\u00e7\u00e3o, meios e m\u00e9todos que permitam garantir a satisfa\u00e7\u00e3o dos requisitos acordados;<\/li><li>Melhorar continuamente a competitividade, atrav\u00e9s da selec\u00e7\u00e3o e avalia\u00e7\u00e3o dos nossos fornecedores e parceiros do neg\u00f3cio, na valoriza\u00e7\u00e3o das pessoas e na inova\u00e7\u00e3o tecnol\u00f3gica dos meios utilizados;<\/li><li>Incrementar compet\u00eancias e conhecimento organizacional<\/li><\/ul><p>Assegurar que a Qualidade seja pensada de forma sistem\u00e1tica e posta em pr\u00e1tica em todas as fases (actividades e respectivas tarefas) de realiza\u00e7\u00e3o dos nossos servi\u00e7os;<\/p>\t\t\t\t\t\t\t\t<\/div>\n\t\t\t\t<\/div>\n\t\t\t\t<div class=\"elementor-element elementor-element-1fd91ca elementor-widget elementor-widget-heading\" data-id=\"1fd91ca\" data-element_type=\"widget\" data-e-type=\"widget\" data-widget_type=\"heading.default\">\n\t\t\t\t<div class=\"elementor-widget-container\">\n\t\t\t\t\t<h2 class=\"elementor-heading-title elementor-size-default\">Compromissos<\/h2>\t\t\t\t<\/div>\n\t\t\t\t<\/div>\n\t\t\t\t<div class=\"elementor-element elementor-element-f999d98 elementor-widget elementor-widget-text-editor\" data-id=\"f999d98\" data-element_type=\"widget\" data-e-type=\"widget\" data-widget_type=\"text-editor.default\">\n\t\t\t\t<div class=\"elementor-widget-container\">\n\t\t\t\t\t\t\t\t\t<ul><li>Garantir que ser\u00e1 desenvolvido, implementado, entendido, comunicado, mantido e revisto um SGQ, assim como assegurar as condi\u00e7\u00f5es necess\u00e1rias \u00e0 sua manuten\u00e7\u00e3o e melhoria cont\u00ednua da sua efic\u00e1cia;<\/li><li>Satisfazer as necessidades e expetativas das Partes Interessadas em geral e dos seus clientes em particular;<\/li><li>Incentivar o comprometimento global da empresa com a qualidade, mantendo o foco dos servi\u00e7os prestados em resultados mensur\u00e1veis para o cliente;<\/li><li>Praticar uma abordagem baseada no risco e nas oportunidades;<\/li><li>Monitorizar e medir os objectivos estabelecidos, os processos identificados e produtos\/servi\u00e7os da empresa.<\/li><\/ul>\t\t\t\t\t\t\t\t<\/div>\n\t\t\t\t<\/div>\n\t\t\t\t<div class=\"elementor-element elementor-element-e9a4797 elementor-widget elementor-widget-spacer\" data-id=\"e9a4797\" data-element_type=\"widget\" data-e-type=\"widget\" data-widget_type=\"spacer.default\">\n\t\t\t\t<div class=\"elementor-widget-container\">\n\t\t\t\t\t\t\t<div class=\"elementor-spacer\">\n\t\t\t<div class=\"elementor-spacer-inner\"><\/div>\n\t\t<\/div>\n\t\t\t\t\t\t<\/div>\n\t\t\t\t<\/div>\n\t\t\t\t\t<\/div>\n\t\t<\/div>\n\t\t\t\t\t<\/div>\n\t\t<\/section>\n\t\t\t\t<\/div>\n\t\t","protected":false},"excerpt":{"rendered":"<p>Pol\u00edtica de Qualidade Os nossos objetivos A Pol\u00edtica da Qualidade assume-se como elemento estruturante de todo o Sistema de Gest\u00e3o da Qualidade. Deste modo, a Pol\u00edtica da Qualidade orienta-se pelos seguintes princ\u00edpios: Obter a participa\u00e7\u00e3o do Cliente na defini\u00e7\u00e3o do servi\u00e7o que melhor satisfaz as suas necessidades e colocar \u00e0 sua disposi\u00e7\u00e3o, meios e m\u00e9todos [&hellip;]<\/p>\n","protected":false},"author":2,"featured_media":0,"parent":0,"menu_order":0,"comment_status":"closed","ping_status":"closed","template":"elementor_header_footer","meta":{"footnotes":""},"class_list":["post-3347","page","type-page","status-publish","hentry"],"_links":{"self":[{"href":"https:\/\/end.pt\/pt\/wp-json\/wp\/v2\/pages\/3347","targetHints":{"allow":["GET"]}}],"collection":[{"href":"https:\/\/end.pt\/pt\/wp-json\/wp\/v2\/pages"}],"about":[{"href":"https:\/\/end.pt\/pt\/wp-json\/wp\/v2\/types\/page"}],"author":[{"embeddable":true,"href":"https:\/\/end.pt\/pt\/wp-json\/wp\/v2\/users\/2"}],"replies":[{"embeddable":true,"href":"https:\/\/end.pt\/pt\/wp-json\/wp\/v2\/comments?post=3347"}],"version-history":[{"count":15,"href":"https:\/\/end.pt\/pt\/wp-json\/wp\/v2\/pages\/3347\/revisions"}],"predecessor-version":[{"id":5406,"href":"https:\/\/end.pt\/pt\/wp-json\/wp\/v2\/pages\/3347\/revisions\/5406"}],"wp:attachment":[{"href":"https:\/\/end.pt\/pt\/wp-json\/wp\/v2\/media?parent=3347"}],"curies":[{"name":"wp","href":"https:\/\/api.w.org\/{rel}","templated":true}]}}