{"id":4551,"date":"2020-08-31T22:10:43","date_gmt":"2020-08-31T22:10:43","guid":{"rendered":"https:\/\/end.pt\/pt\/?page_id=4551"},"modified":"2020-11-22T22:13:38","modified_gmt":"2020-11-22T22:13:38","slug":"ensaios-por-liquidos-penetrantes","status":"publish","type":"page","link":"https:\/\/end.pt\/pt\/ensaios-por-liquidos-penetrantes\/","title":{"rendered":"Ensaios por L\u00edquidos Penetrantes"},"content":{"rendered":"\t\t<div data-elementor-type=\"wp-page\" data-elementor-id=\"4551\" class=\"elementor elementor-4551\" data-elementor-post-type=\"page\">\n\t\t\t\t\t\t<section class=\"elementor-section elementor-top-section elementor-element elementor-element-417fd5e elementor-section-height-min-height elementor-section-content-middle elementor-section-boxed elementor-section-height-default elementor-section-items-middle\" data-id=\"417fd5e\" data-element_type=\"section\" data-e-type=\"section\" data-settings=\"{&quot;background_background&quot;:&quot;classic&quot;}\">\n\t\t\t\t\t\t<div class=\"elementor-container elementor-column-gap-no\">\n\t\t\t\t\t<div class=\"elementor-column elementor-col-100 elementor-top-column elementor-element elementor-element-59d861d\" data-id=\"59d861d\" data-element_type=\"column\" data-e-type=\"column\">\n\t\t\t<div class=\"elementor-widget-wrap elementor-element-populated\">\n\t\t\t\t\t\t<div class=\"elementor-element elementor-element-87b2e60 elementor-widget elementor-widget-heading\" data-id=\"87b2e60\" data-element_type=\"widget\" data-e-type=\"widget\" data-widget_type=\"heading.default\">\n\t\t\t\t<div class=\"elementor-widget-container\">\n\t\t\t\t\t<h1 class=\"elementor-heading-title elementor-size-default\">Ensaios por L\u00edquidos Penetrantes<\/h1>\t\t\t\t<\/div>\n\t\t\t\t<\/div>\n\t\t\t\t\t<\/div>\n\t\t<\/div>\n\t\t\t\t\t<\/div>\n\t\t<\/section>\n\t\t\t\t<section class=\"elementor-section elementor-top-section elementor-element elementor-element-d1f185a elementor-section-boxed elementor-section-height-default elementor-section-height-default\" data-id=\"d1f185a\" data-element_type=\"section\" data-e-type=\"section\">\n\t\t\t\t\t\t<div class=\"elementor-container elementor-column-gap-default\">\n\t\t\t\t\t<div class=\"elementor-column elementor-col-33 elementor-top-column elementor-element elementor-element-9e2d8b6\" data-id=\"9e2d8b6\" data-element_type=\"column\" data-e-type=\"column\">\n\t\t\t<div class=\"elementor-widget-wrap elementor-element-populated\">\n\t\t\t\t\t\t<div class=\"elementor-element elementor-element-b9c6162 elementor-widget elementor-widget-heading\" data-id=\"b9c6162\" data-element_type=\"widget\" data-e-type=\"widget\" data-widget_type=\"heading.default\">\n\t\t\t\t<div class=\"elementor-widget-container\">\n\t\t\t\t\t<h1 class=\"elementor-heading-title elementor-size-default\">Distribuidor<\/p>Exclusivo\n<\/h1>\t\t\t\t<\/div>\n\t\t\t\t<\/div>\n\t\t\t\t\t<\/div>\n\t\t<\/div>\n\t\t\t\t<div class=\"elementor-column elementor-col-66 elementor-top-column elementor-element elementor-element-d0de2ec\" data-id=\"d0de2ec\" data-element_type=\"column\" data-e-type=\"column\">\n\t\t\t<div class=\"elementor-widget-wrap elementor-element-populated\">\n\t\t\t\t\t\t<section class=\"elementor-section elementor-inner-section elementor-element elementor-element-4245566 elementor-section-boxed elementor-section-height-default elementor-section-height-default\" data-id=\"4245566\" data-element_type=\"section\" data-e-type=\"section\">\n\t\t\t\t\t\t<div class=\"elementor-container elementor-column-gap-default\">\n\t\t\t\t\t<div class=\"elementor-column elementor-col-50 elementor-inner-column elementor-element elementor-element-8f02b51\" data-id=\"8f02b51\" data-element_type=\"column\" data-e-type=\"column\">\n\t\t\t<div class=\"elementor-widget-wrap elementor-element-populated\">\n\t\t\t\t\t\t<div class=\"elementor-element elementor-element-07944f3 elementor-widget elementor-widget-image\" data-id=\"07944f3\" data-element_type=\"widget\" data-e-type=\"widget\" data-widget_type=\"image.default\">\n\t\t\t\t<div class=\"elementor-widget-container\">\n\t\t\t\t\t\t\t\t\t\t\t\t\t\t\t<img fetchpriority=\"high\" decoding=\"async\" width=\"600\" height=\"400\" src=\"https:\/\/end.pt\/pt\/wp-content\/uploads\/2020\/08\/cgm_end.png\" class=\"attachment-large size-large wp-image-4515\" alt=\"\" srcset=\"https:\/\/end.pt\/pt\/wp-content\/uploads\/2020\/08\/cgm_end.png 600w, https:\/\/end.pt\/pt\/wp-content\/uploads\/2020\/08\/cgm_end-250x167.png 250w, https:\/\/end.pt\/pt\/wp-content\/uploads\/2020\/08\/cgm_end-350x233.png 350w, https:\/\/end.pt\/pt\/wp-content\/uploads\/2020\/08\/cgm_end-300x200.png 300w\" sizes=\"(max-width: 600px) 100vw, 600px\" \/>\t\t\t\t\t\t\t\t\t\t\t\t\t\t\t<\/div>\n\t\t\t\t<\/div>\n\t\t\t\t\t<\/div>\n\t\t<\/div>\n\t\t\t\t<div class=\"elementor-column elementor-col-50 elementor-inner-column elementor-element elementor-element-f55d79d\" data-id=\"f55d79d\" data-element_type=\"column\" data-e-type=\"column\">\n\t\t\t<div class=\"elementor-widget-wrap elementor-element-populated\">\n\t\t\t\t\t\t<div class=\"elementor-element elementor-element-9875bec elementor-widget elementor-widget-image\" data-id=\"9875bec\" data-element_type=\"widget\" data-e-type=\"widget\" data-widget_type=\"image.default\">\n\t\t\t\t<div class=\"elementor-widget-container\">\n\t\t\t\t\t\t\t\t\t\t\t\t\t\t\t<img decoding=\"async\" width=\"600\" height=\"400\" src=\"https:\/\/end.pt\/pt\/wp-content\/uploads\/2020\/08\/spectronics-end.png\" class=\"attachment-large size-large wp-image-4531\" alt=\"\" srcset=\"https:\/\/end.pt\/pt\/wp-content\/uploads\/2020\/08\/spectronics-end.png 600w, https:\/\/end.pt\/pt\/wp-content\/uploads\/2020\/08\/spectronics-end-250x167.png 250w, https:\/\/end.pt\/pt\/wp-content\/uploads\/2020\/08\/spectronics-end-350x233.png 350w, https:\/\/end.pt\/pt\/wp-content\/uploads\/2020\/08\/spectronics-end-300x200.png 300w\" sizes=\"(max-width: 600px) 100vw, 600px\" \/>\t\t\t\t\t\t\t\t\t\t\t\t\t\t\t<\/div>\n\t\t\t\t<\/div>\n\t\t\t\t\t<\/div>\n\t\t<\/div>\n\t\t\t\t\t<\/div>\n\t\t<\/section>\n\t\t\t\t\t<\/div>\n\t\t<\/div>\n\t\t\t\t\t<\/div>\n\t\t<\/section>\n\t\t\t\t<section class=\"elementor-section elementor-top-section elementor-element elementor-element-6abf29a elementor-section-boxed elementor-section-height-default elementor-section-height-default\" data-id=\"6abf29a\" data-element_type=\"section\" data-e-type=\"section\">\n\t\t\t\t\t\t<div class=\"elementor-container elementor-column-gap-no\">\n\t\t\t\t\t<div class=\"elementor-column elementor-col-25 elementor-top-column elementor-element elementor-element-a8982aa\" data-id=\"a8982aa\" data-element_type=\"column\" data-e-type=\"column\">\n\t\t\t<div class=\"elementor-widget-wrap elementor-element-populated\">\n\t\t\t\t\t\t<div class=\"elementor-element elementor-element-3ee3931 elementor-widget elementor-widget-image\" data-id=\"3ee3931\" data-element_type=\"widget\" data-e-type=\"widget\" data-widget_type=\"image.default\">\n\t\t\t\t<div class=\"elementor-widget-container\">\n\t\t\t\t\t\t\t\t\t\t\t\t\t\t\t\t<a href=\"https:\/\/end.pt\/pt\/product-category\/liquidos-penetrantes\/consumiveis-metodo-manual\/\">\n\t\t\t\t\t\t\t<img decoding=\"async\" width=\"450\" height=\"450\" src=\"https:\/\/end.pt\/pt\/wp-content\/uploads\/2020\/08\/liquidos.jpg\" class=\"attachment-large size-large wp-image-4553\" alt=\"\" srcset=\"https:\/\/end.pt\/pt\/wp-content\/uploads\/2020\/08\/liquidos.jpg 450w, https:\/\/end.pt\/pt\/wp-content\/uploads\/2020\/08\/liquidos-250x250.jpg 250w, https:\/\/end.pt\/pt\/wp-content\/uploads\/2020\/08\/liquidos-100x100.jpg 100w, https:\/\/end.pt\/pt\/wp-content\/uploads\/2020\/08\/liquidos-350x350.jpg 350w, https:\/\/end.pt\/pt\/wp-content\/uploads\/2020\/08\/liquidos-300x300.jpg 300w, https:\/\/end.pt\/pt\/wp-content\/uploads\/2020\/08\/liquidos-150x150.jpg 150w\" sizes=\"(max-width: 450px) 100vw, 450px\" \/>\t\t\t\t\t\t\t\t<\/a>\n\t\t\t\t\t\t\t\t\t\t\t\t\t\t\t<\/div>\n\t\t\t\t<\/div>\n\t\t\t\t<div class=\"elementor-element elementor-element-b4b1717 elementor-widget elementor-widget-heading\" data-id=\"b4b1717\" data-element_type=\"widget\" data-e-type=\"widget\" data-widget_type=\"heading.default\">\n\t\t\t\t<div class=\"elementor-widget-container\">\n\t\t\t\t\t<h6 class=\"elementor-heading-title elementor-size-default\">L\u00cdQUIDOS PENETRANTES COLORIDOS\/FLUORESCENTES CIGIEMME<\/h6>\t\t\t\t<\/div>\n\t\t\t\t<\/div>\n\t\t\t\t\t<\/div>\n\t\t<\/div>\n\t\t\t\t<div class=\"elementor-column elementor-col-25 elementor-top-column elementor-element elementor-element-391b495\" data-id=\"391b495\" data-element_type=\"column\" data-e-type=\"column\">\n\t\t\t<div class=\"elementor-widget-wrap elementor-element-populated\">\n\t\t\t\t\t\t<div class=\"elementor-element elementor-element-a96cbb8 elementor-widget elementor-widget-image\" data-id=\"a96cbb8\" data-element_type=\"widget\" data-e-type=\"widget\" data-widget_type=\"image.default\">\n\t\t\t\t<div class=\"elementor-widget-container\">\n\t\t\t\t\t\t\t\t\t\t\t\t\t\t\t\t<a href=\"https:\/\/end.pt\/pt\/product-category\/liquidos-penetrantes\/sistemas-fixos\/\">\n\t\t\t\t\t\t\t<img loading=\"lazy\" decoding=\"async\" width=\"450\" height=\"450\" src=\"https:\/\/end.pt\/pt\/wp-content\/uploads\/2020\/08\/sistemas-fixos.jpg\" class=\"attachment-large size-large wp-image-4554\" alt=\"\" srcset=\"https:\/\/end.pt\/pt\/wp-content\/uploads\/2020\/08\/sistemas-fixos.jpg 450w, https:\/\/end.pt\/pt\/wp-content\/uploads\/2020\/08\/sistemas-fixos-250x250.jpg 250w, https:\/\/end.pt\/pt\/wp-content\/uploads\/2020\/08\/sistemas-fixos-100x100.jpg 100w, https:\/\/end.pt\/pt\/wp-content\/uploads\/2020\/08\/sistemas-fixos-350x350.jpg 350w, https:\/\/end.pt\/pt\/wp-content\/uploads\/2020\/08\/sistemas-fixos-300x300.jpg 300w, https:\/\/end.pt\/pt\/wp-content\/uploads\/2020\/08\/sistemas-fixos-150x150.jpg 150w\" sizes=\"(max-width: 450px) 100vw, 450px\" \/>\t\t\t\t\t\t\t\t<\/a>\n\t\t\t\t\t\t\t\t\t\t\t\t\t\t\t<\/div>\n\t\t\t\t<\/div>\n\t\t\t\t<div class=\"elementor-element elementor-element-744b72d elementor-widget elementor-widget-heading\" data-id=\"744b72d\" data-element_type=\"widget\" data-e-type=\"widget\" data-widget_type=\"heading.default\">\n\t\t\t\t<div class=\"elementor-widget-container\">\n\t\t\t\t\t<h4 class=\"elementor-heading-title elementor-size-default\">SISTEMAS FIXOS DE INSPEC\u00c7\u00c3O CIGIEMME\n<\/h4>\t\t\t\t<\/div>\n\t\t\t\t<\/div>\n\t\t\t\t\t<\/div>\n\t\t<\/div>\n\t\t\t\t<div class=\"elementor-column elementor-col-25 elementor-top-column elementor-element elementor-element-edc009a\" data-id=\"edc009a\" data-element_type=\"column\" data-e-type=\"column\">\n\t\t\t<div class=\"elementor-widget-wrap elementor-element-populated\">\n\t\t\t\t\t\t<div class=\"elementor-element elementor-element-88272ec elementor-widget elementor-widget-image\" data-id=\"88272ec\" data-element_type=\"widget\" data-e-type=\"widget\" data-widget_type=\"image.default\">\n\t\t\t\t<div class=\"elementor-widget-container\">\n\t\t\t\t\t\t\t\t\t\t\t\t\t\t\t\t<a href=\"https:\/\/end.pt\/pt\/product-category\/liquidos-penetrantes\/acessorios-usados-em-ensaios-por-liquidos-penetrantes\/\">\n\t\t\t\t\t\t\t<img loading=\"lazy\" decoding=\"async\" width=\"450\" height=\"450\" src=\"https:\/\/end.pt\/pt\/wp-content\/uploads\/2020\/08\/padroes.jpg\" class=\"attachment-large size-large wp-image-4555\" alt=\"\" srcset=\"https:\/\/end.pt\/pt\/wp-content\/uploads\/2020\/08\/padroes.jpg 450w, https:\/\/end.pt\/pt\/wp-content\/uploads\/2020\/08\/padroes-250x250.jpg 250w, https:\/\/end.pt\/pt\/wp-content\/uploads\/2020\/08\/padroes-100x100.jpg 100w, https:\/\/end.pt\/pt\/wp-content\/uploads\/2020\/08\/padroes-350x350.jpg 350w, https:\/\/end.pt\/pt\/wp-content\/uploads\/2020\/08\/padroes-300x300.jpg 300w, https:\/\/end.pt\/pt\/wp-content\/uploads\/2020\/08\/padroes-150x150.jpg 150w\" sizes=\"(max-width: 450px) 100vw, 450px\" \/>\t\t\t\t\t\t\t\t<\/a>\n\t\t\t\t\t\t\t\t\t\t\t\t\t\t\t<\/div>\n\t\t\t\t<\/div>\n\t\t\t\t<div class=\"elementor-element elementor-element-b9bc271 elementor-widget elementor-widget-heading\" data-id=\"b9bc271\" data-element_type=\"widget\" data-e-type=\"widget\" data-widget_type=\"heading.default\">\n\t\t\t\t<div class=\"elementor-widget-container\">\n\t\t\t\t\t<h4 class=\"elementor-heading-title elementor-size-default\">PADR\u00d5ES DE REFER\u00caNCIA\/TESTE \n<\/h4>\t\t\t\t<\/div>\n\t\t\t\t<\/div>\n\t\t\t\t\t<\/div>\n\t\t<\/div>\n\t\t\t\t<div class=\"elementor-column elementor-col-25 elementor-top-column elementor-element elementor-element-de9376d\" data-id=\"de9376d\" data-element_type=\"column\" data-e-type=\"column\">\n\t\t\t<div class=\"elementor-widget-wrap elementor-element-populated\">\n\t\t\t\t\t\t<div class=\"elementor-element elementor-element-2d26cd5 elementor-widget elementor-widget-image\" data-id=\"2d26cd5\" data-element_type=\"widget\" data-e-type=\"widget\" data-widget_type=\"image.default\">\n\t\t\t\t<div class=\"elementor-widget-container\">\n\t\t\t\t\t\t\t\t\t\t\t\t\t\t\t\t<a href=\"https:\/\/end.pt\/pt\/product-category\/liquidos-penetrantes\/projectores-de-luz-negra-uv\/\">\n\t\t\t\t\t\t\t<img loading=\"lazy\" decoding=\"async\" width=\"450\" height=\"450\" src=\"https:\/\/end.pt\/pt\/wp-content\/uploads\/2020\/08\/projetor-uv-1.jpg\" class=\"attachment-large size-large wp-image-4556\" alt=\"\" srcset=\"https:\/\/end.pt\/pt\/wp-content\/uploads\/2020\/08\/projetor-uv-1.jpg 450w, https:\/\/end.pt\/pt\/wp-content\/uploads\/2020\/08\/projetor-uv-1-250x250.jpg 250w, https:\/\/end.pt\/pt\/wp-content\/uploads\/2020\/08\/projetor-uv-1-100x100.jpg 100w, https:\/\/end.pt\/pt\/wp-content\/uploads\/2020\/08\/projetor-uv-1-350x350.jpg 350w, https:\/\/end.pt\/pt\/wp-content\/uploads\/2020\/08\/projetor-uv-1-300x300.jpg 300w, https:\/\/end.pt\/pt\/wp-content\/uploads\/2020\/08\/projetor-uv-1-150x150.jpg 150w\" sizes=\"(max-width: 450px) 100vw, 450px\" \/>\t\t\t\t\t\t\t\t<\/a>\n\t\t\t\t\t\t\t\t\t\t\t\t\t\t\t<\/div>\n\t\t\t\t<\/div>\n\t\t\t\t<div class=\"elementor-element elementor-element-51a0ea4 elementor-widget elementor-widget-heading\" data-id=\"51a0ea4\" data-element_type=\"widget\" data-e-type=\"widget\" data-widget_type=\"heading.default\">\n\t\t\t\t<div class=\"elementor-widget-container\">\n\t\t\t\t\t<h4 class=\"elementor-heading-title elementor-size-default\">PROJECTORES DE LUV UV-A SPECTROLINE\n<\/h4>\t\t\t\t<\/div>\n\t\t\t\t<\/div>\n\t\t\t\t\t<\/div>\n\t\t<\/div>\n\t\t\t\t\t<\/div>\n\t\t<\/section>\n\t\t\t\t<\/div>\n\t\t","protected":false},"excerpt":{"rendered":"<p>Distribuidor Exclusivo L\u00cdQUIDOS PENETRANTES COLORIDOS\/FLUORESCENTES CIGIEMME SISTEMAS FIXOS DE INSPEC\u00c7\u00c3O CIGIEMME PADR\u00d5ES DE REFER\u00caNCIA\/TESTE PROJECTORES DE LUV UV-A SPECTROLINE<\/p>\n","protected":false},"author":2,"featured_media":0,"parent":0,"menu_order":0,"comment_status":"closed","ping_status":"closed","template":"elementor_header_footer","meta":{"footnotes":""},"class_list":["post-4551","page","type-page","status-publish","hentry"],"_links":{"self":[{"href":"https:\/\/end.pt\/pt\/wp-json\/wp\/v2\/pages\/4551","targetHints":{"allow":["GET"]}}],"collection":[{"href":"https:\/\/end.pt\/pt\/wp-json\/wp\/v2\/pages"}],"about":[{"href":"https:\/\/end.pt\/pt\/wp-json\/wp\/v2\/types\/page"}],"author":[{"embeddable":true,"href":"https:\/\/end.pt\/pt\/wp-json\/wp\/v2\/users\/2"}],"replies":[{"embeddable":true,"href":"https:\/\/end.pt\/pt\/wp-json\/wp\/v2\/comments?post=4551"}],"version-history":[{"count":3,"href":"https:\/\/end.pt\/pt\/wp-json\/wp\/v2\/pages\/4551\/revisions"}],"predecessor-version":[{"id":4559,"href":"https:\/\/end.pt\/pt\/wp-json\/wp\/v2\/pages\/4551\/revisions\/4559"}],"wp:attachment":[{"href":"https:\/\/end.pt\/pt\/wp-json\/wp\/v2\/media?parent=4551"}],"curies":[{"name":"wp","href":"https:\/\/api.w.org\/{rel}","templated":true}]}}