{"id":4620,"date":"2020-11-06T22:34:52","date_gmt":"2020-11-06T22:34:52","guid":{"rendered":"https:\/\/end.pt\/pt\/?page_id=4620"},"modified":"2020-11-22T22:12:54","modified_gmt":"2020-11-22T22:12:54","slug":"ensaios-por-particulas-magneticas","status":"publish","type":"page","link":"https:\/\/end.pt\/pt\/ensaios-por-particulas-magneticas\/","title":{"rendered":"Ensaios por Part\u00edculas Magn\u00e9ticas"},"content":{"rendered":"\t\t<div data-elementor-type=\"wp-page\" data-elementor-id=\"4620\" class=\"elementor elementor-4620\" data-elementor-post-type=\"page\">\n\t\t\t\t\t\t<section class=\"elementor-section elementor-top-section elementor-element elementor-element-4510cdd elementor-section-height-min-height elementor-section-content-middle elementor-section-boxed elementor-section-height-default elementor-section-items-middle\" data-id=\"4510cdd\" data-element_type=\"section\" data-e-type=\"section\" data-settings=\"{&quot;background_background&quot;:&quot;classic&quot;}\">\n\t\t\t\t\t\t<div class=\"elementor-container elementor-column-gap-no\">\n\t\t\t\t\t<div class=\"elementor-column elementor-col-100 elementor-top-column elementor-element elementor-element-26b4a2e\" data-id=\"26b4a2e\" data-element_type=\"column\" data-e-type=\"column\">\n\t\t\t<div class=\"elementor-widget-wrap elementor-element-populated\">\n\t\t\t\t\t\t<div class=\"elementor-element elementor-element-f258877 elementor-widget elementor-widget-heading\" data-id=\"f258877\" data-element_type=\"widget\" data-e-type=\"widget\" data-widget_type=\"heading.default\">\n\t\t\t\t<div class=\"elementor-widget-container\">\n\t\t\t\t\t<h1 class=\"elementor-heading-title elementor-size-default\">Ensaios por Part\u00edculas Magn\u00e9ticas<\/h1>\t\t\t\t<\/div>\n\t\t\t\t<\/div>\n\t\t\t\t\t<\/div>\n\t\t<\/div>\n\t\t\t\t\t<\/div>\n\t\t<\/section>\n\t\t\t\t<section class=\"elementor-section elementor-top-section elementor-element elementor-element-235f3cd elementor-section-boxed elementor-section-height-default elementor-section-height-default\" data-id=\"235f3cd\" data-element_type=\"section\" data-e-type=\"section\">\n\t\t\t\t\t\t<div class=\"elementor-container elementor-column-gap-default\">\n\t\t\t\t\t<div class=\"elementor-column elementor-col-33 elementor-top-column elementor-element elementor-element-2113816\" data-id=\"2113816\" data-element_type=\"column\" data-e-type=\"column\">\n\t\t\t<div class=\"elementor-widget-wrap elementor-element-populated\">\n\t\t\t\t\t\t<div class=\"elementor-element elementor-element-9734126 elementor-widget elementor-widget-heading\" data-id=\"9734126\" data-element_type=\"widget\" data-e-type=\"widget\" data-widget_type=\"heading.default\">\n\t\t\t\t<div class=\"elementor-widget-container\">\n\t\t\t\t\t<h1 class=\"elementor-heading-title elementor-size-default\">Distribuidor<\/p>Exclusivo\n<\/h1>\t\t\t\t<\/div>\n\t\t\t\t<\/div>\n\t\t\t\t\t<\/div>\n\t\t<\/div>\n\t\t\t\t<div class=\"elementor-column elementor-col-66 elementor-top-column elementor-element elementor-element-bb7c72e\" data-id=\"bb7c72e\" data-element_type=\"column\" data-e-type=\"column\">\n\t\t\t<div class=\"elementor-widget-wrap elementor-element-populated\">\n\t\t\t\t\t\t<section class=\"elementor-section elementor-inner-section elementor-element elementor-element-de71a2d elementor-section-boxed elementor-section-height-default elementor-section-height-default\" data-id=\"de71a2d\" data-element_type=\"section\" data-e-type=\"section\">\n\t\t\t\t\t\t<div class=\"elementor-container elementor-column-gap-default\">\n\t\t\t\t\t<div class=\"elementor-column elementor-col-33 elementor-inner-column elementor-element elementor-element-b52ceab\" data-id=\"b52ceab\" data-element_type=\"column\" data-e-type=\"column\">\n\t\t\t<div class=\"elementor-widget-wrap elementor-element-populated\">\n\t\t\t\t\t\t<div class=\"elementor-element elementor-element-65889cb elementor-widget elementor-widget-image\" data-id=\"65889cb\" data-element_type=\"widget\" data-e-type=\"widget\" data-widget_type=\"image.default\">\n\t\t\t\t<div class=\"elementor-widget-container\">\n\t\t\t\t\t\t\t\t\t\t\t\t\t\t\t<img fetchpriority=\"high\" decoding=\"async\" width=\"600\" height=\"400\" src=\"https:\/\/end.pt\/pt\/wp-content\/uploads\/2020\/08\/cgm_end.png\" class=\"attachment-large size-large wp-image-4515\" alt=\"\" srcset=\"https:\/\/end.pt\/pt\/wp-content\/uploads\/2020\/08\/cgm_end.png 600w, https:\/\/end.pt\/pt\/wp-content\/uploads\/2020\/08\/cgm_end-250x167.png 250w, https:\/\/end.pt\/pt\/wp-content\/uploads\/2020\/08\/cgm_end-350x233.png 350w, https:\/\/end.pt\/pt\/wp-content\/uploads\/2020\/08\/cgm_end-300x200.png 300w\" sizes=\"(max-width: 600px) 100vw, 600px\" \/>\t\t\t\t\t\t\t\t\t\t\t\t\t\t\t<\/div>\n\t\t\t\t<\/div>\n\t\t\t\t\t<\/div>\n\t\t<\/div>\n\t\t\t\t<div class=\"elementor-column elementor-col-33 elementor-inner-column elementor-element elementor-element-8b2670d\" data-id=\"8b2670d\" data-element_type=\"column\" data-e-type=\"column\">\n\t\t\t<div class=\"elementor-widget-wrap elementor-element-populated\">\n\t\t\t\t\t\t<div class=\"elementor-element elementor-element-bb9ecb8 elementor-widget elementor-widget-image\" data-id=\"bb9ecb8\" data-element_type=\"widget\" data-e-type=\"widget\" data-widget_type=\"image.default\">\n\t\t\t\t<div class=\"elementor-widget-container\">\n\t\t\t\t\t\t\t\t\t\t\t\t\t\t\t<img decoding=\"async\" width=\"600\" height=\"400\" src=\"https:\/\/end.pt\/pt\/wp-content\/uploads\/2020\/08\/spectronics-end.png\" class=\"attachment-large size-large wp-image-4531\" alt=\"\" srcset=\"https:\/\/end.pt\/pt\/wp-content\/uploads\/2020\/08\/spectronics-end.png 600w, https:\/\/end.pt\/pt\/wp-content\/uploads\/2020\/08\/spectronics-end-250x167.png 250w, https:\/\/end.pt\/pt\/wp-content\/uploads\/2020\/08\/spectronics-end-350x233.png 350w, https:\/\/end.pt\/pt\/wp-content\/uploads\/2020\/08\/spectronics-end-300x200.png 300w\" sizes=\"(max-width: 600px) 100vw, 600px\" \/>\t\t\t\t\t\t\t\t\t\t\t\t\t\t\t<\/div>\n\t\t\t\t<\/div>\n\t\t\t\t\t<\/div>\n\t\t<\/div>\n\t\t\t\t<div class=\"elementor-column elementor-col-33 elementor-inner-column elementor-element elementor-element-c470ea7\" data-id=\"c470ea7\" data-element_type=\"column\" data-e-type=\"column\">\n\t\t\t<div class=\"elementor-widget-wrap elementor-element-populated\">\n\t\t\t\t\t\t<div class=\"elementor-element elementor-element-4ae1329 elementor-widget elementor-widget-image\" data-id=\"4ae1329\" data-element_type=\"widget\" data-e-type=\"widget\" data-widget_type=\"image.default\">\n\t\t\t\t<div class=\"elementor-widget-container\">\n\t\t\t\t\t\t\t\t\t\t\t\t\t\t\t<img decoding=\"async\" width=\"600\" height=\"400\" src=\"https:\/\/end.pt\/pt\/wp-content\/uploads\/2020\/08\/parker_end.png\" class=\"attachment-large size-large wp-image-4526\" alt=\"\" srcset=\"https:\/\/end.pt\/pt\/wp-content\/uploads\/2020\/08\/parker_end.png 600w, https:\/\/end.pt\/pt\/wp-content\/uploads\/2020\/08\/parker_end-250x167.png 250w, https:\/\/end.pt\/pt\/wp-content\/uploads\/2020\/08\/parker_end-350x233.png 350w, https:\/\/end.pt\/pt\/wp-content\/uploads\/2020\/08\/parker_end-300x200.png 300w\" sizes=\"(max-width: 600px) 100vw, 600px\" \/>\t\t\t\t\t\t\t\t\t\t\t\t\t\t\t<\/div>\n\t\t\t\t<\/div>\n\t\t\t\t\t<\/div>\n\t\t<\/div>\n\t\t\t\t\t<\/div>\n\t\t<\/section>\n\t\t\t\t\t<\/div>\n\t\t<\/div>\n\t\t\t\t\t<\/div>\n\t\t<\/section>\n\t\t\t\t<section class=\"elementor-section elementor-top-section elementor-element elementor-element-fd69796 elementor-section-boxed elementor-section-height-default elementor-section-height-default\" data-id=\"fd69796\" data-element_type=\"section\" data-e-type=\"section\">\n\t\t\t\t\t\t<div class=\"elementor-container elementor-column-gap-no\">\n\t\t\t\t\t<div class=\"elementor-column elementor-col-25 elementor-top-column elementor-element elementor-element-e8d0b08\" data-id=\"e8d0b08\" data-element_type=\"column\" data-e-type=\"column\">\n\t\t\t<div class=\"elementor-widget-wrap elementor-element-populated\">\n\t\t\t\t\t\t<div class=\"elementor-element elementor-element-846c2a7 elementor-widget elementor-widget-image\" data-id=\"846c2a7\" data-element_type=\"widget\" data-e-type=\"widget\" data-widget_type=\"image.default\">\n\t\t\t\t<div class=\"elementor-widget-container\">\n\t\t\t\t\t\t\t\t\t\t\t\t\t\t\t\t<a href=\"https:\/\/end.pt\/pt\/product\/consumiveis-para-ensaios-por-particulas-magneticas\/\">\n\t\t\t\t\t\t\t<img loading=\"lazy\" decoding=\"async\" width=\"765\" height=\"605\" src=\"https:\/\/end.pt\/pt\/wp-content\/uploads\/2020\/11\/Liquidos-CGM-MP.jpg\" class=\"attachment-large size-large wp-image-4622\" alt=\"\" srcset=\"https:\/\/end.pt\/pt\/wp-content\/uploads\/2020\/11\/Liquidos-CGM-MP.jpg 765w, https:\/\/end.pt\/pt\/wp-content\/uploads\/2020\/11\/Liquidos-CGM-MP-300x237.jpg 300w, https:\/\/end.pt\/pt\/wp-content\/uploads\/2020\/11\/Liquidos-CGM-MP-250x198.jpg 250w, https:\/\/end.pt\/pt\/wp-content\/uploads\/2020\/11\/Liquidos-CGM-MP-350x277.jpg 350w\" sizes=\"(max-width: 765px) 100vw, 765px\" \/>\t\t\t\t\t\t\t\t<\/a>\n\t\t\t\t\t\t\t\t\t\t\t\t\t\t\t<\/div>\n\t\t\t\t<\/div>\n\t\t\t\t<div class=\"elementor-element elementor-element-5ede113 elementor-widget elementor-widget-heading\" data-id=\"5ede113\" data-element_type=\"widget\" data-e-type=\"widget\" data-widget_type=\"heading.default\">\n\t\t\t\t<div class=\"elementor-widget-container\">\n\t\t\t\t\t<h6 class=\"elementor-heading-title elementor-size-default\">L\u00cdQUIDOS\/P\u00d3S MAGN\u00c9TICOS CIGIEMME\n<\/h6>\t\t\t\t<\/div>\n\t\t\t\t<\/div>\n\t\t\t\t\t<\/div>\n\t\t<\/div>\n\t\t\t\t<div class=\"elementor-column elementor-col-25 elementor-top-column elementor-element elementor-element-1a3a6f4\" data-id=\"1a3a6f4\" data-element_type=\"column\" data-e-type=\"column\">\n\t\t\t<div class=\"elementor-widget-wrap elementor-element-populated\">\n\t\t\t\t\t\t<div class=\"elementor-element elementor-element-314ac4d elementor-widget elementor-widget-image\" data-id=\"314ac4d\" data-element_type=\"widget\" data-e-type=\"widget\" data-widget_type=\"image.default\">\n\t\t\t\t<div class=\"elementor-widget-container\">\n\t\t\t\t\t\t\t\t\t\t\t\t\t\t\t\t<a href=\"https:\/\/end.pt\/pt\/product-category\/particulas-magneticas\/equipamentos-portateis-yokes\/\">\n\t\t\t\t\t\t\t<img loading=\"lazy\" decoding=\"async\" width=\"450\" height=\"450\" src=\"https:\/\/end.pt\/pt\/wp-content\/uploads\/2018\/03\/b300_450.png\" class=\"attachment-large size-large wp-image-2113\" alt=\"\" srcset=\"https:\/\/end.pt\/pt\/wp-content\/uploads\/2018\/03\/b300_450.png 450w, https:\/\/end.pt\/pt\/wp-content\/uploads\/2018\/03\/b300_450-250x250.png 250w, https:\/\/end.pt\/pt\/wp-content\/uploads\/2018\/03\/b300_450-100x100.png 100w, https:\/\/end.pt\/pt\/wp-content\/uploads\/2018\/03\/b300_450-350x350.png 350w, https:\/\/end.pt\/pt\/wp-content\/uploads\/2018\/03\/b300_450-150x150.png 150w, https:\/\/end.pt\/pt\/wp-content\/uploads\/2018\/03\/b300_450-300x300.png 300w\" sizes=\"(max-width: 450px) 100vw, 450px\" \/>\t\t\t\t\t\t\t\t<\/a>\n\t\t\t\t\t\t\t\t\t\t\t\t\t\t\t<\/div>\n\t\t\t\t<\/div>\n\t\t\t\t<div class=\"elementor-element elementor-element-f5a929c elementor-widget elementor-widget-heading\" data-id=\"f5a929c\" data-element_type=\"widget\" data-e-type=\"widget\" data-widget_type=\"heading.default\">\n\t\t\t\t<div class=\"elementor-widget-container\">\n\t\t\t\t\t<h4 class=\"elementor-heading-title elementor-size-default\">EQUIPAMENTOS PORT\u00c1TEIS YOKE \/ IMAN PERMANENTE\n<\/h4>\t\t\t\t<\/div>\n\t\t\t\t<\/div>\n\t\t\t\t\t<\/div>\n\t\t<\/div>\n\t\t\t\t<div class=\"elementor-column elementor-col-25 elementor-top-column elementor-element elementor-element-35ed6b7\" data-id=\"35ed6b7\" data-element_type=\"column\" data-e-type=\"column\">\n\t\t\t<div class=\"elementor-widget-wrap elementor-element-populated\">\n\t\t\t\t\t\t<div class=\"elementor-element elementor-element-dd47c8d elementor-widget elementor-widget-image\" data-id=\"dd47c8d\" data-element_type=\"widget\" data-e-type=\"widget\" data-widget_type=\"image.default\">\n\t\t\t\t<div class=\"elementor-widget-container\">\n\t\t\t\t\t\t\t\t\t\t\t\t\t\t\t\t<a href=\"https:\/\/end.pt\/pt\/product-category\/particulas-magneticas\/sistemas-fixos-transportaveis\/\">\n\t\t\t\t\t\t\t<img loading=\"lazy\" decoding=\"async\" width=\"765\" height=\"574\" src=\"https:\/\/end.pt\/pt\/wp-content\/uploads\/2020\/08\/Bancadas-fixas-1.jpg\" class=\"attachment-large size-large wp-image-4160\" alt=\"\" srcset=\"https:\/\/end.pt\/pt\/wp-content\/uploads\/2020\/08\/Bancadas-fixas-1.jpg 765w, https:\/\/end.pt\/pt\/wp-content\/uploads\/2020\/08\/Bancadas-fixas-1-250x188.jpg 250w, https:\/\/end.pt\/pt\/wp-content\/uploads\/2020\/08\/Bancadas-fixas-1-350x263.jpg 350w, https:\/\/end.pt\/pt\/wp-content\/uploads\/2020\/08\/Bancadas-fixas-1-300x225.jpg 300w\" sizes=\"(max-width: 765px) 100vw, 765px\" \/>\t\t\t\t\t\t\t\t<\/a>\n\t\t\t\t\t\t\t\t\t\t\t\t\t\t\t<\/div>\n\t\t\t\t<\/div>\n\t\t\t\t<div class=\"elementor-element elementor-element-eec5c13 elementor-widget elementor-widget-heading\" data-id=\"eec5c13\" data-element_type=\"widget\" data-e-type=\"widget\" data-widget_type=\"heading.default\">\n\t\t\t\t<div class=\"elementor-widget-container\">\n\t\t\t\t\t<h4 class=\"elementor-heading-title elementor-size-default\">SISTEMAS FIXOS DE INSPEC\u00c7\u00c3O CIGIEMME\n<\/h4>\t\t\t\t<\/div>\n\t\t\t\t<\/div>\n\t\t\t\t\t<\/div>\n\t\t<\/div>\n\t\t\t\t<div class=\"elementor-column elementor-col-25 elementor-top-column elementor-element elementor-element-86ca184\" data-id=\"86ca184\" data-element_type=\"column\" data-e-type=\"column\">\n\t\t\t<div class=\"elementor-widget-wrap elementor-element-populated\">\n\t\t\t\t\t\t<div class=\"elementor-element elementor-element-e8713f1 elementor-widget elementor-widget-image\" data-id=\"e8713f1\" data-element_type=\"widget\" data-e-type=\"widget\" data-widget_type=\"image.default\">\n\t\t\t\t<div class=\"elementor-widget-container\">\n\t\t\t\t\t\t\t\t\t\t\t\t\t\t\t\t<a href=\"https:\/\/end.pt\/pt\/product-category\/particulas-magneticas\/acessorios-pm\/\">\n\t\t\t\t\t\t\t<img loading=\"lazy\" decoding=\"async\" width=\"450\" height=\"450\" src=\"https:\/\/end.pt\/pt\/wp-content\/uploads\/2020\/11\/div_acess.jpg\" class=\"attachment-large size-large wp-image-4623\" alt=\"\" srcset=\"https:\/\/end.pt\/pt\/wp-content\/uploads\/2020\/11\/div_acess.jpg 450w, https:\/\/end.pt\/pt\/wp-content\/uploads\/2020\/11\/div_acess-300x300.jpg 300w, https:\/\/end.pt\/pt\/wp-content\/uploads\/2020\/11\/div_acess-150x150.jpg 150w, https:\/\/end.pt\/pt\/wp-content\/uploads\/2020\/11\/div_acess-250x250.jpg 250w, https:\/\/end.pt\/pt\/wp-content\/uploads\/2020\/11\/div_acess-350x350.jpg 350w, https:\/\/end.pt\/pt\/wp-content\/uploads\/2020\/11\/div_acess-100x100.jpg 100w\" sizes=\"(max-width: 450px) 100vw, 450px\" \/>\t\t\t\t\t\t\t\t<\/a>\n\t\t\t\t\t\t\t\t\t\t\t\t\t\t\t<\/div>\n\t\t\t\t<\/div>\n\t\t\t\t<div class=\"elementor-element elementor-element-40733a1 elementor-widget elementor-widget-heading\" data-id=\"40733a1\" data-element_type=\"widget\" data-e-type=\"widget\" data-widget_type=\"heading.default\">\n\t\t\t\t<div class=\"elementor-widget-container\">\n\t\t\t\t\t<h4 class=\"elementor-heading-title elementor-size-default\">ACESS\u00d3RIOS\/PADR\u00d5ES PARA MAGNETOSCOPIA  \n<\/h4>\t\t\t\t<\/div>\n\t\t\t\t<\/div>\n\t\t\t\t\t<\/div>\n\t\t<\/div>\n\t\t\t\t\t<\/div>\n\t\t<\/section>\n\t\t\t\t<\/div>\n\t\t","protected":false},"excerpt":{"rendered":"<p>Distribuidor Exclusivo L\u00cdQUIDOS\/P\u00d3S MAGN\u00c9TICOS CIGIEMME EQUIPAMENTOS PORT\u00c1TEIS YOKE \/ IMAN PERMANENTE SISTEMAS FIXOS DE INSPEC\u00c7\u00c3O CIGIEMME ACESS\u00d3RIOS\/PADR\u00d5ES PARA MAGNETOSCOPIA<\/p>\n","protected":false},"author":2,"featured_media":0,"parent":0,"menu_order":0,"comment_status":"closed","ping_status":"closed","template":"elementor_header_footer","meta":{"footnotes":""},"class_list":["post-4620","page","type-page","status-publish","hentry"],"_links":{"self":[{"href":"https:\/\/end.pt\/pt\/wp-json\/wp\/v2\/pages\/4620","targetHints":{"allow":["GET"]}}],"collection":[{"href":"https:\/\/end.pt\/pt\/wp-json\/wp\/v2\/pages"}],"about":[{"href":"https:\/\/end.pt\/pt\/wp-json\/wp\/v2\/types\/page"}],"author":[{"embeddable":true,"href":"https:\/\/end.pt\/pt\/wp-json\/wp\/v2\/users\/2"}],"replies":[{"embeddable":true,"href":"https:\/\/end.pt\/pt\/wp-json\/wp\/v2\/comments?post=4620"}],"version-history":[{"count":4,"href":"https:\/\/end.pt\/pt\/wp-json\/wp\/v2\/pages\/4620\/revisions"}],"predecessor-version":[{"id":4626,"href":"https:\/\/end.pt\/pt\/wp-json\/wp\/v2\/pages\/4620\/revisions\/4626"}],"wp:attachment":[{"href":"https:\/\/end.pt\/pt\/wp-json\/wp\/v2\/media?parent=4620"}],"curies":[{"name":"wp","href":"https:\/\/api.w.org\/{rel}","templated":true}]}}