{"id":4908,"date":"2020-11-29T18:23:33","date_gmt":"2020-11-29T18:23:33","guid":{"rendered":"https:\/\/end.pt\/pt\/?page_id=4908"},"modified":"2020-11-29T18:27:54","modified_gmt":"2020-11-29T18:27:54","slug":"radiografia-industrial-gamagrafia","status":"publish","type":"page","link":"https:\/\/end.pt\/pt\/radiografia-industrial-gamagrafia\/","title":{"rendered":"Radiografia Industrial &#8211; Gamagrafia"},"content":{"rendered":"\t\t<div data-elementor-type=\"wp-page\" data-elementor-id=\"4908\" class=\"elementor elementor-4908\" data-elementor-post-type=\"page\">\n\t\t\t\t\t\t<section class=\"elementor-section elementor-top-section elementor-element elementor-element-5c7c35c9 elementor-section-height-min-height elementor-section-content-middle elementor-section-boxed elementor-section-height-default elementor-section-items-middle\" data-id=\"5c7c35c9\" data-element_type=\"section\" data-e-type=\"section\" data-settings=\"{&quot;background_background&quot;:&quot;classic&quot;}\">\n\t\t\t\t\t\t<div class=\"elementor-container elementor-column-gap-no\">\n\t\t\t\t\t<div class=\"elementor-column elementor-col-100 elementor-top-column elementor-element elementor-element-53ffb328\" data-id=\"53ffb328\" data-element_type=\"column\" data-e-type=\"column\">\n\t\t\t<div class=\"elementor-widget-wrap elementor-element-populated\">\n\t\t\t\t\t\t<div class=\"elementor-element elementor-element-50f038d0 elementor-widget elementor-widget-heading\" data-id=\"50f038d0\" data-element_type=\"widget\" data-e-type=\"widget\" data-widget_type=\"heading.default\">\n\t\t\t\t<div class=\"elementor-widget-container\">\n\t\t\t\t\t<h1 class=\"elementor-heading-title elementor-size-default\">Radiografia Industrial &#8211; Gamagrafia<\/h1>\t\t\t\t<\/div>\n\t\t\t\t<\/div>\n\t\t\t\t\t<\/div>\n\t\t<\/div>\n\t\t\t\t\t<\/div>\n\t\t<\/section>\n\t\t\t\t<section class=\"elementor-section elementor-top-section elementor-element elementor-element-44506cee elementor-section-boxed elementor-section-height-default elementor-section-height-default\" data-id=\"44506cee\" data-element_type=\"section\" data-e-type=\"section\">\n\t\t\t\t\t\t<div class=\"elementor-container elementor-column-gap-default\">\n\t\t\t\t\t<div class=\"elementor-column elementor-col-33 elementor-top-column elementor-element elementor-element-57aa400e\" data-id=\"57aa400e\" data-element_type=\"column\" data-e-type=\"column\">\n\t\t\t<div class=\"elementor-widget-wrap elementor-element-populated\">\n\t\t\t\t\t\t<div class=\"elementor-element elementor-element-35ce29b1 elementor-widget elementor-widget-heading\" data-id=\"35ce29b1\" data-element_type=\"widget\" data-e-type=\"widget\" data-widget_type=\"heading.default\">\n\t\t\t\t<div class=\"elementor-widget-container\">\n\t\t\t\t\t<h1 class=\"elementor-heading-title elementor-size-default\">Distribuidor<\/p>Exclusivo\n<\/h1>\t\t\t\t<\/div>\n\t\t\t\t<\/div>\n\t\t\t\t\t<\/div>\n\t\t<\/div>\n\t\t\t\t<div class=\"elementor-column elementor-col-66 elementor-top-column elementor-element elementor-element-4fef5b88\" data-id=\"4fef5b88\" data-element_type=\"column\" data-e-type=\"column\">\n\t\t\t<div class=\"elementor-widget-wrap elementor-element-populated\">\n\t\t\t\t\t\t<section class=\"elementor-section elementor-inner-section elementor-element elementor-element-26514bb5 elementor-section-boxed elementor-section-height-default elementor-section-height-default\" data-id=\"26514bb5\" data-element_type=\"section\" data-e-type=\"section\">\n\t\t\t\t\t\t<div class=\"elementor-container elementor-column-gap-default\">\n\t\t\t\t\t<div class=\"elementor-column elementor-col-50 elementor-inner-column elementor-element elementor-element-297bc552\" data-id=\"297bc552\" data-element_type=\"column\" data-e-type=\"column\">\n\t\t\t<div class=\"elementor-widget-wrap elementor-element-populated\">\n\t\t\t\t\t\t<div class=\"elementor-element elementor-element-51c2a485 elementor-widget elementor-widget-image\" data-id=\"51c2a485\" data-element_type=\"widget\" data-e-type=\"widget\" data-widget_type=\"image.default\">\n\t\t\t\t<div class=\"elementor-widget-container\">\n\t\t\t\t\t\t\t\t\t\t\t\t\t\t\t<img fetchpriority=\"high\" decoding=\"async\" width=\"600\" height=\"400\" src=\"https:\/\/end.pt\/pt\/wp-content\/uploads\/2020\/08\/qsa-end.png\" class=\"attachment-large size-large wp-image-4529\" alt=\"\" srcset=\"https:\/\/end.pt\/pt\/wp-content\/uploads\/2020\/08\/qsa-end.png 600w, https:\/\/end.pt\/pt\/wp-content\/uploads\/2020\/08\/qsa-end-250x167.png 250w, https:\/\/end.pt\/pt\/wp-content\/uploads\/2020\/08\/qsa-end-350x233.png 350w, https:\/\/end.pt\/pt\/wp-content\/uploads\/2020\/08\/qsa-end-300x200.png 300w\" sizes=\"(max-width: 600px) 100vw, 600px\" \/>\t\t\t\t\t\t\t\t\t\t\t\t\t\t\t<\/div>\n\t\t\t\t<\/div>\n\t\t\t\t\t<\/div>\n\t\t<\/div>\n\t\t\t\t<div class=\"elementor-column elementor-col-50 elementor-inner-column elementor-element elementor-element-3a9f07b7\" data-id=\"3a9f07b7\" data-element_type=\"column\" data-e-type=\"column\">\n\t\t\t<div class=\"elementor-widget-wrap elementor-element-populated\">\n\t\t\t\t\t\t<div class=\"elementor-element elementor-element-560ffd10 elementor-widget elementor-widget-image\" data-id=\"560ffd10\" data-element_type=\"widget\" data-e-type=\"widget\" data-widget_type=\"image.default\">\n\t\t\t\t<div class=\"elementor-widget-container\">\n\t\t\t\t\t\t\t\t\t\t\t\t\t\t\t<img decoding=\"async\" width=\"600\" height=\"400\" src=\"https:\/\/end.pt\/pt\/wp-content\/uploads\/2020\/08\/CARESTREAM_end.png\" class=\"attachment-large size-large wp-image-4513\" alt=\"\" srcset=\"https:\/\/end.pt\/pt\/wp-content\/uploads\/2020\/08\/CARESTREAM_end.png 600w, https:\/\/end.pt\/pt\/wp-content\/uploads\/2020\/08\/CARESTREAM_end-250x167.png 250w, https:\/\/end.pt\/pt\/wp-content\/uploads\/2020\/08\/CARESTREAM_end-350x233.png 350w, https:\/\/end.pt\/pt\/wp-content\/uploads\/2020\/08\/CARESTREAM_end-300x200.png 300w\" sizes=\"(max-width: 600px) 100vw, 600px\" \/>\t\t\t\t\t\t\t\t\t\t\t\t\t\t\t<\/div>\n\t\t\t\t<\/div>\n\t\t\t\t\t<\/div>\n\t\t<\/div>\n\t\t\t\t\t<\/div>\n\t\t<\/section>\n\t\t\t\t\t<\/div>\n\t\t<\/div>\n\t\t\t\t\t<\/div>\n\t\t<\/section>\n\t\t\t\t<section class=\"elementor-section elementor-top-section elementor-element elementor-element-89da3a0 elementor-section-boxed elementor-section-height-default elementor-section-height-default\" data-id=\"89da3a0\" data-element_type=\"section\" data-e-type=\"section\">\n\t\t\t\t\t\t<div class=\"elementor-container elementor-column-gap-no\">\n\t\t\t\t\t<div class=\"elementor-column elementor-col-25 elementor-top-column elementor-element elementor-element-ced1b9c\" data-id=\"ced1b9c\" data-element_type=\"column\" data-e-type=\"column\">\n\t\t\t<div class=\"elementor-widget-wrap elementor-element-populated\">\n\t\t\t\t\t\t<div class=\"elementor-element elementor-element-5ef777c elementor-widget elementor-widget-image\" data-id=\"5ef777c\" data-element_type=\"widget\" data-e-type=\"widget\" data-widget_type=\"image.default\">\n\t\t\t\t<div class=\"elementor-widget-container\">\n\t\t\t\t\t\t\t\t\t\t\t\t\t\t\t\t<a href=\"https:\/\/end.pt\/pt\/product\/consumiveis-para-ensaios-por-particulas-magneticas\/\">\n\t\t\t\t\t\t\t<img decoding=\"async\" width=\"800\" height=\"640\" src=\"https:\/\/end.pt\/pt\/wp-content\/uploads\/2018\/10\/Projectores-Sentinel-880-8-1024x819.png\" class=\"attachment-large size-large wp-image-4279\" alt=\"\" srcset=\"https:\/\/end.pt\/pt\/wp-content\/uploads\/2018\/10\/Projectores-Sentinel-880-8-1024x819.png 1024w, https:\/\/end.pt\/pt\/wp-content\/uploads\/2018\/10\/Projectores-Sentinel-880-8-250x200.png 250w, https:\/\/end.pt\/pt\/wp-content\/uploads\/2018\/10\/Projectores-Sentinel-880-8-350x280.png 350w, https:\/\/end.pt\/pt\/wp-content\/uploads\/2018\/10\/Projectores-Sentinel-880-8-300x240.png 300w, https:\/\/end.pt\/pt\/wp-content\/uploads\/2018\/10\/Projectores-Sentinel-880-8-768x614.png 768w, https:\/\/end.pt\/pt\/wp-content\/uploads\/2018\/10\/Projectores-Sentinel-880-8-1536x1229.png 1536w, https:\/\/end.pt\/pt\/wp-content\/uploads\/2018\/10\/Projectores-Sentinel-880-8-2048x1638.png 2048w\" sizes=\"(max-width: 800px) 100vw, 800px\" \/>\t\t\t\t\t\t\t\t<\/a>\n\t\t\t\t\t\t\t\t\t\t\t\t\t\t\t<\/div>\n\t\t\t\t<\/div>\n\t\t\t\t<div class=\"elementor-element elementor-element-680b9ef elementor-widget elementor-widget-heading\" data-id=\"680b9ef\" data-element_type=\"widget\" data-e-type=\"widget\" data-widget_type=\"heading.default\">\n\t\t\t\t<div class=\"elementor-widget-container\">\n\t\t\t\t\t<h6 class=\"elementor-heading-title elementor-size-default\">PROJECTORES DE GAMAGRAFIA SENTINEL\n<\/h6>\t\t\t\t<\/div>\n\t\t\t\t<\/div>\n\t\t\t\t<div class=\"elementor-element elementor-element-5669c15 elementor-widget elementor-widget-heading\" data-id=\"5669c15\" data-element_type=\"widget\" data-e-type=\"widget\" data-widget_type=\"heading.default\">\n\t\t\t\t<div class=\"elementor-widget-container\">\n\t\t\t\t\t<h6 class=\"elementor-heading-title elementor-size-default\">QSA GLOBAL\n<\/h6>\t\t\t\t<\/div>\n\t\t\t\t<\/div>\n\t\t\t\t\t<\/div>\n\t\t<\/div>\n\t\t\t\t<div class=\"elementor-column elementor-col-25 elementor-top-column elementor-element elementor-element-d24e82e\" data-id=\"d24e82e\" data-element_type=\"column\" data-e-type=\"column\">\n\t\t\t<div class=\"elementor-widget-wrap elementor-element-populated\">\n\t\t\t\t\t\t<div class=\"elementor-element elementor-element-f36e5a5 elementor-widget elementor-widget-image\" data-id=\"f36e5a5\" data-element_type=\"widget\" data-e-type=\"widget\" data-widget_type=\"image.default\">\n\t\t\t\t<div class=\"elementor-widget-container\">\n\t\t\t\t\t\t\t\t\t\t\t\t\t\t\t\t<a href=\"https:\/\/end.pt\/pt\/product-category\/particulas-magneticas\/equipamentos-portateis-yokes\/\">\n\t\t\t\t\t\t\t<img loading=\"lazy\" decoding=\"async\" width=\"450\" height=\"450\" src=\"https:\/\/end.pt\/pt\/wp-content\/uploads\/2018\/10\/fontes-img1.png\" class=\"attachment-large size-large wp-image-2496\" alt=\"\" srcset=\"https:\/\/end.pt\/pt\/wp-content\/uploads\/2018\/10\/fontes-img1.png 450w, https:\/\/end.pt\/pt\/wp-content\/uploads\/2018\/10\/fontes-img1-250x250.png 250w, https:\/\/end.pt\/pt\/wp-content\/uploads\/2018\/10\/fontes-img1-100x100.png 100w, https:\/\/end.pt\/pt\/wp-content\/uploads\/2018\/10\/fontes-img1-350x350.png 350w, https:\/\/end.pt\/pt\/wp-content\/uploads\/2018\/10\/fontes-img1-150x150.png 150w, https:\/\/end.pt\/pt\/wp-content\/uploads\/2018\/10\/fontes-img1-300x300.png 300w\" sizes=\"(max-width: 450px) 100vw, 450px\" \/>\t\t\t\t\t\t\t\t<\/a>\n\t\t\t\t\t\t\t\t\t\t\t\t\t\t\t<\/div>\n\t\t\t\t<\/div>\n\t\t\t\t<div class=\"elementor-element elementor-element-915bec3 elementor-widget elementor-widget-heading\" data-id=\"915bec3\" data-element_type=\"widget\" data-e-type=\"widget\" data-widget_type=\"heading.default\">\n\t\t\t\t<div class=\"elementor-widget-container\">\n\t\t\t\t\t<h4 class=\"elementor-heading-title elementor-size-default\">FONTES \/ IS\u00d3TOPOS\n<\/h4>\t\t\t\t<\/div>\n\t\t\t\t<\/div>\n\t\t\t\t<div class=\"elementor-element elementor-element-99f4fb5 elementor-widget elementor-widget-heading\" data-id=\"99f4fb5\" data-element_type=\"widget\" data-e-type=\"widget\" data-widget_type=\"heading.default\">\n\t\t\t\t<div class=\"elementor-widget-container\">\n\t\t\t\t\t<h6 class=\"elementor-heading-title elementor-size-default\">QSA GLOBAL\n<\/h6>\t\t\t\t<\/div>\n\t\t\t\t<\/div>\n\t\t\t\t\t<\/div>\n\t\t<\/div>\n\t\t\t\t<div class=\"elementor-column elementor-col-25 elementor-top-column elementor-element elementor-element-54d6c2a\" data-id=\"54d6c2a\" data-element_type=\"column\" data-e-type=\"column\">\n\t\t\t<div class=\"elementor-widget-wrap elementor-element-populated\">\n\t\t\t\t\t\t<div class=\"elementor-element elementor-element-eda55ab elementor-widget elementor-widget-image\" data-id=\"eda55ab\" data-element_type=\"widget\" data-e-type=\"widget\" data-widget_type=\"image.default\">\n\t\t\t\t<div class=\"elementor-widget-container\">\n\t\t\t\t\t\t\t\t\t\t\t\t\t\t\t\t<a href=\"https:\/\/end.pt\/pt\/product-category\/particulas-magneticas\/sistemas-fixos-transportaveis\/\">\n\t\t\t\t\t\t\t<img loading=\"lazy\" decoding=\"async\" width=\"500\" height=\"500\" src=\"https:\/\/end.pt\/pt\/wp-content\/uploads\/2020\/11\/ACESSORIOS.jpg\" class=\"attachment-large size-large wp-image-4910\" alt=\"\" srcset=\"https:\/\/end.pt\/pt\/wp-content\/uploads\/2020\/11\/ACESSORIOS.jpg 500w, https:\/\/end.pt\/pt\/wp-content\/uploads\/2020\/11\/ACESSORIOS-300x300.jpg 300w, https:\/\/end.pt\/pt\/wp-content\/uploads\/2020\/11\/ACESSORIOS-150x150.jpg 150w, https:\/\/end.pt\/pt\/wp-content\/uploads\/2020\/11\/ACESSORIOS-250x250.jpg 250w, https:\/\/end.pt\/pt\/wp-content\/uploads\/2020\/11\/ACESSORIOS-350x350.jpg 350w, https:\/\/end.pt\/pt\/wp-content\/uploads\/2020\/11\/ACESSORIOS-100x100.jpg 100w\" sizes=\"(max-width: 500px) 100vw, 500px\" \/>\t\t\t\t\t\t\t\t<\/a>\n\t\t\t\t\t\t\t\t\t\t\t\t\t\t\t<\/div>\n\t\t\t\t<\/div>\n\t\t\t\t<div class=\"elementor-element elementor-element-c9d7b65 elementor-widget elementor-widget-heading\" data-id=\"c9d7b65\" data-element_type=\"widget\" data-e-type=\"widget\" data-widget_type=\"heading.default\">\n\t\t\t\t<div class=\"elementor-widget-container\">\n\t\t\t\t\t<h4 class=\"elementor-heading-title elementor-size-default\">ACESS\u00d3RIOS GAMAGRAFIA\n<\/h4>\t\t\t\t<\/div>\n\t\t\t\t<\/div>\n\t\t\t\t<div class=\"elementor-element elementor-element-8355e15 elementor-widget elementor-widget-heading\" data-id=\"8355e15\" data-element_type=\"widget\" data-e-type=\"widget\" data-widget_type=\"heading.default\">\n\t\t\t\t<div class=\"elementor-widget-container\">\n\t\t\t\t\t<h6 class=\"elementor-heading-title elementor-size-default\">QSA GLOBAL\n<\/h6>\t\t\t\t<\/div>\n\t\t\t\t<\/div>\n\t\t\t\t\t<\/div>\n\t\t<\/div>\n\t\t\t\t<div class=\"elementor-column elementor-col-25 elementor-top-column elementor-element elementor-element-7e32f23\" data-id=\"7e32f23\" data-element_type=\"column\" data-e-type=\"column\">\n\t\t\t<div class=\"elementor-widget-wrap elementor-element-populated\">\n\t\t\t\t\t\t<div class=\"elementor-element elementor-element-914b155 elementor-widget elementor-widget-image\" data-id=\"914b155\" data-element_type=\"widget\" data-e-type=\"widget\" data-widget_type=\"image.default\">\n\t\t\t\t<div class=\"elementor-widget-container\">\n\t\t\t\t\t\t\t\t\t\t\t\t\t\t\t\t<a href=\"https:\/\/end.pt\/pt\/product-category\/particulas-magneticas\/acessorios-pm\/\">\n\t\t\t\t\t\t\t<img loading=\"lazy\" decoding=\"async\" width=\"217\" height=\"219\" src=\"https:\/\/end.pt\/pt\/wp-content\/uploads\/2020\/11\/pelicula.png\" class=\"attachment-large size-large wp-image-4911\" alt=\"\" srcset=\"https:\/\/end.pt\/pt\/wp-content\/uploads\/2020\/11\/pelicula.png 217w, https:\/\/end.pt\/pt\/wp-content\/uploads\/2020\/11\/pelicula-150x150.png 150w, https:\/\/end.pt\/pt\/wp-content\/uploads\/2020\/11\/pelicula-100x100.png 100w\" sizes=\"(max-width: 217px) 100vw, 217px\" \/>\t\t\t\t\t\t\t\t<\/a>\n\t\t\t\t\t\t\t\t\t\t\t\t\t\t\t<\/div>\n\t\t\t\t<\/div>\n\t\t\t\t<div class=\"elementor-element elementor-element-f6bc7ae elementor-widget elementor-widget-heading\" data-id=\"f6bc7ae\" data-element_type=\"widget\" data-e-type=\"widget\" data-widget_type=\"heading.default\">\n\t\t\t\t<div class=\"elementor-widget-container\">\n\t\t\t\t\t<h4 class=\"elementor-heading-title elementor-size-default\">PEL\u00cdCULA RADIOGR\u00c1FICA  \n<\/h4>\t\t\t\t<\/div>\n\t\t\t\t<\/div>\n\t\t\t\t<div class=\"elementor-element elementor-element-16d7708 elementor-widget elementor-widget-heading\" data-id=\"16d7708\" data-element_type=\"widget\" data-e-type=\"widget\" data-widget_type=\"heading.default\">\n\t\t\t\t<div class=\"elementor-widget-container\">\n\t\t\t\t\t<h6 class=\"elementor-heading-title elementor-size-default\">CARESTREAM\n<\/h6>\t\t\t\t<\/div>\n\t\t\t\t<\/div>\n\t\t\t\t\t<\/div>\n\t\t<\/div>\n\t\t\t\t\t<\/div>\n\t\t<\/section>\n\t\t\t\t<\/div>\n\t\t","protected":false},"excerpt":{"rendered":"<p>Distribuidor Exclusivo PROJECTORES DE GAMAGRAFIA SENTINEL QSA GLOBAL FONTES \/ IS\u00d3TOPOS QSA GLOBAL ACESS\u00d3RIOS GAMAGRAFIA QSA GLOBAL PEL\u00cdCULA RADIOGR\u00c1FICA CARESTREAM<\/p>\n","protected":false},"author":2,"featured_media":0,"parent":0,"menu_order":0,"comment_status":"closed","ping_status":"closed","template":"elementor_header_footer","meta":{"footnotes":""},"class_list":["post-4908","page","type-page","status-publish","hentry"],"_links":{"self":[{"href":"https:\/\/end.pt\/pt\/wp-json\/wp\/v2\/pages\/4908","targetHints":{"allow":["GET"]}}],"collection":[{"href":"https:\/\/end.pt\/pt\/wp-json\/wp\/v2\/pages"}],"about":[{"href":"https:\/\/end.pt\/pt\/wp-json\/wp\/v2\/types\/page"}],"author":[{"embeddable":true,"href":"https:\/\/end.pt\/pt\/wp-json\/wp\/v2\/users\/2"}],"replies":[{"embeddable":true,"href":"https:\/\/end.pt\/pt\/wp-json\/wp\/v2\/comments?post=4908"}],"version-history":[{"count":9,"href":"https:\/\/end.pt\/pt\/wp-json\/wp\/v2\/pages\/4908\/revisions"}],"predecessor-version":[{"id":4919,"href":"https:\/\/end.pt\/pt\/wp-json\/wp\/v2\/pages\/4908\/revisions\/4919"}],"wp:attachment":[{"href":"https:\/\/end.pt\/pt\/wp-json\/wp\/v2\/media?parent=4908"}],"curies":[{"name":"wp","href":"https:\/\/api.w.org\/{rel}","templated":true}]}}