{"id":2098,"date":"2018-03-07T21:18:32","date_gmt":"2018-03-07T21:18:32","guid":{"rendered":"https:\/\/end.pt\/pt\/?post_type=product&#038;p=2098"},"modified":"2021-05-02T22:23:58","modified_gmt":"2021-05-02T22:23:58","slug":"radiometro-medidor-de-luz-negra-e-luz-branca","status":"publish","type":"product","link":"https:\/\/end.pt\/pt\/product\/radiometro-medidor-de-luz-negra-e-luz-branca\/","title":{"rendered":"Radi\u00f3metro (Medidor de luz negra e luz branca) &#8211; Spectroline, modelo AccuMAX XRP-3000"},"content":{"rendered":"<p>Medidor digital da intensidade da luz possuindo um duplo sensor com uma gama de medi\u00e7\u00f5es 0-100 m\/wcm2 e 0 5,300 lux.<\/p>\n<p>Pode ser usado no campo da radiografia industrial, para medi\u00e7\u00e3o do valor da luz nos negatosc\u00f3pios, utilizando o sensor XS-555L que pode medir a intensidade luminosa em cd m2, cd ft2.<\/p>\n","protected":false},"excerpt":{"rendered":"<p>Medidor digital da intensidade da luz possuindo um duplo sensor com uma gama de medi\u00e7\u00f5es 0-100 m\/wcm2 e 0 5,300 lux. Pode ser usado no campo da radiografia industrial, para medi\u00e7\u00e3o do valor da luz nos negatosc\u00f3pios, utilizando o sensor XS-555L que pode medir a intensidade luminosa em cd m2, cd ft2.<\/p>\n","protected":false},"featured_media":2099,"template":"","meta":[],"product_brand":[],"product_cat":[29,30,25,31],"product_tag":[],"class_list":{"0":"post-2098","1":"product","2":"type-product","3":"status-publish","4":"has-post-thumbnail","6":"product_cat-acessorios-usados-em-ensaios-por-liquidos-penetrantes","7":"product_cat-acessorios-pm","8":"product_cat-liquidos-penetrantes","9":"product_cat-particulas-magneticas","11":"first","12":"instock","13":"shipping-taxable","14":"product-type-simple"},"_links":{"self":[{"href":"https:\/\/end.pt\/pt\/wp-json\/wp\/v2\/product\/2098","targetHints":{"allow":["GET"]}}],"collection":[{"href":"https:\/\/end.pt\/pt\/wp-json\/wp\/v2\/product"}],"about":[{"href":"https:\/\/end.pt\/pt\/wp-json\/wp\/v2\/types\/product"}],"version-history":[{"count":3,"href":"https:\/\/end.pt\/pt\/wp-json\/wp\/v2\/product\/2098\/revisions"}],"predecessor-version":[{"id":5318,"href":"https:\/\/end.pt\/pt\/wp-json\/wp\/v2\/product\/2098\/revisions\/5318"}],"wp:featuredmedia":[{"embeddable":true,"href":"https:\/\/end.pt\/pt\/wp-json\/wp\/v2\/media\/2099"}],"wp:attachment":[{"href":"https:\/\/end.pt\/pt\/wp-json\/wp\/v2\/media?parent=2098"}],"wp:term":[{"taxonomy":"product_brand","embeddable":true,"href":"https:\/\/end.pt\/pt\/wp-json\/wp\/v2\/product_brand?post=2098"},{"taxonomy":"product_cat","embeddable":true,"href":"https:\/\/end.pt\/pt\/wp-json\/wp\/v2\/product_cat?post=2098"},{"taxonomy":"product_tag","embeddable":true,"href":"https:\/\/end.pt\/pt\/wp-json\/wp\/v2\/product_tag?post=2098"}],"curies":[{"name":"wp","href":"https:\/\/api.w.org\/{rel}","templated":true}]}}