{"id":2272,"date":"2018-06-13T15:02:08","date_gmt":"2018-06-13T15:02:08","guid":{"rendered":"https:\/\/end.pt\/pt\/?post_type=product&#038;p=2272"},"modified":"2021-05-02T21:55:27","modified_gmt":"2021-05-02T21:55:27","slug":"videoscopio-pearpoint-flexiprobe-340","status":"publish","type":"product","link":"https:\/\/end.pt\/pt\/product\/videoscopio-pearpoint-flexiprobe-340\/","title":{"rendered":"Videosc\u00f3pio Pearpoint Flexiprobe 340"},"content":{"rendered":"<p>O sistema de inspec\u00e7\u00e3o Pearpoint 340 \u00e9 utilizado para inspec\u00e7\u00e3o de tubagens, com uma vasta gama de funcionalidades e op\u00e7\u00f5es.<\/p>\n<h4><span style=\"color: #0000ff;\">Funcionalidades principais:<\/span><\/h4>\n<ul>\n<li>Bateria de alta capacidade de Li-Io<\/li>\n<li>Grava\u00e7\u00e3o com um toque para cart\u00f5es Flash e pens USB<\/li>\n<li>Qualidade de imagem excepcional<\/li>\n<li>Sistema de inspec\u00e7\u00e3o super flex\u00edvel para tubagens industriais ou residenciais<\/li>\n<li>V\u00eddeo de alta qualidade com rota\u00e7\u00e3o digital e zoom<\/li>\n<li>Relat\u00f3rios de inspec\u00e7\u00e3o preparados no local com software integrado<\/li>\n<li>Robusto, port\u00e1til e weatherproof<\/li>\n<\/ul>\n","protected":false},"excerpt":{"rendered":"<p>O sistema de inspec\u00e7\u00e3o Pearpoint 340 \u00e9 utilizado para inspec\u00e7\u00e3o de tubagens, com uma vasta gama de funcionalidades e op\u00e7\u00f5es. Funcionalidades principais: Bateria de alta capacidade de Li-Io Grava\u00e7\u00e3o com um toque para cart\u00f5es Flash e pens USB Qualidade de imagem excepcional Sistema de inspec\u00e7\u00e3o super flex\u00edvel para tubagens industriais ou residenciais V\u00eddeo de alta [&hellip;]<\/p>\n","protected":false},"featured_media":2273,"template":"","meta":[],"product_brand":[],"product_cat":[23,20],"product_tag":[],"class_list":{"0":"post-2272","1":"product","2":"type-product","3":"status-publish","4":"has-post-thumbnail","6":"product_cat-endoscopios-videoscopios","7":"product_cat-ensaios-visuais","9":"first","10":"instock","11":"shipping-taxable","12":"product-type-simple"},"_links":{"self":[{"href":"https:\/\/end.pt\/pt\/wp-json\/wp\/v2\/product\/2272","targetHints":{"allow":["GET"]}}],"collection":[{"href":"https:\/\/end.pt\/pt\/wp-json\/wp\/v2\/product"}],"about":[{"href":"https:\/\/end.pt\/pt\/wp-json\/wp\/v2\/types\/product"}],"version-history":[{"count":1,"href":"https:\/\/end.pt\/pt\/wp-json\/wp\/v2\/product\/2272\/revisions"}],"predecessor-version":[{"id":5270,"href":"https:\/\/end.pt\/pt\/wp-json\/wp\/v2\/product\/2272\/revisions\/5270"}],"wp:featuredmedia":[{"embeddable":true,"href":"https:\/\/end.pt\/pt\/wp-json\/wp\/v2\/media\/2273"}],"wp:attachment":[{"href":"https:\/\/end.pt\/pt\/wp-json\/wp\/v2\/media?parent=2272"}],"wp:term":[{"taxonomy":"product_brand","embeddable":true,"href":"https:\/\/end.pt\/pt\/wp-json\/wp\/v2\/product_brand?post=2272"},{"taxonomy":"product_cat","embeddable":true,"href":"https:\/\/end.pt\/pt\/wp-json\/wp\/v2\/product_cat?post=2272"},{"taxonomy":"product_tag","embeddable":true,"href":"https:\/\/end.pt\/pt\/wp-json\/wp\/v2\/product_tag?post=2272"}],"curies":[{"name":"wp","href":"https:\/\/api.w.org\/{rel}","templated":true}]}}