{"id":2337,"date":"2018-06-29T21:08:27","date_gmt":"2018-06-29T21:08:27","guid":{"rendered":"https:\/\/end.pt\/pt\/?post_type=product&#038;p=2337"},"modified":"2021-05-02T21:46:01","modified_gmt":"2021-05-02T21:46:01","slug":"radiometro-medidor-de-luz-negra-e-luz-branca-2","status":"publish","type":"product","link":"https:\/\/end.pt\/pt\/product\/radiometro-medidor-de-luz-negra-e-luz-branca-2\/","title":{"rendered":"Radi\u00f3metro (Medidor de luz negra e luz branca) &#8211; Spectroline, modelo AccuPRO XP-2000 e XP-4000"},"content":{"rendered":"<p>Medidor digital da intensidade de luz com um sensor de comprimento de onda duplo avan\u00e7ado ,controlado por microprocessador, calibrado para medir com precis\u00e3o luz UV e luz branca. A vers\u00e3o Plus (XP-4000) disp\u00f5e de um sensor triplo para medir luz UV, branca e azul.<br \/>\nMedidor compacto, leve, e extremamente avan\u00e7ado, especialmente indicado para aplica\u00e7\u00f5es em ensaios n\u00e3o destrutivos.<\/p>\n","protected":false},"excerpt":{"rendered":"<p>Medidor digital da intensidade de luz com um sensor de comprimento de onda duplo avan\u00e7ado ,controlado por microprocessador, calibrado para medir com precis\u00e3o luz UV e luz branca. A vers\u00e3o Plus (XP-4000) disp\u00f5e de um sensor triplo para medir luz UV, branca e azul. Medidor compacto, leve, e extremamente avan\u00e7ado, especialmente indicado para aplica\u00e7\u00f5es em [&hellip;]<\/p>\n","protected":false},"featured_media":2338,"template":"","meta":[],"product_brand":[],"product_cat":[29,30,25,31],"product_tag":[],"class_list":{"0":"post-2337","1":"product","2":"type-product","3":"status-publish","4":"has-post-thumbnail","6":"product_cat-acessorios-usados-em-ensaios-por-liquidos-penetrantes","7":"product_cat-acessorios-pm","8":"product_cat-liquidos-penetrantes","9":"product_cat-particulas-magneticas","11":"first","12":"instock","13":"shipping-taxable","14":"product-type-simple"},"_links":{"self":[{"href":"https:\/\/end.pt\/pt\/wp-json\/wp\/v2\/product\/2337","targetHints":{"allow":["GET"]}}],"collection":[{"href":"https:\/\/end.pt\/pt\/wp-json\/wp\/v2\/product"}],"about":[{"href":"https:\/\/end.pt\/pt\/wp-json\/wp\/v2\/types\/product"}],"version-history":[{"count":2,"href":"https:\/\/end.pt\/pt\/wp-json\/wp\/v2\/product\/2337\/revisions"}],"predecessor-version":[{"id":5251,"href":"https:\/\/end.pt\/pt\/wp-json\/wp\/v2\/product\/2337\/revisions\/5251"}],"wp:featuredmedia":[{"embeddable":true,"href":"https:\/\/end.pt\/pt\/wp-json\/wp\/v2\/media\/2338"}],"wp:attachment":[{"href":"https:\/\/end.pt\/pt\/wp-json\/wp\/v2\/media?parent=2337"}],"wp:term":[{"taxonomy":"product_brand","embeddable":true,"href":"https:\/\/end.pt\/pt\/wp-json\/wp\/v2\/product_brand?post=2337"},{"taxonomy":"product_cat","embeddable":true,"href":"https:\/\/end.pt\/pt\/wp-json\/wp\/v2\/product_cat?post=2337"},{"taxonomy":"product_tag","embeddable":true,"href":"https:\/\/end.pt\/pt\/wp-json\/wp\/v2\/product_tag?post=2337"}],"curies":[{"name":"wp","href":"https:\/\/api.w.org\/{rel}","templated":true}]}}