{"id":2353,"date":"2018-06-29T21:54:03","date_gmt":"2018-06-29T21:54:03","guid":{"rendered":"https:\/\/end.pt\/pt\/?post_type=product&#038;p=2353"},"modified":"2021-05-02T21:39:38","modified_gmt":"2021-05-02T21:39:38","slug":"projector-de-luz-negra-led-2","status":"publish","type":"product","link":"https:\/\/end.pt\/pt\/product\/projector-de-luz-negra-led-2\/","title":{"rendered":"Projector de luz negra LED (Spectroline, modelo TRITAN 365)"},"content":{"rendered":"<p style=\"text-align: center;\"><span style=\"color: #000080;\"><em><strong>Spectroline, modelo TRITAN 365<\/strong><\/em><\/span><\/p>\n<p>Projector para inspec\u00e7\u00e3o NDT vers\u00e1til de ultra intensidade, multi-LED e de feixe amplo.<br \/>\nEstes projectores disp\u00f5em de tr\u00eas l\u00e2mpadas UV-A LED ultra-hi-flux para inspec\u00e7\u00e3o fluorescente, mais uma conveniente luz LED branca para localiza\u00e7\u00e3o de falhas e ilumina\u00e7\u00e3o de \u00e1reas escuras. A sua configura\u00e7\u00e3o feixe amplo fornece uma cobertura de \u00e1rea muito ampla, e a sua cabe\u00e7a compacta permite acesso a \u00e1reas mais dif\u00edceis.<br \/>\nDispon\u00edvel em 3 modelos: alta intensidade, intensidade standard e intensidade standard com filtros de luz negra.<\/p>\n","protected":false},"excerpt":{"rendered":"<p>Spectroline, modelo TRITAN 365 Projector para inspec\u00e7\u00e3o NDT vers\u00e1til de ultra intensidade, multi-LED e de feixe amplo. Estes projectores disp\u00f5em de tr\u00eas l\u00e2mpadas UV-A LED ultra-hi-flux para inspec\u00e7\u00e3o fluorescente, mais uma conveniente luz LED branca para localiza\u00e7\u00e3o de falhas e ilumina\u00e7\u00e3o de \u00e1reas escuras. A sua configura\u00e7\u00e3o feixe amplo fornece uma cobertura de \u00e1rea muito [&hellip;]<\/p>\n","protected":false},"featured_media":2354,"template":"","meta":[],"product_brand":[],"product_cat":[30,25,31,145],"product_tag":[],"class_list":{"0":"post-2353","1":"product","2":"type-product","3":"status-publish","4":"has-post-thumbnail","6":"product_cat-acessorios-pm","7":"product_cat-liquidos-penetrantes","8":"product_cat-particulas-magneticas","9":"product_cat-projectores-de-luz-negra-uv","11":"first","12":"instock","13":"shipping-taxable","14":"product-type-simple"},"_links":{"self":[{"href":"https:\/\/end.pt\/pt\/wp-json\/wp\/v2\/product\/2353","targetHints":{"allow":["GET"]}}],"collection":[{"href":"https:\/\/end.pt\/pt\/wp-json\/wp\/v2\/product"}],"about":[{"href":"https:\/\/end.pt\/pt\/wp-json\/wp\/v2\/types\/product"}],"version-history":[{"count":3,"href":"https:\/\/end.pt\/pt\/wp-json\/wp\/v2\/product\/2353\/revisions"}],"predecessor-version":[{"id":5244,"href":"https:\/\/end.pt\/pt\/wp-json\/wp\/v2\/product\/2353\/revisions\/5244"}],"wp:featuredmedia":[{"embeddable":true,"href":"https:\/\/end.pt\/pt\/wp-json\/wp\/v2\/media\/2354"}],"wp:attachment":[{"href":"https:\/\/end.pt\/pt\/wp-json\/wp\/v2\/media?parent=2353"}],"wp:term":[{"taxonomy":"product_brand","embeddable":true,"href":"https:\/\/end.pt\/pt\/wp-json\/wp\/v2\/product_brand?post=2353"},{"taxonomy":"product_cat","embeddable":true,"href":"https:\/\/end.pt\/pt\/wp-json\/wp\/v2\/product_cat?post=2353"},{"taxonomy":"product_tag","embeddable":true,"href":"https:\/\/end.pt\/pt\/wp-json\/wp\/v2\/product_tag?post=2353"}],"curies":[{"name":"wp","href":"https:\/\/api.w.org\/{rel}","templated":true}]}}