{"id":240,"date":"2018-02-19T21:50:43","date_gmt":"2018-02-19T21:50:43","guid":{"rendered":"https:\/\/end.pt\/pt\/?post_type=product&#038;p=240"},"modified":"2021-05-01T21:56:27","modified_gmt":"2021-05-01T21:56:27","slug":"video-endoscopio-modelo-bscope-rugged","status":"publish","type":"product","link":"https:\/\/end.pt\/pt\/product\/video-endoscopio-modelo-bscope-rugged\/","title":{"rendered":"Video endosc\u00f3pio modelo Bscope RUGGED"},"content":{"rendered":"<p>O v\u00eddeo endosc\u00f3pio RUGGED \u00e9 uma unidade v\u00eddeo port\u00e1til, robusta e leve, desenhada para responder \u00e0s necessidades de inspec\u00e7\u00e3o visual remota.<br \/>\nPermite a grava\u00e7\u00e3o de imagens e v\u00eddeo com o painel de controlo manual de 1 m\u00e3o, e pode ser conjugado com v\u00e1rias sondas de diversos comprimentos e di\u00e2metros.<br \/>\nAs imagens s\u00e3o visualizadas no seu ecr\u00e3 LCD a cores de 3,5\u201d, com uma resolu\u00e7\u00e3o de 720&#215;640 pix\u00e9is, e v\u00e1rias fun\u00e7\u00f5es como Zoom in\/out, grelha, etc.<br \/>\nInclui cart\u00e3o Micro SD de 32Gb para armazenamento e porta USB e Video out para liga\u00e7\u00e3o a um PC ou monitor externo.<br \/>\nV\u00e1rias sondas e acess\u00f3rios podem ser adicionados para melhorar e visar necessidades espec\u00edficas em diferentes campos.<\/p>\n","protected":false},"excerpt":{"rendered":"<p>Video endosc\u00f3pio de inspec\u00e7\u00e3o port\u00e1til, robusto e leve, com capacidade de liga\u00e7\u00e3o a v\u00e1rias sondas de diferentes comprimentos e di\u00e2metros.<\/p>\n","protected":false},"featured_media":2268,"template":"","meta":[],"product_brand":[],"product_cat":[23,20],"product_tag":[],"class_list":{"0":"post-240","1":"product","2":"type-product","3":"status-publish","4":"has-post-thumbnail","6":"product_cat-endoscopios-videoscopios","7":"product_cat-ensaios-visuais","9":"first","10":"instock","11":"shipping-taxable","12":"product-type-simple"},"_links":{"self":[{"href":"https:\/\/end.pt\/pt\/wp-json\/wp\/v2\/product\/240","targetHints":{"allow":["GET"]}}],"collection":[{"href":"https:\/\/end.pt\/pt\/wp-json\/wp\/v2\/product"}],"about":[{"href":"https:\/\/end.pt\/pt\/wp-json\/wp\/v2\/types\/product"}],"version-history":[{"count":3,"href":"https:\/\/end.pt\/pt\/wp-json\/wp\/v2\/product\/240\/revisions"}],"predecessor-version":[{"id":4933,"href":"https:\/\/end.pt\/pt\/wp-json\/wp\/v2\/product\/240\/revisions\/4933"}],"wp:featuredmedia":[{"embeddable":true,"href":"https:\/\/end.pt\/pt\/wp-json\/wp\/v2\/media\/2268"}],"wp:attachment":[{"href":"https:\/\/end.pt\/pt\/wp-json\/wp\/v2\/media?parent=240"}],"wp:term":[{"taxonomy":"product_brand","embeddable":true,"href":"https:\/\/end.pt\/pt\/wp-json\/wp\/v2\/product_brand?post=240"},{"taxonomy":"product_cat","embeddable":true,"href":"https:\/\/end.pt\/pt\/wp-json\/wp\/v2\/product_cat?post=240"},{"taxonomy":"product_tag","embeddable":true,"href":"https:\/\/end.pt\/pt\/wp-json\/wp\/v2\/product_tag?post=240"}],"curies":[{"name":"wp","href":"https:\/\/api.w.org\/{rel}","templated":true}]}}