{"id":241,"date":"2018-02-19T21:52:23","date_gmt":"2018-02-19T21:52:23","guid":{"rendered":"https:\/\/end.pt\/pt\/?post_type=product&#038;p=241"},"modified":"2021-05-01T21:57:42","modified_gmt":"2021-05-01T21:57:42","slug":"videoscopio-modelo-p1","status":"publish","type":"product","link":"https:\/\/end.pt\/pt\/product\/videoscopio-modelo-p1\/","title":{"rendered":"Videosc\u00f3pio modelo P1"},"content":{"rendered":"<p>Videosc\u00f3pio de inspec\u00e7\u00e3o port\u00e1til, de alta defini\u00e7\u00e3o, leve e robusto, desenhado para ir ao encontro das necessidades de inspec\u00e7\u00e3o visual remota em v\u00e1rias aplica\u00e7\u00f5es.<br \/>\nCom uma estrutura resistente \u00e0 prova de \u00e1gua, poeiras e quedas at\u00e9 2 metros, pode ser combinado com v\u00e1rias sondas e acess\u00f3rios para qualquer necessidade de inspec\u00e7\u00e3o.<br \/>\nUm cart\u00e3o microSD de 32 GB inclu\u00eddo permite o armazenamento de horas de imagens e filmagens, com visualiza\u00e7\u00e3o no ecr\u00e3 LCD a cores de 7\u201d com resolu\u00e7\u00e3o de 800&#215;480 pix\u00e9is.<br \/>\nOutras fun\u00e7\u00f5es incluem zoom digital 4x, rota\u00e7\u00e3o imagem 360\u00ba, teclado virtual, etc.<br \/>\nV\u00e1rias sondas e acess\u00f3rios podem ser adicionados para melhorar e visar necessidades espec\u00edficas em diferentes campos.<\/p>\n","protected":false},"excerpt":{"rendered":"<p>Videosc\u00f3pio de inspec\u00e7\u00e3o port\u00e1til, de alta defini\u00e7\u00e3o, leve e robusto, com capacidade de liga\u00e7\u00e3o a v\u00e1rias sondas de diferentes comprimentos e di\u00e2metros.<\/p>\n","protected":false},"featured_media":2266,"template":"","meta":[],"product_brand":[],"product_cat":[23,20],"product_tag":[],"class_list":{"0":"post-241","1":"product","2":"type-product","3":"status-publish","4":"has-post-thumbnail","6":"product_cat-endoscopios-videoscopios","7":"product_cat-ensaios-visuais","9":"first","10":"instock","11":"shipping-taxable","12":"product-type-simple"},"_links":{"self":[{"href":"https:\/\/end.pt\/pt\/wp-json\/wp\/v2\/product\/241","targetHints":{"allow":["GET"]}}],"collection":[{"href":"https:\/\/end.pt\/pt\/wp-json\/wp\/v2\/product"}],"about":[{"href":"https:\/\/end.pt\/pt\/wp-json\/wp\/v2\/types\/product"}],"version-history":[{"count":2,"href":"https:\/\/end.pt\/pt\/wp-json\/wp\/v2\/product\/241\/revisions"}],"predecessor-version":[{"id":4934,"href":"https:\/\/end.pt\/pt\/wp-json\/wp\/v2\/product\/241\/revisions\/4934"}],"wp:featuredmedia":[{"embeddable":true,"href":"https:\/\/end.pt\/pt\/wp-json\/wp\/v2\/media\/2266"}],"wp:attachment":[{"href":"https:\/\/end.pt\/pt\/wp-json\/wp\/v2\/media?parent=241"}],"wp:term":[{"taxonomy":"product_brand","embeddable":true,"href":"https:\/\/end.pt\/pt\/wp-json\/wp\/v2\/product_brand?post=241"},{"taxonomy":"product_cat","embeddable":true,"href":"https:\/\/end.pt\/pt\/wp-json\/wp\/v2\/product_cat?post=241"},{"taxonomy":"product_tag","embeddable":true,"href":"https:\/\/end.pt\/pt\/wp-json\/wp\/v2\/product_tag?post=241"}],"curies":[{"name":"wp","href":"https:\/\/api.w.org\/{rel}","templated":true}]}}