{"id":2411,"date":"2018-09-29T20:02:14","date_gmt":"2018-09-29T20:02:14","guid":{"rendered":"https:\/\/end.pt\/pt\/?post_type=product&#038;p=2411"},"modified":"2021-05-02T21:26:21","modified_gmt":"2021-05-02T21:26:21","slug":"medidor-de-campo-magnetico-modelo-mp-1000","status":"publish","type":"product","link":"https:\/\/end.pt\/pt\/product\/medidor-de-campo-magnetico-modelo-mp-1000\/","title":{"rendered":"Medidor de Campo Magn\u00e9tico (Modelo MP-1000)"},"content":{"rendered":"<p>O medidor de campo magn\u00e9tico MP-1000 \u00e9 um equipamento \u00fatil e simples, desenhado para medi\u00e7\u00f5es r\u00e1pidas e precisas on-site de todos os tipos de campos magn\u00e9ticos (campos constantes e alternados, bem como campos pulsantes).<br \/>\nPode ser utilizado com v\u00e1rias sondas tangenciais, axiais ou Reed.<\/p>\n","protected":false},"excerpt":{"rendered":"<p>O medidor de campo magn\u00e9tico MP-1000 \u00e9 um equipamento \u00fatil e simples, desenhado para medi\u00e7\u00f5es r\u00e1pidas e precisas on-site de todos os tipos de campos magn\u00e9ticos (campos constantes e alternados, bem como campos pulsantes). Pode ser utilizado com v\u00e1rias sondas tangenciais, axiais ou Reed.<\/p>\n","protected":false},"featured_media":2412,"template":"","meta":[],"product_brand":[],"product_cat":[30,31],"product_tag":[],"class_list":{"0":"post-2411","1":"product","2":"type-product","3":"status-publish","4":"has-post-thumbnail","6":"product_cat-acessorios-pm","7":"product_cat-particulas-magneticas","9":"first","10":"instock","11":"shipping-taxable","12":"product-type-simple"},"_links":{"self":[{"href":"https:\/\/end.pt\/pt\/wp-json\/wp\/v2\/product\/2411","targetHints":{"allow":["GET"]}}],"collection":[{"href":"https:\/\/end.pt\/pt\/wp-json\/wp\/v2\/product"}],"about":[{"href":"https:\/\/end.pt\/pt\/wp-json\/wp\/v2\/types\/product"}],"version-history":[{"count":2,"href":"https:\/\/end.pt\/pt\/wp-json\/wp\/v2\/product\/2411\/revisions"}],"predecessor-version":[{"id":5216,"href":"https:\/\/end.pt\/pt\/wp-json\/wp\/v2\/product\/2411\/revisions\/5216"}],"wp:featuredmedia":[{"embeddable":true,"href":"https:\/\/end.pt\/pt\/wp-json\/wp\/v2\/media\/2412"}],"wp:attachment":[{"href":"https:\/\/end.pt\/pt\/wp-json\/wp\/v2\/media?parent=2411"}],"wp:term":[{"taxonomy":"product_brand","embeddable":true,"href":"https:\/\/end.pt\/pt\/wp-json\/wp\/v2\/product_brand?post=2411"},{"taxonomy":"product_cat","embeddable":true,"href":"https:\/\/end.pt\/pt\/wp-json\/wp\/v2\/product_cat?post=2411"},{"taxonomy":"product_tag","embeddable":true,"href":"https:\/\/end.pt\/pt\/wp-json\/wp\/v2\/product_tag?post=2411"}],"curies":[{"name":"wp","href":"https:\/\/api.w.org\/{rel}","templated":true}]}}