{"id":2413,"date":"2018-09-29T20:03:38","date_gmt":"2018-09-29T20:03:38","guid":{"rendered":"https:\/\/end.pt\/pt\/?post_type=product&#038;p=2413"},"modified":"2021-05-02T21:25:55","modified_gmt":"2021-05-02T21:25:55","slug":"medidor-de-campo-magnetico-modelo-mp-800","status":"publish","type":"product","link":"https:\/\/end.pt\/pt\/product\/medidor-de-campo-magnetico-modelo-mp-800\/","title":{"rendered":"Medidor de Campo Magn\u00e9tico (Modelo MP-800)"},"content":{"rendered":"<p>Medidor de campo magn\u00e9tico port\u00e1til, preciso, pequeno, compacto e atractivo, f\u00e1cil de operar e confort\u00e1vel de utilizar.<br \/>\nMede com precis\u00e3o todo o tipo de campos magn\u00e9ticos: campos AC, campos DC e valores m\u00e1ximos em campos de impulsos.<br \/>\nO MP-800 est\u00e1 dispon\u00edvel em dois modelos: MP-800 A, com sonda axial fixa e MP-800 T, com sonda tangencial fixa.<\/p>\n","protected":false},"excerpt":{"rendered":"<p>Medidor de campo magn\u00e9tico port\u00e1til, preciso, pequeno, compacto e atractivo, f\u00e1cil de operar e confort\u00e1vel de utilizar. Mede com precis\u00e3o todo o tipo de campos magn\u00e9ticos: campos AC, campos DC e valores m\u00e1ximos em campos de impulsos. O MP-800 est\u00e1 dispon\u00edvel em dois modelos: MP-800 A, com sonda axial fixa e MP-800 T, com sonda [&hellip;]<\/p>\n","protected":false},"featured_media":2414,"template":"","meta":[],"product_brand":[],"product_cat":[30,31],"product_tag":[],"class_list":{"0":"post-2413","1":"product","2":"type-product","3":"status-publish","4":"has-post-thumbnail","6":"product_cat-acessorios-pm","7":"product_cat-particulas-magneticas","9":"first","10":"instock","11":"shipping-taxable","12":"product-type-simple"},"_links":{"self":[{"href":"https:\/\/end.pt\/pt\/wp-json\/wp\/v2\/product\/2413","targetHints":{"allow":["GET"]}}],"collection":[{"href":"https:\/\/end.pt\/pt\/wp-json\/wp\/v2\/product"}],"about":[{"href":"https:\/\/end.pt\/pt\/wp-json\/wp\/v2\/types\/product"}],"version-history":[{"count":1,"href":"https:\/\/end.pt\/pt\/wp-json\/wp\/v2\/product\/2413\/revisions"}],"predecessor-version":[{"id":5214,"href":"https:\/\/end.pt\/pt\/wp-json\/wp\/v2\/product\/2413\/revisions\/5214"}],"wp:featuredmedia":[{"embeddable":true,"href":"https:\/\/end.pt\/pt\/wp-json\/wp\/v2\/media\/2414"}],"wp:attachment":[{"href":"https:\/\/end.pt\/pt\/wp-json\/wp\/v2\/media?parent=2413"}],"wp:term":[{"taxonomy":"product_brand","embeddable":true,"href":"https:\/\/end.pt\/pt\/wp-json\/wp\/v2\/product_brand?post=2413"},{"taxonomy":"product_cat","embeddable":true,"href":"https:\/\/end.pt\/pt\/wp-json\/wp\/v2\/product_cat?post=2413"},{"taxonomy":"product_tag","embeddable":true,"href":"https:\/\/end.pt\/pt\/wp-json\/wp\/v2\/product_tag?post=2413"}],"curies":[{"name":"wp","href":"https:\/\/api.w.org\/{rel}","templated":true}]}}