{"id":2415,"date":"2018-09-29T20:16:35","date_gmt":"2018-09-29T20:16:35","guid":{"rendered":"https:\/\/end.pt\/pt\/?post_type=product&#038;p=2415"},"modified":"2021-05-02T21:25:34","modified_gmt":"2021-05-02T21:25:34","slug":"medidor-de-campo-magnetico-modelo-mp-1","status":"publish","type":"product","link":"https:\/\/end.pt\/pt\/product\/medidor-de-campo-magnetico-modelo-mp-1\/","title":{"rendered":"Medidor de Campo Magn\u00e9tico (Modelo MP-1)"},"content":{"rendered":"<p>Equipamento port\u00e1til anal\u00f3gico alimentado a bateria, com 2 gamas de medi\u00e7\u00e3o para determinar o magnetismo residual em pe\u00e7as de a\u00e7o ferro-magn\u00e9tico, particularmente em pe\u00e7as desmagnetizadas.<br \/>\nEste instrumento \u00e9 fornecido com um sonda de campo axial, mala de transporte e certificado.<\/p>\n","protected":false},"excerpt":{"rendered":"<p>Equipamento port\u00e1til anal\u00f3gico alimentado a bateria, com 2 gamas de medi\u00e7\u00e3o para determinar o magnetismo residual em pe\u00e7as de a\u00e7o ferro-magn\u00e9tico, particularmente em pe\u00e7as desmagnetizadas. Este instrumento \u00e9 fornecido com um sonda de campo axial, mala de transporte e certificado.<\/p>\n","protected":false},"featured_media":2416,"template":"","meta":[],"product_brand":[],"product_cat":[30,31],"product_tag":[],"class_list":{"0":"post-2415","1":"product","2":"type-product","3":"status-publish","4":"has-post-thumbnail","6":"product_cat-acessorios-pm","7":"product_cat-particulas-magneticas","9":"first","10":"instock","11":"shipping-taxable","12":"product-type-simple"},"_links":{"self":[{"href":"https:\/\/end.pt\/pt\/wp-json\/wp\/v2\/product\/2415","targetHints":{"allow":["GET"]}}],"collection":[{"href":"https:\/\/end.pt\/pt\/wp-json\/wp\/v2\/product"}],"about":[{"href":"https:\/\/end.pt\/pt\/wp-json\/wp\/v2\/types\/product"}],"version-history":[{"count":1,"href":"https:\/\/end.pt\/pt\/wp-json\/wp\/v2\/product\/2415\/revisions"}],"predecessor-version":[{"id":5213,"href":"https:\/\/end.pt\/pt\/wp-json\/wp\/v2\/product\/2415\/revisions\/5213"}],"wp:featuredmedia":[{"embeddable":true,"href":"https:\/\/end.pt\/pt\/wp-json\/wp\/v2\/media\/2416"}],"wp:attachment":[{"href":"https:\/\/end.pt\/pt\/wp-json\/wp\/v2\/media?parent=2415"}],"wp:term":[{"taxonomy":"product_brand","embeddable":true,"href":"https:\/\/end.pt\/pt\/wp-json\/wp\/v2\/product_brand?post=2415"},{"taxonomy":"product_cat","embeddable":true,"href":"https:\/\/end.pt\/pt\/wp-json\/wp\/v2\/product_cat?post=2415"},{"taxonomy":"product_tag","embeddable":true,"href":"https:\/\/end.pt\/pt\/wp-json\/wp\/v2\/product_tag?post=2415"}],"curies":[{"name":"wp","href":"https:\/\/api.w.org\/{rel}","templated":true}]}}