{"id":2436,"date":"2018-10-05T19:10:35","date_gmt":"2018-10-05T19:10:35","guid":{"rendered":"https:\/\/end.pt\/pt\/?post_type=product&#038;p=2436"},"modified":"2021-05-02T21:20:38","modified_gmt":"2021-05-02T21:20:38","slug":"teledyne-icm-site-x-site-xs-direccional","status":"publish","type":"product","link":"https:\/\/end.pt\/pt\/product\/teledyne-icm-site-x-site-xs-direccional\/","title":{"rendered":"Teledyne-ICM SITE-X &#038; SITE-XS Direccional"},"content":{"rendered":"<p>Equipamento de inspec\u00e7\u00e3o radiogr\u00e1fica por Raio-X port\u00e1til direccional, de 180 a 360 kV, desenhado para opera\u00e7\u00f5es rigorosas. \u00c9 fornecido num conjunto que inclui tubo de Raio-X, caixa de comando digital SCU286, cabo de interliga\u00e7\u00e3o tubo\/caixa de comando com 25 metros, cabo de pot\u00eancia, de liga\u00e7\u00e3o \u00e0 rede com 10 metros, saco para cabos e acess\u00f3rios, manual de instru\u00e7\u00f5es e certificados.<\/p>\n<p>Gra\u00e7as \u00e0 sua vara an\u00f4do, localizada fora do gerador SF-6 insulado, o volume de chumbo necess\u00e1rio para protec\u00e7\u00e3o radioactiva \u00e9 bastante reduzido. Isto permite a adi\u00e7\u00e3o e melhoria de v\u00e1rias caracter\u00edsticas (robustez, sistema de arrefecimento, acess\u00f3rios) sem aumentar o peso. Como tal, este \u00e9 um gerador de Raio-X port\u00e1til muito leve.<\/p>\n<p>Os SITE-X e SITE-XS s\u00e3o capazes de medi\u00e7\u00f5es directas e precisas. Esta informa\u00e7\u00e3o permite ao sistema de controlo garantir a estabilidade e reproduzir os par\u00e2metros radiol\u00f3gicos, garantindo medi\u00e7\u00f5es extremamente precisas.<\/p>\n<p>O equipamento possui um sistema de troca de calor muito avan\u00e7ado, que permite um ciclo de trabalho de 100% em condi\u00e7\u00f5es de absoluta seguran\u00e7a e que simultaneamente reduz a temperatura do anodo por 50%, o que significa que se pode utilizar a s\u00e9rie SITE-X sem nunca ter que a deixar arrefecer.<\/p>\n<p>Com o carrosel interno que contem uma tampa de chumbo e quatro diafragmas, calibrados especificamente para corresponder a todos os filmes mais comuns, os geradores direccionais SITE-X v\u00e3o de encontro a todos os requisitos sem a necessidade de acess\u00f3rios extra.<br \/>\nUma ponteira laser foi adicionada ao carrosel do SITE-XS para garantir maior precis\u00e3o dos disparos.<\/p>\n<p>SITE-XS<br \/>\nA gama de geradores de Raio-X SITE-XS s\u00e3o vers\u00f5es mais pequenas das unidades SITE-X correspondentes. Est\u00e3o dispon\u00edveis em vers\u00f5es 200, 225 e 250 kV. Com um diafragama externo imbutido, disp\u00f5em de uma portabilidade extrema, uma ponteira laser e pesam apenas 17.9 kg.<br \/>\nS\u00e3o fornecidos num conjunto que inclui tubo de Raio-X, caixa de comando digital, cabo de interliga\u00e7\u00e3o tubo\/caixa de comando com 25 metros, cabo de pot\u00eancia, de liga\u00e7\u00e3o \u00e0 rede com 10 metros, saco para cabos e acess\u00f3rios, manual de instru\u00e7\u00f5es e certificados.<\/p>\n<p>Unidade de comando<br \/>\nA unidade de comando SCU286, com o seu sistema de medi\u00e7\u00e3o directa de alta voltagem, garante uma alta precis\u00e3o em rela\u00e7\u00e3o aos par\u00e2metros radiol\u00f3gicos. Baseado nesta data precisa, o SCU286 mant\u00eam uma estabilidade de \u00b10.5% de mA e kV.<br \/>\nAs unidades SITE-X e SITE-XS garantem uma qualidade constante de exposi\u00e7\u00e3o uma vez que s\u00e3o virtualmente isentas a flutua\u00e7\u00f5es no fornecimento energ\u00e9tico.<br \/>\nO painel frontal de poliester refor\u00e7ado est\u00e1 equipado com uma teclado de 16 teclas, um display de alto brilho e um ecr\u00e3 anti-reflexo.<br \/>\nO SCU 286 inclui tamb\u00e9m um sistema de acesso por c\u00f3digo program\u00e1vel, com tr\u00eas n\u00edveis de seguran\u00e7a (supervisor, operador e engenheiro), e limita o acesso a certas fun\u00e7\u00f5es em rela\u00e7\u00e3o ao n\u00edvel de seguran\u00e7a.<br \/>\nDe modo a reduzir o n\u00famero de testes a um m\u00ednimo, a unidade de comando SCU286 possui uma base de dados\/mem\u00f3ria, permitindo ao operador utilizar exposi\u00e7\u00f5es padr\u00e3o previamente definidas, bem como guardar em mem\u00f3ria todos os par\u00e2metros de exposi\u00e7\u00e3o colocados.<\/p>\n","protected":false},"excerpt":{"rendered":"<p>Equipamento de inspec\u00e7\u00e3o radiogr\u00e1fica por Raio-X port\u00e1til direccional, de 180 a 360 kV, desenhado para opera\u00e7\u00f5es rigorosas. \u00c9 fornecido num conjunto que inclui tubo de Raio-X, caixa de comando digital SCU286, cabo de interliga\u00e7\u00e3o tubo\/caixa de comando com 25 metros, cabo de pot\u00eancia, de liga\u00e7\u00e3o \u00e0 rede com 10 metros, saco para cabos e acess\u00f3rios, [&hellip;]<\/p>\n","protected":false},"featured_media":2437,"template":"","meta":[],"product_brand":[],"product_cat":[38,107],"product_tag":[],"class_list":{"0":"post-2436","1":"product","2":"type-product","3":"status-publish","4":"has-post-thumbnail","6":"product_cat-equipamentos-raio-x","7":"product_cat-teledyne-icm-site-x-site-xs","9":"first","10":"instock","11":"shipping-taxable","12":"product-type-simple"},"_links":{"self":[{"href":"https:\/\/end.pt\/pt\/wp-json\/wp\/v2\/product\/2436","targetHints":{"allow":["GET"]}}],"collection":[{"href":"https:\/\/end.pt\/pt\/wp-json\/wp\/v2\/product"}],"about":[{"href":"https:\/\/end.pt\/pt\/wp-json\/wp\/v2\/types\/product"}],"version-history":[{"count":2,"href":"https:\/\/end.pt\/pt\/wp-json\/wp\/v2\/product\/2436\/revisions"}],"predecessor-version":[{"id":5206,"href":"https:\/\/end.pt\/pt\/wp-json\/wp\/v2\/product\/2436\/revisions\/5206"}],"wp:featuredmedia":[{"embeddable":true,"href":"https:\/\/end.pt\/pt\/wp-json\/wp\/v2\/media\/2437"}],"wp:attachment":[{"href":"https:\/\/end.pt\/pt\/wp-json\/wp\/v2\/media?parent=2436"}],"wp:term":[{"taxonomy":"product_brand","embeddable":true,"href":"https:\/\/end.pt\/pt\/wp-json\/wp\/v2\/product_brand?post=2436"},{"taxonomy":"product_cat","embeddable":true,"href":"https:\/\/end.pt\/pt\/wp-json\/wp\/v2\/product_cat?post=2436"},{"taxonomy":"product_tag","embeddable":true,"href":"https:\/\/end.pt\/pt\/wp-json\/wp\/v2\/product_tag?post=2436"}],"curies":[{"name":"wp","href":"https:\/\/api.w.org\/{rel}","templated":true}]}}