{"id":3005,"date":"2019-03-28T17:48:55","date_gmt":"2019-03-28T17:48:55","guid":{"rendered":"https:\/\/end.pt\/pt\/?post_type=product&#038;p=3005"},"modified":"2021-05-02T19:33:15","modified_gmt":"2021-05-02T19:33:15","slug":"densitometro-modelo-m301","status":"publish","type":"product","link":"https:\/\/end.pt\/pt\/product\/densitometro-modelo-m301\/","title":{"rendered":"Densit\u00f3metro Modelo M301"},"content":{"rendered":"<p>Densit\u00f3metro digital X-Rite de mesa M301, mede com precis\u00e3o a densidade \u00f3ptica dos filmes, e disp\u00f5e de uma mesa iluminada. Densidades de 0,00 a 5,00, alimenta\u00e7\u00e3o: 220 V \u2013 50 Hz, e peso de 3,86 Kg.<\/p>\n","protected":false},"excerpt":{"rendered":"<p>Densit\u00f3metro digital X-Rite de mesa M301, mede com precis\u00e3o a densidade \u00f3ptica dos filmes, e disp\u00f5e de uma mesa iluminada. Densidades de 0,00 a 5,00, alimenta\u00e7\u00e3o: 220 V \u2013 50 Hz, e peso de 3,86 Kg.<\/p>\n","protected":false},"featured_media":3006,"template":"","meta":[],"product_brand":[],"product_cat":[157,160,37],"product_tag":[],"class_list":{"0":"post-3005","1":"product","2":"type-product","3":"status-publish","4":"has-post-thumbnail","6":"product_cat-acessorios-radiografia-industrial","7":"product_cat-analise-de-peliculas","8":"product_cat-radiografia-industrial","10":"first","11":"instock","12":"shipping-taxable","13":"product-type-simple"},"_links":{"self":[{"href":"https:\/\/end.pt\/pt\/wp-json\/wp\/v2\/product\/3005","targetHints":{"allow":["GET"]}}],"collection":[{"href":"https:\/\/end.pt\/pt\/wp-json\/wp\/v2\/product"}],"about":[{"href":"https:\/\/end.pt\/pt\/wp-json\/wp\/v2\/types\/product"}],"version-history":[{"count":2,"href":"https:\/\/end.pt\/pt\/wp-json\/wp\/v2\/product\/3005\/revisions"}],"predecessor-version":[{"id":5121,"href":"https:\/\/end.pt\/pt\/wp-json\/wp\/v2\/product\/3005\/revisions\/5121"}],"wp:featuredmedia":[{"embeddable":true,"href":"https:\/\/end.pt\/pt\/wp-json\/wp\/v2\/media\/3006"}],"wp:attachment":[{"href":"https:\/\/end.pt\/pt\/wp-json\/wp\/v2\/media?parent=3005"}],"wp:term":[{"taxonomy":"product_brand","embeddable":true,"href":"https:\/\/end.pt\/pt\/wp-json\/wp\/v2\/product_brand?post=3005"},{"taxonomy":"product_cat","embeddable":true,"href":"https:\/\/end.pt\/pt\/wp-json\/wp\/v2\/product_cat?post=3005"},{"taxonomy":"product_tag","embeddable":true,"href":"https:\/\/end.pt\/pt\/wp-json\/wp\/v2\/product_tag?post=3005"}],"curies":[{"name":"wp","href":"https:\/\/api.w.org\/{rel}","templated":true}]}}