{"id":3008,"date":"2019-03-28T17:51:30","date_gmt":"2019-03-28T17:51:30","guid":{"rendered":"https:\/\/end.pt\/pt\/?post_type=product&#038;p=3008"},"modified":"2021-05-02T19:32:57","modified_gmt":"2021-05-02T19:32:57","slug":"densitometro-modelo-lcd51","status":"publish","type":"product","link":"https:\/\/end.pt\/pt\/product\/densitometro-modelo-lcd51\/","title":{"rendered":"Densit\u00f3metro Modelo LCD51"},"content":{"rendered":"<p>O Densit\u00f3metro digital LCD 51, \u00e9 um pequeno densit\u00f3metro digital port\u00e1til, com dimens\u00f5es 8 x 14,5 x 4 cm, e peso 210g (incluindo a pilha). Densidades de 0,00 a 5,00.<\/p>\n","protected":false},"excerpt":{"rendered":"<p>O Densit\u00f3metro digital LCD 51, \u00e9 um pequeno densit\u00f3metro digital port\u00e1til, com dimens\u00f5es 8 x 14,5 x 4 cm, e peso 210g (incluindo a pilha). Densidades de 0,00 a 5,00.<\/p>\n","protected":false},"featured_media":3009,"template":"","meta":[],"product_brand":[],"product_cat":[157,160,37],"product_tag":[],"class_list":{"0":"post-3008","1":"product","2":"type-product","3":"status-publish","4":"has-post-thumbnail","6":"product_cat-acessorios-radiografia-industrial","7":"product_cat-analise-de-peliculas","8":"product_cat-radiografia-industrial","10":"first","11":"instock","12":"shipping-taxable","13":"product-type-simple"},"_links":{"self":[{"href":"https:\/\/end.pt\/pt\/wp-json\/wp\/v2\/product\/3008","targetHints":{"allow":["GET"]}}],"collection":[{"href":"https:\/\/end.pt\/pt\/wp-json\/wp\/v2\/product"}],"about":[{"href":"https:\/\/end.pt\/pt\/wp-json\/wp\/v2\/types\/product"}],"version-history":[{"count":3,"href":"https:\/\/end.pt\/pt\/wp-json\/wp\/v2\/product\/3008\/revisions"}],"predecessor-version":[{"id":5120,"href":"https:\/\/end.pt\/pt\/wp-json\/wp\/v2\/product\/3008\/revisions\/5120"}],"wp:featuredmedia":[{"embeddable":true,"href":"https:\/\/end.pt\/pt\/wp-json\/wp\/v2\/media\/3009"}],"wp:attachment":[{"href":"https:\/\/end.pt\/pt\/wp-json\/wp\/v2\/media?parent=3008"}],"wp:term":[{"taxonomy":"product_brand","embeddable":true,"href":"https:\/\/end.pt\/pt\/wp-json\/wp\/v2\/product_brand?post=3008"},{"taxonomy":"product_cat","embeddable":true,"href":"https:\/\/end.pt\/pt\/wp-json\/wp\/v2\/product_cat?post=3008"},{"taxonomy":"product_tag","embeddable":true,"href":"https:\/\/end.pt\/pt\/wp-json\/wp\/v2\/product_tag?post=3008"}],"curies":[{"name":"wp","href":"https:\/\/api.w.org\/{rel}","templated":true}]}}