{"id":3012,"date":"2019-03-28T17:53:43","date_gmt":"2019-03-28T17:53:43","guid":{"rendered":"https:\/\/end.pt\/pt\/?post_type=product&#038;p=3012"},"modified":"2021-05-02T19:32:41","modified_gmt":"2021-05-02T19:32:41","slug":"medidor-de-radiacoes-monitor-4","status":"publish","type":"product","link":"https:\/\/end.pt\/pt\/product\/medidor-de-radiacoes-monitor-4\/","title":{"rendered":"Medidor de Radia\u00e7\u00f5es, Monitor 4"},"content":{"rendered":"<p>O Monitor 4 \u00e9 um medidor anal\u00f3gico compacto de uso geral, para medir o valor inst\u00e2ntaneo da radia\u00e7\u00e3o em presen\u00e7a, capaz de detectar raios alfa, beta, gama e X em 3 gamas seleccion\u00e1veis. Uma luz vermelha pisca e sinais sonoros \u201cbeep\u201d activam-se aquando aumento dos n\u00edveis de radia\u00e7\u00e3o, alertando o para a presen\u00e7a de uma maior ou menor carga radiactiva, consoante a cad\u00eancia de repeti\u00e7\u00e3o dos avisos.<br \/>\nEquipamento muito v\u00e1lido para a delimita\u00e7\u00e3o de zonas onde se faz a radiografia industrial.<\/p>\n","protected":false},"excerpt":{"rendered":"<p>O Monitor 4 \u00e9 um medidor anal\u00f3gico compacto de uso geral, para medir o valor inst\u00e2ntaneo da radia\u00e7\u00e3o em presen\u00e7a, capaz de detectar raios alfa, beta, gama e X em 3 gamas seleccion\u00e1veis. Uma luz vermelha pisca e sinais sonoros \u201cbeep\u201d activam-se aquando aumento dos n\u00edveis de radia\u00e7\u00e3o, alertando o para a presen\u00e7a de uma [&hellip;]<\/p>\n","protected":false},"featured_media":3017,"template":"","meta":[],"product_brand":[],"product_cat":[157,37,161],"product_tag":[],"class_list":{"0":"post-3012","1":"product","2":"type-product","3":"status-publish","4":"has-post-thumbnail","6":"product_cat-acessorios-radiografia-industrial","7":"product_cat-radiografia-industrial","8":"product_cat-radioproteccao-e-seguranca","10":"first","11":"instock","12":"shipping-taxable","13":"product-type-simple"},"_links":{"self":[{"href":"https:\/\/end.pt\/pt\/wp-json\/wp\/v2\/product\/3012","targetHints":{"allow":["GET"]}}],"collection":[{"href":"https:\/\/end.pt\/pt\/wp-json\/wp\/v2\/product"}],"about":[{"href":"https:\/\/end.pt\/pt\/wp-json\/wp\/v2\/types\/product"}],"version-history":[{"count":3,"href":"https:\/\/end.pt\/pt\/wp-json\/wp\/v2\/product\/3012\/revisions"}],"predecessor-version":[{"id":5119,"href":"https:\/\/end.pt\/pt\/wp-json\/wp\/v2\/product\/3012\/revisions\/5119"}],"wp:featuredmedia":[{"embeddable":true,"href":"https:\/\/end.pt\/pt\/wp-json\/wp\/v2\/media\/3017"}],"wp:attachment":[{"href":"https:\/\/end.pt\/pt\/wp-json\/wp\/v2\/media?parent=3012"}],"wp:term":[{"taxonomy":"product_brand","embeddable":true,"href":"https:\/\/end.pt\/pt\/wp-json\/wp\/v2\/product_brand?post=3012"},{"taxonomy":"product_cat","embeddable":true,"href":"https:\/\/end.pt\/pt\/wp-json\/wp\/v2\/product_cat?post=3012"},{"taxonomy":"product_tag","embeddable":true,"href":"https:\/\/end.pt\/pt\/wp-json\/wp\/v2\/product_tag?post=3012"}],"curies":[{"name":"wp","href":"https:\/\/api.w.org\/{rel}","templated":true}]}}