{"id":3018,"date":"2019-03-28T18:01:12","date_gmt":"2019-03-28T18:01:12","guid":{"rendered":"https:\/\/end.pt\/pt\/?post_type=product&#038;p=3018"},"modified":"2021-05-02T19:32:13","modified_gmt":"2021-05-02T19:32:13","slug":"medidor-de-radiacoes-radalert-100x","status":"publish","type":"product","link":"https:\/\/end.pt\/pt\/product\/medidor-de-radiacoes-radalert-100x\/","title":{"rendered":"Medidor de Radia\u00e7\u00f5es, Radalert 100x"},"content":{"rendered":"<p>Medidor digital de radia\u00e7\u00f5es que mede radia\u00e7\u00e3o alfa, gama, e X. O seu display digital indica as leituras na sua escolha de contagens por minuto (cpm), \u03bcSv\/hr ou mR\/hr, ou em contagens acumuladas. Um LED vermelho pisca, e um alarme sonoro apita com cada contagem (pode ser silenciado).<\/p>\n","protected":false},"excerpt":{"rendered":"<p>Medidor digital de radia\u00e7\u00f5es que mede radia\u00e7\u00e3o alfa, gama, e X. O seu display digital indica as leituras na sua escolha de contagens por minuto (cpm), \u03bcSv\/hr ou mR\/hr, ou em contagens acumuladas. Um LED vermelho pisca, e um alarme sonoro apita com cada contagem (pode ser silenciado).<\/p>\n","protected":false},"featured_media":3019,"template":"","meta":[],"product_brand":[],"product_cat":[157,37,161],"product_tag":[],"class_list":{"0":"post-3018","1":"product","2":"type-product","3":"status-publish","4":"has-post-thumbnail","6":"product_cat-acessorios-radiografia-industrial","7":"product_cat-radiografia-industrial","8":"product_cat-radioproteccao-e-seguranca","10":"first","11":"instock","12":"shipping-taxable","13":"product-type-simple"},"_links":{"self":[{"href":"https:\/\/end.pt\/pt\/wp-json\/wp\/v2\/product\/3018","targetHints":{"allow":["GET"]}}],"collection":[{"href":"https:\/\/end.pt\/pt\/wp-json\/wp\/v2\/product"}],"about":[{"href":"https:\/\/end.pt\/pt\/wp-json\/wp\/v2\/types\/product"}],"version-history":[{"count":3,"href":"https:\/\/end.pt\/pt\/wp-json\/wp\/v2\/product\/3018\/revisions"}],"predecessor-version":[{"id":5118,"href":"https:\/\/end.pt\/pt\/wp-json\/wp\/v2\/product\/3018\/revisions\/5118"}],"wp:featuredmedia":[{"embeddable":true,"href":"https:\/\/end.pt\/pt\/wp-json\/wp\/v2\/media\/3019"}],"wp:attachment":[{"href":"https:\/\/end.pt\/pt\/wp-json\/wp\/v2\/media?parent=3018"}],"wp:term":[{"taxonomy":"product_brand","embeddable":true,"href":"https:\/\/end.pt\/pt\/wp-json\/wp\/v2\/product_brand?post=3018"},{"taxonomy":"product_cat","embeddable":true,"href":"https:\/\/end.pt\/pt\/wp-json\/wp\/v2\/product_cat?post=3018"},{"taxonomy":"product_tag","embeddable":true,"href":"https:\/\/end.pt\/pt\/wp-json\/wp\/v2\/product_tag?post=3018"}],"curies":[{"name":"wp","href":"https:\/\/api.w.org\/{rel}","templated":true}]}}