{"id":3022,"date":"2019-03-28T18:04:46","date_gmt":"2019-03-28T18:04:46","guid":{"rendered":"https:\/\/end.pt\/pt\/?post_type=product&#038;p=3022"},"modified":"2021-05-02T19:31:58","modified_gmt":"2021-05-02T19:31:58","slug":"medidor-de-radiacoes-radiation-alert-ranger","status":"publish","type":"product","link":"https:\/\/end.pt\/pt\/product\/medidor-de-radiacoes-radiation-alert-ranger\/","title":{"rendered":"Medidor de Radia\u00e7\u00f5es, Radiation Alert Ranger"},"content":{"rendered":"<p>Medidor de radia\u00e7\u00f5es digital leve e robusto, com um desempenho excelente para inspec\u00e7\u00e3o e monitoriza\u00e7\u00e3o numa instala\u00e7\u00e3o ou no exterior.<br \/>\nEquipamento pequeno, port\u00e1til, com v\u00e1rias fun\u00e7\u00f5es e que oferece uma excelente sensibilidade a pequenos n\u00edveis de radia\u00e7\u00e3o alfa, beta, gama e raios-X.<\/p>\n","protected":false},"excerpt":{"rendered":"<p>Medidor de radia\u00e7\u00f5es digital leve e robusto, com um desempenho excelente para inspec\u00e7\u00e3o e monitoriza\u00e7\u00e3o numa instala\u00e7\u00e3o ou no exterior. Equipamento pequeno, port\u00e1til, com v\u00e1rias fun\u00e7\u00f5es e que oferece uma excelente sensibilidade a pequenos n\u00edveis de radia\u00e7\u00e3o alfa, beta, gama e raios-X.<\/p>\n","protected":false},"featured_media":3023,"template":"","meta":[],"product_brand":[],"product_cat":[157,37,161],"product_tag":[],"class_list":{"0":"post-3022","1":"product","2":"type-product","3":"status-publish","4":"has-post-thumbnail","6":"product_cat-acessorios-radiografia-industrial","7":"product_cat-radiografia-industrial","8":"product_cat-radioproteccao-e-seguranca","10":"first","11":"instock","12":"shipping-taxable","13":"product-type-simple"},"_links":{"self":[{"href":"https:\/\/end.pt\/pt\/wp-json\/wp\/v2\/product\/3022","targetHints":{"allow":["GET"]}}],"collection":[{"href":"https:\/\/end.pt\/pt\/wp-json\/wp\/v2\/product"}],"about":[{"href":"https:\/\/end.pt\/pt\/wp-json\/wp\/v2\/types\/product"}],"version-history":[{"count":3,"href":"https:\/\/end.pt\/pt\/wp-json\/wp\/v2\/product\/3022\/revisions"}],"predecessor-version":[{"id":5117,"href":"https:\/\/end.pt\/pt\/wp-json\/wp\/v2\/product\/3022\/revisions\/5117"}],"wp:featuredmedia":[{"embeddable":true,"href":"https:\/\/end.pt\/pt\/wp-json\/wp\/v2\/media\/3023"}],"wp:attachment":[{"href":"https:\/\/end.pt\/pt\/wp-json\/wp\/v2\/media?parent=3022"}],"wp:term":[{"taxonomy":"product_brand","embeddable":true,"href":"https:\/\/end.pt\/pt\/wp-json\/wp\/v2\/product_brand?post=3022"},{"taxonomy":"product_cat","embeddable":true,"href":"https:\/\/end.pt\/pt\/wp-json\/wp\/v2\/product_cat?post=3022"},{"taxonomy":"product_tag","embeddable":true,"href":"https:\/\/end.pt\/pt\/wp-json\/wp\/v2\/product_tag?post=3022"}],"curies":[{"name":"wp","href":"https:\/\/api.w.org\/{rel}","templated":true}]}}