{"id":3026,"date":"2019-03-28T18:07:24","date_gmt":"2019-03-28T18:07:24","guid":{"rendered":"https:\/\/end.pt\/pt\/?post_type=product&#038;p=3026"},"modified":"2021-05-02T19:31:42","modified_gmt":"2021-05-02T19:31:42","slug":"medidor-monitor-de-radiacoes-tracerco-402-402hr","status":"publish","type":"product","link":"https:\/\/end.pt\/pt\/product\/medidor-monitor-de-radiacoes-tracerco-402-402hr\/","title":{"rendered":"Medidor\/Monitor de Radia\u00e7\u00f5es, Tracerco 402\/402HR"},"content":{"rendered":"<p>Monitores\/medidores de dose T402 s\u00e3o leves, mas muito robustos, desenhados para medir a dose e o pico de exposi\u00e7\u00e3o, com um design perfeito para monitoriza\u00e7\u00e3o port\u00e1til de radia\u00e7\u00e3o (de taxa de dose, pico de radia\u00e7\u00e3o, funcionalidade de dos\u00edmetro).<br \/>\nO novo modelo T402HR, mede at\u00e9 100 mSv\/hr, com a mesma facilidade de utiliza\u00e7\u00e3o e funcionalidade que o T402.<\/p>\n","protected":false},"excerpt":{"rendered":"<p>Monitores\/medidores de dose T402 s\u00e3o leves, mas muito robustos, desenhados para medir a dose e o pico de exposi\u00e7\u00e3o, com um design perfeito para monitoriza\u00e7\u00e3o port\u00e1til de radia\u00e7\u00e3o (de taxa de dose, pico de radia\u00e7\u00e3o, funcionalidade de dos\u00edmetro). O novo modelo T402HR, mede at\u00e9 100 mSv\/hr, com a mesma facilidade de utiliza\u00e7\u00e3o e funcionalidade que [&hellip;]<\/p>\n","protected":false},"featured_media":3027,"template":"","meta":[],"product_brand":[],"product_cat":[157,37,161],"product_tag":[],"class_list":{"0":"post-3026","1":"product","2":"type-product","3":"status-publish","4":"has-post-thumbnail","6":"product_cat-acessorios-radiografia-industrial","7":"product_cat-radiografia-industrial","8":"product_cat-radioproteccao-e-seguranca","10":"first","11":"instock","12":"shipping-taxable","13":"product-type-simple"},"_links":{"self":[{"href":"https:\/\/end.pt\/pt\/wp-json\/wp\/v2\/product\/3026","targetHints":{"allow":["GET"]}}],"collection":[{"href":"https:\/\/end.pt\/pt\/wp-json\/wp\/v2\/product"}],"about":[{"href":"https:\/\/end.pt\/pt\/wp-json\/wp\/v2\/types\/product"}],"version-history":[{"count":3,"href":"https:\/\/end.pt\/pt\/wp-json\/wp\/v2\/product\/3026\/revisions"}],"predecessor-version":[{"id":5116,"href":"https:\/\/end.pt\/pt\/wp-json\/wp\/v2\/product\/3026\/revisions\/5116"}],"wp:featuredmedia":[{"embeddable":true,"href":"https:\/\/end.pt\/pt\/wp-json\/wp\/v2\/media\/3027"}],"wp:attachment":[{"href":"https:\/\/end.pt\/pt\/wp-json\/wp\/v2\/media?parent=3026"}],"wp:term":[{"taxonomy":"product_brand","embeddable":true,"href":"https:\/\/end.pt\/pt\/wp-json\/wp\/v2\/product_brand?post=3026"},{"taxonomy":"product_cat","embeddable":true,"href":"https:\/\/end.pt\/pt\/wp-json\/wp\/v2\/product_cat?post=3026"},{"taxonomy":"product_tag","embeddable":true,"href":"https:\/\/end.pt\/pt\/wp-json\/wp\/v2\/product_tag?post=3026"}],"curies":[{"name":"wp","href":"https:\/\/api.w.org\/{rel}","templated":true}]}}