{"id":3030,"date":"2019-03-28T18:10:20","date_gmt":"2019-03-28T18:10:20","guid":{"rendered":"https:\/\/end.pt\/pt\/?post_type=product&#038;p=3030"},"modified":"2021-05-02T19:31:16","modified_gmt":"2021-05-02T19:31:16","slug":"medidor-monitor-de-radiacoes-atex-tracerco-202","status":"publish","type":"product","link":"https:\/\/end.pt\/pt\/product\/medidor-monitor-de-radiacoes-atex-tracerco-202\/","title":{"rendered":"Medidor\/Monitor de Radia\u00e7\u00f5es ATEX, Tracerco 202"},"content":{"rendered":"<p>Medidor\/monitor de radia\u00e7\u00e3o de m\u00e3o intrinsecamente seguro (ATEX), leve e pr\u00e1tico.<br \/>\nEquipamento robusto e fi\u00e1vel, em conjunto com o seu excelente design leve,<br \/>\ne o facto de que \u00e9 intrinsecamente seguro, torna-o o equipamento perfeito<br \/>\npara ambientes perigosos (taxa de dose, pico de radia\u00e7\u00e3o, funcionalidade de dos\u00edmetro).<\/p>\n","protected":false},"excerpt":{"rendered":"<p>Medidor\/monitor de radia\u00e7\u00e3o de m\u00e3o intrinsecamente seguro (ATEX), leve e pr\u00e1tico. Equipamento robusto e fi\u00e1vel, em conjunto com o seu excelente design leve, e o facto de que \u00e9 intrinsecamente seguro, torna-o o equipamento perfeito para ambientes perigosos (taxa de dose, pico de radia\u00e7\u00e3o, funcionalidade de dos\u00edmetro).<\/p>\n","protected":false},"featured_media":3031,"template":"","meta":[],"product_brand":[],"product_cat":[157,37,161],"product_tag":[],"class_list":{"0":"post-3030","1":"product","2":"type-product","3":"status-publish","4":"has-post-thumbnail","6":"product_cat-acessorios-radiografia-industrial","7":"product_cat-radiografia-industrial","8":"product_cat-radioproteccao-e-seguranca","10":"first","11":"instock","12":"shipping-taxable","13":"product-type-simple"},"_links":{"self":[{"href":"https:\/\/end.pt\/pt\/wp-json\/wp\/v2\/product\/3030","targetHints":{"allow":["GET"]}}],"collection":[{"href":"https:\/\/end.pt\/pt\/wp-json\/wp\/v2\/product"}],"about":[{"href":"https:\/\/end.pt\/pt\/wp-json\/wp\/v2\/types\/product"}],"version-history":[{"count":3,"href":"https:\/\/end.pt\/pt\/wp-json\/wp\/v2\/product\/3030\/revisions"}],"predecessor-version":[{"id":5115,"href":"https:\/\/end.pt\/pt\/wp-json\/wp\/v2\/product\/3030\/revisions\/5115"}],"wp:featuredmedia":[{"embeddable":true,"href":"https:\/\/end.pt\/pt\/wp-json\/wp\/v2\/media\/3031"}],"wp:attachment":[{"href":"https:\/\/end.pt\/pt\/wp-json\/wp\/v2\/media?parent=3030"}],"wp:term":[{"taxonomy":"product_brand","embeddable":true,"href":"https:\/\/end.pt\/pt\/wp-json\/wp\/v2\/product_brand?post=3030"},{"taxonomy":"product_cat","embeddable":true,"href":"https:\/\/end.pt\/pt\/wp-json\/wp\/v2\/product_cat?post=3030"},{"taxonomy":"product_tag","embeddable":true,"href":"https:\/\/end.pt\/pt\/wp-json\/wp\/v2\/product_tag?post=3030"}],"curies":[{"name":"wp","href":"https:\/\/api.w.org\/{rel}","templated":true}]}}