{"id":3033,"date":"2019-03-28T18:20:43","date_gmt":"2019-03-28T18:20:43","guid":{"rendered":"https:\/\/end.pt\/pt\/?post_type=product&#038;p=3033"},"modified":"2021-05-02T19:30:59","modified_gmt":"2021-05-02T19:30:59","slug":"dosimetros-individuais-electronicos-ped","status":"publish","type":"product","link":"https:\/\/end.pt\/pt\/product\/dosimetros-individuais-electronicos-ped\/","title":{"rendered":"Dos\u00edmetros individuais Electr\u00f3nicos, PED"},"content":{"rendered":"<p>Dos\u00edmetros Individuais Pessoais Electr\u00f3nicos, para leitura das doses recebidas, di\u00e1ria, semanal, ou mensalmente.<br \/>\nDos\u00edmetro electr\u00f3nico pessoal de alta qualidade, perfeito para especialistas em radia\u00e7\u00e3o e aqueles que n\u00e3o costumam trabalhar com radia\u00e7\u00e3o no dia-a-dia.<br \/>\nInclui pack de servi\u00e7o de calibra\u00e7\u00e3o, certificado de calibra\u00e7\u00e3o de primeiro servi\u00e7o, software DoseVision e uma recalibra\u00e7\u00e3o anual.<br \/>\nDisponivel em 3 vers\u00f5es: PED Blue, PED+ (avan\u00e7ado, fun\u00e7\u00f5es Bluetooth, GPS, alarmes), PED-IS (intrinsecamente seguro).<\/p>\n","protected":false},"excerpt":{"rendered":"<p>Dos\u00edmetros Individuais Pessoais Electr\u00f3nicos, para leitura das doses recebidas, di\u00e1ria, semanal, ou mensalmente. Dos\u00edmetro electr\u00f3nico pessoal de alta qualidade, perfeito para especialistas em radia\u00e7\u00e3o e aqueles que n\u00e3o costumam trabalhar com radia\u00e7\u00e3o no dia-a-dia. Inclui pack de servi\u00e7o de calibra\u00e7\u00e3o, certificado de calibra\u00e7\u00e3o de primeiro servi\u00e7o, software DoseVision e uma recalibra\u00e7\u00e3o anual. Disponivel em 3 [&hellip;]<\/p>\n","protected":false},"featured_media":3034,"template":"","meta":[],"product_brand":[],"product_cat":[157,37,161],"product_tag":[],"class_list":{"0":"post-3033","1":"product","2":"type-product","3":"status-publish","4":"has-post-thumbnail","6":"product_cat-acessorios-radiografia-industrial","7":"product_cat-radiografia-industrial","8":"product_cat-radioproteccao-e-seguranca","10":"first","11":"instock","12":"shipping-taxable","13":"product-type-simple"},"_links":{"self":[{"href":"https:\/\/end.pt\/pt\/wp-json\/wp\/v2\/product\/3033","targetHints":{"allow":["GET"]}}],"collection":[{"href":"https:\/\/end.pt\/pt\/wp-json\/wp\/v2\/product"}],"about":[{"href":"https:\/\/end.pt\/pt\/wp-json\/wp\/v2\/types\/product"}],"version-history":[{"count":3,"href":"https:\/\/end.pt\/pt\/wp-json\/wp\/v2\/product\/3033\/revisions"}],"predecessor-version":[{"id":5113,"href":"https:\/\/end.pt\/pt\/wp-json\/wp\/v2\/product\/3033\/revisions\/5113"}],"wp:featuredmedia":[{"embeddable":true,"href":"https:\/\/end.pt\/pt\/wp-json\/wp\/v2\/media\/3034"}],"wp:attachment":[{"href":"https:\/\/end.pt\/pt\/wp-json\/wp\/v2\/media?parent=3033"}],"wp:term":[{"taxonomy":"product_brand","embeddable":true,"href":"https:\/\/end.pt\/pt\/wp-json\/wp\/v2\/product_brand?post=3033"},{"taxonomy":"product_cat","embeddable":true,"href":"https:\/\/end.pt\/pt\/wp-json\/wp\/v2\/product_cat?post=3033"},{"taxonomy":"product_tag","embeddable":true,"href":"https:\/\/end.pt\/pt\/wp-json\/wp\/v2\/product_tag?post=3033"}],"curies":[{"name":"wp","href":"https:\/\/api.w.org\/{rel}","templated":true}]}}