{"id":3037,"date":"2019-03-28T18:22:50","date_gmt":"2019-03-28T18:22:50","guid":{"rendered":"https:\/\/end.pt\/pt\/?post_type=product&#038;p=3037"},"modified":"2021-05-02T19:30:37","modified_gmt":"2021-05-02T19:30:37","slug":"dosimetros-individuais-tipo-caneta","status":"publish","type":"product","link":"https:\/\/end.pt\/pt\/product\/dosimetros-individuais-tipo-caneta\/","title":{"rendered":"Dos\u00edmetros individuais, tipo caneta"},"content":{"rendered":"<p>E carregador usado para regular a zero todos os dos\u00edmetros. A alimenta\u00e7\u00e3o \u00e9 feita com uma pilha de 1.5V e tem autonomia para 2000 cargas.<br \/>\nCom capacidades de:<\/p>\n<ul>\n<li>200 mR<\/li>\n<li>500 mR<\/li>\n<li>1 R<\/li>\n<li>10 R<\/li>\n<li>100 R<\/li>\n<li>200 R<\/li>\n<li>600 R<\/li>\n<\/ul>\n","protected":false},"excerpt":{"rendered":"<p>E carregador usado para regular a zero todos os dos\u00edmetros. A alimenta\u00e7\u00e3o \u00e9 feita com uma pilha de 1.5V e tem autonomia para 2000 cargas. Com capacidades de: 200 mR 500 mR 1 R 10 R 100 R 200 R 600 R<\/p>\n","protected":false},"featured_media":3042,"template":"","meta":[],"product_brand":[],"product_cat":[157,37,161],"product_tag":[],"class_list":{"0":"post-3037","1":"product","2":"type-product","3":"status-publish","4":"has-post-thumbnail","6":"product_cat-acessorios-radiografia-industrial","7":"product_cat-radiografia-industrial","8":"product_cat-radioproteccao-e-seguranca","10":"first","11":"instock","12":"shipping-taxable","13":"product-type-simple"},"_links":{"self":[{"href":"https:\/\/end.pt\/pt\/wp-json\/wp\/v2\/product\/3037","targetHints":{"allow":["GET"]}}],"collection":[{"href":"https:\/\/end.pt\/pt\/wp-json\/wp\/v2\/product"}],"about":[{"href":"https:\/\/end.pt\/pt\/wp-json\/wp\/v2\/types\/product"}],"version-history":[{"count":3,"href":"https:\/\/end.pt\/pt\/wp-json\/wp\/v2\/product\/3037\/revisions"}],"predecessor-version":[{"id":5112,"href":"https:\/\/end.pt\/pt\/wp-json\/wp\/v2\/product\/3037\/revisions\/5112"}],"wp:featuredmedia":[{"embeddable":true,"href":"https:\/\/end.pt\/pt\/wp-json\/wp\/v2\/media\/3042"}],"wp:attachment":[{"href":"https:\/\/end.pt\/pt\/wp-json\/wp\/v2\/media?parent=3037"}],"wp:term":[{"taxonomy":"product_brand","embeddable":true,"href":"https:\/\/end.pt\/pt\/wp-json\/wp\/v2\/product_brand?post=3037"},{"taxonomy":"product_cat","embeddable":true,"href":"https:\/\/end.pt\/pt\/wp-json\/wp\/v2\/product_cat?post=3037"},{"taxonomy":"product_tag","embeddable":true,"href":"https:\/\/end.pt\/pt\/wp-json\/wp\/v2\/product_tag?post=3037"}],"curies":[{"name":"wp","href":"https:\/\/api.w.org\/{rel}","templated":true}]}}