{"id":3052,"date":"2019-03-28T19:28:00","date_gmt":"2019-03-28T19:28:00","guid":{"rendered":"https:\/\/end.pt\/pt\/?post_type=product&#038;p=3052"},"modified":"2021-05-02T19:29:10","modified_gmt":"2021-05-02T19:29:10","slug":"placas-de-sinalizacao","status":"publish","type":"product","link":"https:\/\/end.pt\/pt\/product\/placas-de-sinalizacao\/","title":{"rendered":"Placas de sinaliza\u00e7\u00e3o"},"content":{"rendered":"<p>Placa de Alum\u00ednio \u201cRadia\u00e7\u00f5es N\u00e3o Passar\u201d<br \/>\nPlaca \u201cEntrada N\u00e3o Autorizada + \u00c1rea com Radia\u00e7\u00e3o Controlada\u201d<\/p>\n","protected":false},"excerpt":{"rendered":"<p>Placa de Alum\u00ednio \u201cRadia\u00e7\u00f5es N\u00e3o Passar\u201d Placa \u201cEntrada N\u00e3o Autorizada + \u00c1rea com Radia\u00e7\u00e3o Controlada\u201d<\/p>\n","protected":false},"featured_media":3053,"template":"","meta":[],"product_brand":[],"product_cat":[157,37,161,132],"product_tag":[],"class_list":{"0":"post-3052","1":"product","2":"type-product","3":"status-publish","4":"has-post-thumbnail","6":"product_cat-acessorios-radiografia-industrial","7":"product_cat-radiografia-industrial","8":"product_cat-radioproteccao-e-seguranca","9":"product_cat-sinalizacao-sonora-e-visual","11":"first","12":"instock","13":"shipping-taxable","14":"product-type-simple"},"_links":{"self":[{"href":"https:\/\/end.pt\/pt\/wp-json\/wp\/v2\/product\/3052","targetHints":{"allow":["GET"]}}],"collection":[{"href":"https:\/\/end.pt\/pt\/wp-json\/wp\/v2\/product"}],"about":[{"href":"https:\/\/end.pt\/pt\/wp-json\/wp\/v2\/types\/product"}],"version-history":[{"count":2,"href":"https:\/\/end.pt\/pt\/wp-json\/wp\/v2\/product\/3052\/revisions"}],"predecessor-version":[{"id":5110,"href":"https:\/\/end.pt\/pt\/wp-json\/wp\/v2\/product\/3052\/revisions\/5110"}],"wp:featuredmedia":[{"embeddable":true,"href":"https:\/\/end.pt\/pt\/wp-json\/wp\/v2\/media\/3053"}],"wp:attachment":[{"href":"https:\/\/end.pt\/pt\/wp-json\/wp\/v2\/media?parent=3052"}],"wp:term":[{"taxonomy":"product_brand","embeddable":true,"href":"https:\/\/end.pt\/pt\/wp-json\/wp\/v2\/product_brand?post=3052"},{"taxonomy":"product_cat","embeddable":true,"href":"https:\/\/end.pt\/pt\/wp-json\/wp\/v2\/product_cat?post=3052"},{"taxonomy":"product_tag","embeddable":true,"href":"https:\/\/end.pt\/pt\/wp-json\/wp\/v2\/product_tag?post=3052"}],"curies":[{"name":"wp","href":"https:\/\/api.w.org\/{rel}","templated":true}]}}