{"id":3394,"date":"2019-03-31T21:19:51","date_gmt":"2019-03-31T21:19:51","guid":{"rendered":"https:\/\/end.pt\/pt\/?post_type=product&#038;p=3394"},"modified":"2021-05-02T17:14:47","modified_gmt":"2021-05-02T17:14:47","slug":"marcador-industrial-b-e-paintstik","status":"publish","type":"product","link":"https:\/\/end.pt\/pt\/product\/marcador-industrial-b-e-paintstik\/","title":{"rendered":"Marcador Industrial B-E Paintstik"},"content":{"rendered":"<p>Marcador criado para realizar marca\u00e7\u00f5es em superf\u00edcies muito rugosas, como pe\u00e7as forjadas, fundi\u00e7\u00e3o, bet\u00e3o e madeira. O B-E Paintstik marca uma linha mais ampla, com maior clareza, em superf\u00edcies de metal ou madeira frias, molhadas, secas ou oleosas.<\/p>\n<p>Marcador com tamanho de marca\u00e7\u00e3o standard (17mm), dispon\u00edvel em embalagens de 12 ou 144 unidades, com as seguintes cores:<\/p>\n<ul>\n<li>Tinta s\u00f3lida suave para marca\u00e7\u00f5es mais f\u00e1ceis em superf\u00edcies rugosas ou frias.<\/li>\n<li>Marca\u00e7\u00f5es suportam imers\u00e3o prolongada em \u00e1gua, para grande vida de marca\u00e7\u00e3o<\/li>\n<li>F\u00e1cil de usar e segurar, o papel de embrulho recicl\u00e1vel protege o Paintstik para m\u00e1ximo uso.<\/li>\n<li>Resistente a condi\u00e7\u00f5es meteorol\u00f3gicas e UVs, para marca\u00e7\u00f5es de longa dura\u00e7\u00e3o.<\/li>\n<li>Gama de temperaturas de marca\u00e7\u00e3o: -46\u00baC a 66\u00baC<\/li>\n<\/ul>\n","protected":false},"excerpt":{"rendered":"<p style=\"text-align: center;\"><a href=\"https:\/\/end.pt\/catalogo\/Marcador Industrial PAINTSTIK B-E (superficies rugosas).pdf\" target=\"_blank\" rel=\"noopener noreferrer\">Download de Catalogo<\/a><\/p>\n<p style=\"text-align: center;\">(precisa do plugin do Acrobat Reader instalado)<\/p>\n","protected":false},"featured_media":3397,"template":"","meta":[],"product_brand":[],"product_cat":[50],"product_tag":[],"class_list":{"0":"post-3394","1":"product","2":"type-product","3":"status-publish","4":"has-post-thumbnail","6":"product_cat-marcadores-industriais","8":"first","9":"instock","10":"shipping-taxable","11":"product-type-simple"},"_links":{"self":[{"href":"https:\/\/end.pt\/pt\/wp-json\/wp\/v2\/product\/3394","targetHints":{"allow":["GET"]}}],"collection":[{"href":"https:\/\/end.pt\/pt\/wp-json\/wp\/v2\/product"}],"about":[{"href":"https:\/\/end.pt\/pt\/wp-json\/wp\/v2\/types\/product"}],"version-history":[{"count":2,"href":"https:\/\/end.pt\/pt\/wp-json\/wp\/v2\/product\/3394\/revisions"}],"predecessor-version":[{"id":5060,"href":"https:\/\/end.pt\/pt\/wp-json\/wp\/v2\/product\/3394\/revisions\/5060"}],"wp:featuredmedia":[{"embeddable":true,"href":"https:\/\/end.pt\/pt\/wp-json\/wp\/v2\/media\/3397"}],"wp:attachment":[{"href":"https:\/\/end.pt\/pt\/wp-json\/wp\/v2\/media?parent=3394"}],"wp:term":[{"taxonomy":"product_brand","embeddable":true,"href":"https:\/\/end.pt\/pt\/wp-json\/wp\/v2\/product_brand?post=3394"},{"taxonomy":"product_cat","embeddable":true,"href":"https:\/\/end.pt\/pt\/wp-json\/wp\/v2\/product_cat?post=3394"},{"taxonomy":"product_tag","embeddable":true,"href":"https:\/\/end.pt\/pt\/wp-json\/wp\/v2\/product_tag?post=3394"}],"curies":[{"name":"wp","href":"https:\/\/api.w.org\/{rel}","templated":true}]}}