{"id":3403,"date":"2019-03-31T21:29:50","date_gmt":"2019-03-31T21:29:50","guid":{"rendered":"https:\/\/end.pt\/pt\/?post_type=product&#038;p=3403"},"modified":"2021-05-02T17:13:41","modified_gmt":"2021-05-02T17:13:41","slug":"marcador-industrial-ws-3-8-paintstik","status":"publish","type":"product","link":"https:\/\/end.pt\/pt\/product\/marcador-industrial-ws-3-8-paintstik\/","title":{"rendered":"Marcador Industrial WS-3\/8 Paintstik"},"content":{"rendered":"<p>O marcador de escrita suave Markal Paintstik WS-3\/8 \u00e9 um marcador de pintura s\u00f3lida remov\u00edvel. As marca\u00e7\u00f5es de linha fina s\u00e3o facilmente limpas com \u00e1gua, e n\u00e3o ir\u00e3o manchar ou deixar rasto em superf\u00edcies n\u00e3o porosas.<\/p>\n<p>Marcador de tamanho \u00fanico \u201cfino\u201d (9.5mm), dispon\u00edvel em embalagens de 12 ou 144 unidades, com as seguintes cores:<\/p>\n<ul>\n<li>Sol\u00favel em \u00e1gua para f\u00e1cil remo\u00e7\u00e3o antes de produ\u00e7\u00e3o ou acabamento.<\/li>\n<li>Di\u00e2metro pequeno para marca\u00e7\u00f5es de linhas mais finas.<\/li>\n<li>Ideal para marca\u00e7\u00f5es tempor\u00e1rias em superf\u00edcies n\u00e3o porosas.<\/li>\n<li>F\u00e1cil de usar e segurar, o papel de embrulho recicl\u00e1vel protege o Paintstik para m\u00e1ximo uso.<\/li>\n<li>Gama de temperaturas de marca\u00e7\u00e3o: -46\u00baC a 66\u00baC<\/li>\n<\/ul>\n","protected":false},"excerpt":{"rendered":"<p style=\"text-align: center;\"><a href=\"https:\/\/end.pt\/catalogo\/Marcador Industrial PAINTSTIK WS-3-8.pdf\" target=\"_blank\" rel=\"noopener noreferrer\">Download de Catalogo<\/a><\/p>\n<p style=\"text-align: center;\">(precisa do plugin do Acrobat Reader instalado)<\/p>\n","protected":false},"featured_media":3406,"template":"","meta":[],"product_brand":[],"product_cat":[50],"product_tag":[],"class_list":{"0":"post-3403","1":"product","2":"type-product","3":"status-publish","4":"has-post-thumbnail","6":"product_cat-marcadores-industriais","8":"first","9":"instock","10":"shipping-taxable","11":"product-type-simple"},"_links":{"self":[{"href":"https:\/\/end.pt\/pt\/wp-json\/wp\/v2\/product\/3403","targetHints":{"allow":["GET"]}}],"collection":[{"href":"https:\/\/end.pt\/pt\/wp-json\/wp\/v2\/product"}],"about":[{"href":"https:\/\/end.pt\/pt\/wp-json\/wp\/v2\/types\/product"}],"version-history":[{"count":3,"href":"https:\/\/end.pt\/pt\/wp-json\/wp\/v2\/product\/3403\/revisions"}],"predecessor-version":[{"id":5057,"href":"https:\/\/end.pt\/pt\/wp-json\/wp\/v2\/product\/3403\/revisions\/5057"}],"wp:featuredmedia":[{"embeddable":true,"href":"https:\/\/end.pt\/pt\/wp-json\/wp\/v2\/media\/3406"}],"wp:attachment":[{"href":"https:\/\/end.pt\/pt\/wp-json\/wp\/v2\/media?parent=3403"}],"wp:term":[{"taxonomy":"product_brand","embeddable":true,"href":"https:\/\/end.pt\/pt\/wp-json\/wp\/v2\/product_brand?post=3403"},{"taxonomy":"product_cat","embeddable":true,"href":"https:\/\/end.pt\/pt\/wp-json\/wp\/v2\/product_cat?post=3403"},{"taxonomy":"product_tag","embeddable":true,"href":"https:\/\/end.pt\/pt\/wp-json\/wp\/v2\/product_tag?post=3403"}],"curies":[{"name":"wp","href":"https:\/\/api.w.org\/{rel}","templated":true}]}}