{"id":3409,"date":"2019-04-03T20:45:50","date_gmt":"2019-04-03T20:45:50","guid":{"rendered":"https:\/\/end.pt\/pt\/?post_type=product&#038;p=3409"},"modified":"2021-05-02T17:12:23","modified_gmt":"2021-05-02T17:12:23","slug":"marcador-industrial-pro-ex","status":"publish","type":"product","link":"https:\/\/end.pt\/pt\/product\/marcador-industrial-pro-ex\/","title":{"rendered":"Marcador Industrial PRO-EX"},"content":{"rendered":"<p>Marcador de pintura s\u00f3lida em stick \u00e0 base de argila para madeira, para marca\u00e7\u00f5es claras e vivas em diferentes superf\u00edcies dos of\u00edcios de constru\u00e7\u00e3o. Este marcador de qualidade superior funciona em superf\u00edcies molhadas ou secas.<\/p>\n<p>Marcador dispon\u00edvel em embalagens de 12 ou 144 unidades, com as seguintes cores:<\/p>\n<ul>\n<li>F\u00f3rmula mais resistente permite uma maior dura\u00e7\u00e3o de vida e resist\u00eancia a fracturas, em ambientes de marca\u00e7\u00e3o industrial dif\u00edceis.<\/li>\n<li>F\u00f3rmula \u00e0 base de argila garante uma marca\u00e7\u00e3o r\u00e1pida e suave, com maior for\u00e7a, maior resist\u00eancia \u00e0 \u00e1gua, desvanecimentos, e borr\u00f5es, e uma visibilidade de cor m\u00e1xima.<\/li>\n<li>Desempenho superior em madeira molhada, congelada ou tratada.<\/li>\n<li>Poupan\u00e7a em custos de invent\u00e1rio para marcadores especiais para madeira, para aplica\u00e7\u00f5es especiais; o PRO-EX \u00e9 adequado para tudo.<\/li>\n<li>Elimina a necessidade de marcadores especiais de grafite. O PRO-EX preto pode ser utilizado ao inv\u00e9s, para aplica\u00e7\u00f5es a maiores temperaturas.<\/li>\n<li>Gama de temperaturas de marca\u00e7\u00e3o: -29\u00baC a 66\u00baC<\/li>\n<\/ul>\n","protected":false},"excerpt":{"rendered":"<p style=\"text-align: center;\"><a href=\"https:\/\/end.pt\/catalogo\/Marcador Industrial para madeira PRO-EX.pdf\" target=\"_blank\" rel=\"noopener noreferrer\">Download de Catalogo<\/a><\/p>\n<p style=\"text-align: center;\">(precisa do plugin do Acrobat Reader instalado)<\/p>\n","protected":false},"featured_media":3412,"template":"","meta":[],"product_brand":[],"product_cat":[50],"product_tag":[],"class_list":{"0":"post-3409","1":"product","2":"type-product","3":"status-publish","4":"has-post-thumbnail","6":"product_cat-marcadores-industriais","8":"first","9":"instock","10":"shipping-taxable","11":"product-type-simple"},"_links":{"self":[{"href":"https:\/\/end.pt\/pt\/wp-json\/wp\/v2\/product\/3409","targetHints":{"allow":["GET"]}}],"collection":[{"href":"https:\/\/end.pt\/pt\/wp-json\/wp\/v2\/product"}],"about":[{"href":"https:\/\/end.pt\/pt\/wp-json\/wp\/v2\/types\/product"}],"version-history":[{"count":2,"href":"https:\/\/end.pt\/pt\/wp-json\/wp\/v2\/product\/3409\/revisions"}],"predecessor-version":[{"id":5056,"href":"https:\/\/end.pt\/pt\/wp-json\/wp\/v2\/product\/3409\/revisions\/5056"}],"wp:featuredmedia":[{"embeddable":true,"href":"https:\/\/end.pt\/pt\/wp-json\/wp\/v2\/media\/3412"}],"wp:attachment":[{"href":"https:\/\/end.pt\/pt\/wp-json\/wp\/v2\/media?parent=3409"}],"wp:term":[{"taxonomy":"product_brand","embeddable":true,"href":"https:\/\/end.pt\/pt\/wp-json\/wp\/v2\/product_brand?post=3409"},{"taxonomy":"product_cat","embeddable":true,"href":"https:\/\/end.pt\/pt\/wp-json\/wp\/v2\/product_cat?post=3409"},{"taxonomy":"product_tag","embeddable":true,"href":"https:\/\/end.pt\/pt\/wp-json\/wp\/v2\/product_tag?post=3409"}],"curies":[{"name":"wp","href":"https:\/\/api.w.org\/{rel}","templated":true}]}}