{"id":3415,"date":"2019-04-06T20:05:36","date_gmt":"2019-04-06T20:05:36","guid":{"rendered":"https:\/\/end.pt\/pt\/?post_type=product&#038;p=3415"},"modified":"2021-05-02T17:11:53","modified_gmt":"2021-05-02T17:11:53","slug":"marcador-industrial-tyre-marque","status":"publish","type":"product","link":"https:\/\/end.pt\/pt\/product\/marcador-industrial-tyre-marque\/","title":{"rendered":"Marcador Industrial TYRE MARQUE"},"content":{"rendered":"<p>Para marca\u00e7\u00f5es tempor\u00e1rias em pneus, o marcador de tinta s\u00f3lida TYRE MARQUE marca suavemente em muitas superf\u00edcies. Estas cores brilhantes e resistentes a borr\u00f5es (sem esborratar), s\u00e3o facilmente vistas em \u00e1reas pouco iluminadas e s\u00e3o ideias para marca\u00e7\u00e3o em pneus.<\/p>\n<ul>\n<li>Marcador com tamanho de marca\u00e7\u00e3o de 12.7mm, dispon\u00edvel em embalagens de 12 ou 144 unidades, com as seguintes cores:<\/li>\n<li>Marca\u00e7\u00e3o suaves em superf\u00edcies rugosas ou sujas para marca\u00e7\u00f5es n\u00edtidas e vis\u00edveis.<\/li>\n<li>Marca facilmente em superf\u00edcies de borracha molhadas ou frias<\/li>\n<li>Gama de temperaturas de marca\u00e7\u00e3o: -29\u00baC a 54\u00baC<\/li>\n<\/ul>\n","protected":false},"excerpt":{"rendered":"<p style=\"text-align: center;\"><a href=\"https:\/\/end.pt\/catalogo\/Marcador Industrial para pneus TYRE MARQUE (pneus).pdf\" target=\"_blank\" rel=\"noopener noreferrer\">Download de Catalogo<\/a><\/p>\n<p style=\"text-align: center;\">(precisa do plugin do Acrobat Reader instalado)<\/p>\n","protected":false},"featured_media":3418,"template":"","meta":[],"product_brand":[],"product_cat":[50],"product_tag":[],"class_list":{"0":"post-3415","1":"product","2":"type-product","3":"status-publish","4":"has-post-thumbnail","6":"product_cat-marcadores-industriais","8":"first","9":"instock","10":"shipping-taxable","11":"product-type-simple"},"_links":{"self":[{"href":"https:\/\/end.pt\/pt\/wp-json\/wp\/v2\/product\/3415","targetHints":{"allow":["GET"]}}],"collection":[{"href":"https:\/\/end.pt\/pt\/wp-json\/wp\/v2\/product"}],"about":[{"href":"https:\/\/end.pt\/pt\/wp-json\/wp\/v2\/types\/product"}],"version-history":[{"count":2,"href":"https:\/\/end.pt\/pt\/wp-json\/wp\/v2\/product\/3415\/revisions"}],"predecessor-version":[{"id":5055,"href":"https:\/\/end.pt\/pt\/wp-json\/wp\/v2\/product\/3415\/revisions\/5055"}],"wp:featuredmedia":[{"embeddable":true,"href":"https:\/\/end.pt\/pt\/wp-json\/wp\/v2\/media\/3418"}],"wp:attachment":[{"href":"https:\/\/end.pt\/pt\/wp-json\/wp\/v2\/media?parent=3415"}],"wp:term":[{"taxonomy":"product_brand","embeddable":true,"href":"https:\/\/end.pt\/pt\/wp-json\/wp\/v2\/product_brand?post=3415"},{"taxonomy":"product_cat","embeddable":true,"href":"https:\/\/end.pt\/pt\/wp-json\/wp\/v2\/product_cat?post=3415"},{"taxonomy":"product_tag","embeddable":true,"href":"https:\/\/end.pt\/pt\/wp-json\/wp\/v2\/product_tag?post=3415"}],"curies":[{"name":"wp","href":"https:\/\/api.w.org\/{rel}","templated":true}]}}