{"id":3961,"date":"2020-08-17T22:21:52","date_gmt":"2020-08-17T22:21:52","guid":{"rendered":"https:\/\/end.pt\/pt\/?post_type=product&#038;p=3961"},"modified":"2021-05-02T16:16:30","modified_gmt":"2021-05-02T16:16:30","slug":"videoscopio-modelo-pro-c-hd","status":"publish","type":"product","link":"https:\/\/end.pt\/pt\/product\/videoscopio-modelo-pro-c-hd\/","title":{"rendered":"Videosc\u00f3pio modelo PRO C HD"},"content":{"rendered":"<p>Videosc\u00f3pio de inspec\u00e7\u00e3o, de alta defini\u00e7\u00e3o, articulado, com capacidade de liga\u00e7\u00e3o a v\u00e1rias sondas de diferentes comprimentos e di\u00e2metros, e v\u00e1rias fun\u00e7\u00f5es avan\u00e7adas.<\/p>\n<p>O Videosc\u00f3pio PRO C HD \u00e9 um sistema compacto totalmente port\u00e1til constitu\u00eddo por uma c\u00e2mara CMOS de alta resolu\u00e7\u00e3o 720p, montada numa sonda articulada com articula\u00e7\u00e3o em 4-sentidos.<\/p>\n<p>Imagens ou v\u00eddeos podem ser facilmente guardados com um gatilho localizado na parte traseira do videosc\u00f3pio.<\/p>\n<p>As sondas podem ser facilmente trocadas numa quest\u00e3o de segundos.<\/p>\n<p>Este videosc\u00f3pio oferece uma alta resolu\u00e7\u00e3o, forte ilumina\u00e7\u00e3o e uma excelente qualidade de imagem.<\/p>\n<p>Dispon\u00edvel com comprimentos at\u00e9 7 metros com sonda de vis\u00e3o lateral, \u00e9 o instrumento perfeito para empresas de ensaios n\u00e3o destrutivo que efetuem inspec\u00e7\u00f5es a soldadura.<\/p>\n","protected":false},"excerpt":{"rendered":"<p>Videosc\u00f3pio de inspec\u00e7\u00e3o, de alta defini\u00e7\u00e3o, articulado, com capacidade de liga\u00e7\u00e3o a v\u00e1rias sondas de diferentes comprimentos e di\u00e2metros, e v\u00e1rias fun\u00e7\u00f5es avan\u00e7adas. O Videosc\u00f3pio PRO C HD \u00e9 um sistema compacto totalmente port\u00e1til constitu\u00eddo por uma c\u00e2mara CMOS de alta resolu\u00e7\u00e3o 720p, montada numa sonda articulada com articula\u00e7\u00e3o em 4-sentidos. Imagens ou v\u00eddeos podem [&hellip;]<\/p>\n","protected":false},"featured_media":3964,"template":"","meta":[],"product_brand":[],"product_cat":[23,20],"product_tag":[],"class_list":{"0":"post-3961","1":"product","2":"type-product","3":"status-publish","4":"has-post-thumbnail","6":"product_cat-endoscopios-videoscopios","7":"product_cat-ensaios-visuais","9":"first","10":"instock","11":"shipping-taxable","12":"product-type-simple"},"_links":{"self":[{"href":"https:\/\/end.pt\/pt\/wp-json\/wp\/v2\/product\/3961","targetHints":{"allow":["GET"]}}],"collection":[{"href":"https:\/\/end.pt\/pt\/wp-json\/wp\/v2\/product"}],"about":[{"href":"https:\/\/end.pt\/pt\/wp-json\/wp\/v2\/types\/product"}],"version-history":[{"count":3,"href":"https:\/\/end.pt\/pt\/wp-json\/wp\/v2\/product\/3961\/revisions"}],"predecessor-version":[{"id":5023,"href":"https:\/\/end.pt\/pt\/wp-json\/wp\/v2\/product\/3961\/revisions\/5023"}],"wp:featuredmedia":[{"embeddable":true,"href":"https:\/\/end.pt\/pt\/wp-json\/wp\/v2\/media\/3964"}],"wp:attachment":[{"href":"https:\/\/end.pt\/pt\/wp-json\/wp\/v2\/media?parent=3961"}],"wp:term":[{"taxonomy":"product_brand","embeddable":true,"href":"https:\/\/end.pt\/pt\/wp-json\/wp\/v2\/product_brand?post=3961"},{"taxonomy":"product_cat","embeddable":true,"href":"https:\/\/end.pt\/pt\/wp-json\/wp\/v2\/product_cat?post=3961"},{"taxonomy":"product_tag","embeddable":true,"href":"https:\/\/end.pt\/pt\/wp-json\/wp\/v2\/product_tag?post=3961"}],"curies":[{"name":"wp","href":"https:\/\/api.w.org\/{rel}","templated":true}]}}