{"id":3972,"date":"2020-08-17T22:28:34","date_gmt":"2020-08-17T22:28:34","guid":{"rendered":"https:\/\/end.pt\/pt\/?post_type=product&#038;p=3972"},"modified":"2021-05-02T16:16:04","modified_gmt":"2021-05-02T16:16:04","slug":"videoscopio-modelo-pro-g","status":"publish","type":"product","link":"https:\/\/end.pt\/pt\/product\/videoscopio-modelo-pro-g\/","title":{"rendered":"Videosc\u00f3pio modelo PRO G"},"content":{"rendered":"<p>Videosc\u00f3pio de inspec\u00e7\u00e3o, de alta defini\u00e7\u00e3o, articulado, com capacidade de liga\u00e7\u00e3o a v\u00e1rias sondas de diferentes comprimentos e di\u00e2metro 6,5mm<\/p>\n<p>O videosc\u00f3pio PRO G \u00e9 um sistema compacto que consiste em uma c\u00e2mara micro CMOS com resolu\u00e7\u00e3o de 390.000 pixels, um ecr\u00e3 TFT de 3,5\u201d e uma sonda articulada 4-sentidos controlada por um joystick mecanizado.<\/p>\n<p>A sonda \u00e9 feita de a\u00e7o inoxid\u00e1vel que permite trabalhar em ambientes industriais dif\u00edceis, como manuten\u00e7\u00e3o. Est\u00e1 dispon\u00edvel no di\u00e2metro 6,5 mm e comprimentos de trabalho de 1,2, 2,2 e 3,0 metros.<\/p>\n<p>A fun\u00e7\u00e3o joystick do videosc\u00f3pio permite uma utiliza\u00e7\u00e3o muito f\u00e1cil e um controle preciso da sonda ao trabalhar em \u00e1reas confinadas. O peso levo reduz a fadiga do operador.<\/p>\n<p>A sonda de v\u00eddeo \u00e9 iluminada por uma fonte de luz de 8 LEDs brilhantes com 5 n\u00edveis ajust\u00e1veis de luminosidade. A interface intuitiva \u00e9 muito simples de utilizar e oferece fun\u00e7\u00f5es b\u00e1sicas como zoom 5X, grava\u00e7\u00e3o de fotos e v\u00eddeos num cart\u00e3o micro SD de 8 GB, sa\u00edda de v\u00eddeo e porta USB para transfer\u00eancia de dados. \u00c9 alimentado por 4 pilhas AA para facilitar utiliza\u00e7\u00e3o em todo o mundo.<\/p>\n","protected":false},"excerpt":{"rendered":"<p>Videosc\u00f3pio de inspec\u00e7\u00e3o, de alta defini\u00e7\u00e3o, articulado, com capacidade de liga\u00e7\u00e3o a v\u00e1rias sondas de diferentes comprimentos e di\u00e2metro 6,5mm O videosc\u00f3pio PRO G \u00e9 um sistema compacto que consiste em uma c\u00e2mara micro CMOS com resolu\u00e7\u00e3o de 390.000 pixels, um ecr\u00e3 TFT de 3,5\u201d e uma sonda articulada 4-sentidos controlada por um joystick mecanizado. [&hellip;]<\/p>\n","protected":false},"featured_media":3974,"template":"","meta":[],"product_brand":[],"product_cat":[23,20],"product_tag":[],"class_list":{"0":"post-3972","1":"product","2":"type-product","3":"status-publish","4":"has-post-thumbnail","6":"product_cat-endoscopios-videoscopios","7":"product_cat-ensaios-visuais","9":"first","10":"instock","11":"shipping-taxable","12":"product-type-simple"},"_links":{"self":[{"href":"https:\/\/end.pt\/pt\/wp-json\/wp\/v2\/product\/3972","targetHints":{"allow":["GET"]}}],"collection":[{"href":"https:\/\/end.pt\/pt\/wp-json\/wp\/v2\/product"}],"about":[{"href":"https:\/\/end.pt\/pt\/wp-json\/wp\/v2\/types\/product"}],"version-history":[{"count":2,"href":"https:\/\/end.pt\/pt\/wp-json\/wp\/v2\/product\/3972\/revisions"}],"predecessor-version":[{"id":5022,"href":"https:\/\/end.pt\/pt\/wp-json\/wp\/v2\/product\/3972\/revisions\/5022"}],"wp:featuredmedia":[{"embeddable":true,"href":"https:\/\/end.pt\/pt\/wp-json\/wp\/v2\/media\/3974"}],"wp:attachment":[{"href":"https:\/\/end.pt\/pt\/wp-json\/wp\/v2\/media?parent=3972"}],"wp:term":[{"taxonomy":"product_brand","embeddable":true,"href":"https:\/\/end.pt\/pt\/wp-json\/wp\/v2\/product_brand?post=3972"},{"taxonomy":"product_cat","embeddable":true,"href":"https:\/\/end.pt\/pt\/wp-json\/wp\/v2\/product_cat?post=3972"},{"taxonomy":"product_tag","embeddable":true,"href":"https:\/\/end.pt\/pt\/wp-json\/wp\/v2\/product_tag?post=3972"}],"curies":[{"name":"wp","href":"https:\/\/api.w.org\/{rel}","templated":true}]}}