{"id":3985,"date":"2020-08-17T22:55:15","date_gmt":"2020-08-17T22:55:15","guid":{"rendered":"https:\/\/end.pt\/pt\/?post_type=product&#038;p=3985"},"modified":"2021-05-02T16:15:43","modified_gmt":"2021-05-02T16:15:43","slug":"videoscopio-modelo-pro-g-2","status":"publish","type":"product","link":"https:\/\/end.pt\/pt\/product\/videoscopio-modelo-pro-g-2\/","title":{"rendered":"Videosc\u00f3pio modelo PRO G+"},"content":{"rendered":"<p>Videosc\u00f3pio de inspec\u00e7\u00e3o, de alta defini\u00e7\u00e3o, articulado, com capacidade de liga\u00e7\u00e3o a v\u00e1rias sondas de diferentes comprimentos e di\u00e2metros.<\/p>\n<p>O Videosc\u00f3pio PRO G HR \u00e9 um sistema compacto totalmente port\u00e1til constitu\u00eddo por uma c\u00e2mara CMOS de alta resolu\u00e7\u00e3o, montada numa sonda articulada com articula\u00e7\u00e3o em 4-sentidos.<\/p>\n<p>As sondas podem ser facilmente trocadas numa quest\u00e3o de segundos.<\/p>\n<p>As sondas intercambi\u00e1veis est\u00e3o dispon\u00edveis nos di\u00e2metros 4,5 mm e 6,0 mm, com comprimentos de trabalho de 1,5 &#8211; 2 e 3 metros. Sonda objetiva fixa de 90 \u00b0 para inspe\u00e7\u00e3o de soldadura.<\/p>\n<p>Reduza os custos de repara\u00e7\u00e3o e o tempo de imobiliza\u00e7\u00e3o, trocando apenas a sonda se estiver danificada.<\/p>\n<p>Este videosc\u00f3pio oferece uma alta resolu\u00e7\u00e3o, forte ilumina\u00e7\u00e3o e uma excelente qualidade de imagem sem perda de resolu\u00e7\u00e3o nas imagens ou v\u00eddeos gravados.<\/p>\n","protected":false},"excerpt":{"rendered":"<p>Videosc\u00f3pio de inspec\u00e7\u00e3o, de alta defini\u00e7\u00e3o, articulado, com capacidade de liga\u00e7\u00e3o a v\u00e1rias sondas de diferentes comprimentos e di\u00e2metros. O Videosc\u00f3pio PRO G HR \u00e9 um sistema compacto totalmente port\u00e1til constitu\u00eddo por uma c\u00e2mara CMOS de alta resolu\u00e7\u00e3o, montada numa sonda articulada com articula\u00e7\u00e3o em 4-sentidos. As sondas podem ser facilmente trocadas numa quest\u00e3o de [&hellip;]<\/p>\n","protected":false},"featured_media":3987,"template":"","meta":[],"product_brand":[],"product_cat":[23,20],"product_tag":[],"class_list":{"0":"post-3985","1":"product","2":"type-product","3":"status-publish","4":"has-post-thumbnail","6":"product_cat-endoscopios-videoscopios","7":"product_cat-ensaios-visuais","9":"first","10":"instock","11":"shipping-taxable","12":"product-type-simple"},"_links":{"self":[{"href":"https:\/\/end.pt\/pt\/wp-json\/wp\/v2\/product\/3985","targetHints":{"allow":["GET"]}}],"collection":[{"href":"https:\/\/end.pt\/pt\/wp-json\/wp\/v2\/product"}],"about":[{"href":"https:\/\/end.pt\/pt\/wp-json\/wp\/v2\/types\/product"}],"version-history":[{"count":2,"href":"https:\/\/end.pt\/pt\/wp-json\/wp\/v2\/product\/3985\/revisions"}],"predecessor-version":[{"id":5021,"href":"https:\/\/end.pt\/pt\/wp-json\/wp\/v2\/product\/3985\/revisions\/5021"}],"wp:featuredmedia":[{"embeddable":true,"href":"https:\/\/end.pt\/pt\/wp-json\/wp\/v2\/media\/3987"}],"wp:attachment":[{"href":"https:\/\/end.pt\/pt\/wp-json\/wp\/v2\/media?parent=3985"}],"wp:term":[{"taxonomy":"product_brand","embeddable":true,"href":"https:\/\/end.pt\/pt\/wp-json\/wp\/v2\/product_brand?post=3985"},{"taxonomy":"product_cat","embeddable":true,"href":"https:\/\/end.pt\/pt\/wp-json\/wp\/v2\/product_cat?post=3985"},{"taxonomy":"product_tag","embeddable":true,"href":"https:\/\/end.pt\/pt\/wp-json\/wp\/v2\/product_tag?post=3985"}],"curies":[{"name":"wp","href":"https:\/\/api.w.org\/{rel}","templated":true}]}}