{"id":3993,"date":"2020-08-17T22:59:58","date_gmt":"2020-08-17T22:59:58","guid":{"rendered":"https:\/\/end.pt\/pt\/?post_type=product&#038;p=3993"},"modified":"2021-05-02T16:15:18","modified_gmt":"2021-05-02T16:15:18","slug":"videoscopio-modelo-pro-g-hr","status":"publish","type":"product","link":"https:\/\/end.pt\/pt\/product\/videoscopio-modelo-pro-g-hr\/","title":{"rendered":"Videosc\u00f3pio modelo PRO G HR"},"content":{"rendered":"<p>Videosc\u00f3pio de inspec\u00e7\u00e3o, de super alta defini\u00e7\u00e3o, articulado, com capacidade de liga\u00e7\u00e3o a v\u00e1rias sondas de diferentes comprimentos e di\u00e2metros.<\/p>\n<p>O Videosc\u00f3pio PRO G HR \u00e9 um sistema compacto totalmente port\u00e1til constitu\u00eddo por uma c\u00e2mara CMOS de muito alta resolu\u00e7\u00e3o 720p ou 961600 pix\u00e9is, montada numa sonda articulada com articula\u00e7\u00e3o em 4-sentidos.<\/p>\n<p>Imagens ou v\u00eddeos podem ser facilmente guardados com um gatilho localizado na parte traseira do videosc\u00f3pio.<\/p>\n<p>As sondas podem ser facilmente trocadas numa quest\u00e3o de segundos.<\/p>\n<p>Este videosc\u00f3pio oferece uma alta resolu\u00e7\u00e3o, forte ilumina\u00e7\u00e3o e uma excelente qualidade de imagem sem perda de resolu\u00e7\u00e3o nas imagens ou v\u00eddeos gravados. O que v\u00ea \u00e9 o que guarda.<\/p>\n","protected":false},"excerpt":{"rendered":"<p>Videosc\u00f3pio de inspec\u00e7\u00e3o, de super alta defini\u00e7\u00e3o, articulado, com capacidade de liga\u00e7\u00e3o a v\u00e1rias sondas de diferentes comprimentos e di\u00e2metros. O Videosc\u00f3pio PRO G HR \u00e9 um sistema compacto totalmente port\u00e1til constitu\u00eddo por uma c\u00e2mara CMOS de muito alta resolu\u00e7\u00e3o 720p ou 961600 pix\u00e9is, montada numa sonda articulada com articula\u00e7\u00e3o em 4-sentidos. Imagens ou v\u00eddeos [&hellip;]<\/p>\n","protected":false},"featured_media":3995,"template":"","meta":[],"product_brand":[],"product_cat":[23,20],"product_tag":[],"class_list":{"0":"post-3993","1":"product","2":"type-product","3":"status-publish","4":"has-post-thumbnail","6":"product_cat-endoscopios-videoscopios","7":"product_cat-ensaios-visuais","9":"first","10":"instock","11":"shipping-taxable","12":"product-type-simple"},"_links":{"self":[{"href":"https:\/\/end.pt\/pt\/wp-json\/wp\/v2\/product\/3993","targetHints":{"allow":["GET"]}}],"collection":[{"href":"https:\/\/end.pt\/pt\/wp-json\/wp\/v2\/product"}],"about":[{"href":"https:\/\/end.pt\/pt\/wp-json\/wp\/v2\/types\/product"}],"version-history":[{"count":2,"href":"https:\/\/end.pt\/pt\/wp-json\/wp\/v2\/product\/3993\/revisions"}],"predecessor-version":[{"id":5020,"href":"https:\/\/end.pt\/pt\/wp-json\/wp\/v2\/product\/3993\/revisions\/5020"}],"wp:featuredmedia":[{"embeddable":true,"href":"https:\/\/end.pt\/pt\/wp-json\/wp\/v2\/media\/3995"}],"wp:attachment":[{"href":"https:\/\/end.pt\/pt\/wp-json\/wp\/v2\/media?parent=3993"}],"wp:term":[{"taxonomy":"product_brand","embeddable":true,"href":"https:\/\/end.pt\/pt\/wp-json\/wp\/v2\/product_brand?post=3993"},{"taxonomy":"product_cat","embeddable":true,"href":"https:\/\/end.pt\/pt\/wp-json\/wp\/v2\/product_cat?post=3993"},{"taxonomy":"product_tag","embeddable":true,"href":"https:\/\/end.pt\/pt\/wp-json\/wp\/v2\/product_tag?post=3993"}],"curies":[{"name":"wp","href":"https:\/\/api.w.org\/{rel}","templated":true}]}}