{"id":3997,"date":"2020-08-17T23:03:07","date_gmt":"2020-08-17T23:03:07","guid":{"rendered":"https:\/\/end.pt\/pt\/?post_type=product&#038;p=3997"},"modified":"2021-05-02T16:14:48","modified_gmt":"2021-05-02T16:14:48","slug":"videoscopio-modelo-p1-ext-wd","status":"publish","type":"product","link":"https:\/\/end.pt\/pt\/product\/videoscopio-modelo-p1-ext-wd\/","title":{"rendered":"Videosc\u00f3pio modelo P1-EXT-Wd"},"content":{"rendered":"<p>Videosc\u00f3pio de inspec\u00e7\u00e3o com vara fixa extens\u00edvel c\/c\u00e2mara.<\/p>\n<p>O Videosc\u00f3pio P1-EXT-Wd \u00e9 uma c\u00e2mara v\u00eddeo \u201cflex and stay\u201d montada numa vara r\u00edgida extens\u00edvel de 1.2 a 4 metros. A c\u00e2mara oferece uma resolu\u00e7\u00e3o de 400.000 pix\u00e9is para um di\u00e2metro de 28mm.<\/p>\n<p>A estrutura semirr\u00edgida permite posicionar perfeitamente a c\u00e2mara em qualquer direc\u00e7\u00e3o para uma inspec\u00e7\u00e3o perfeita.<\/p>\n<p>Est\u00e1 tamb\u00e9m dispon\u00edvel como op\u00e7\u00e3o uma c\u00e2mara IR (Infra-Vermelho) \u201cLow Light\u201d para inspec\u00e7\u00e3o em zonas escuras.<\/p>\n","protected":false},"excerpt":{"rendered":"<p>Videosc\u00f3pio de inspec\u00e7\u00e3o com vara fixa extens\u00edvel c\/c\u00e2mara. O Videosc\u00f3pio P1-EXT-Wd \u00e9 uma c\u00e2mara v\u00eddeo \u201cflex and stay\u201d montada numa vara r\u00edgida extens\u00edvel de 1.2 a 4 metros. A c\u00e2mara oferece uma resolu\u00e7\u00e3o de 400.000 pix\u00e9is para um di\u00e2metro de 28mm. A estrutura semirr\u00edgida permite posicionar perfeitamente a c\u00e2mara em qualquer direc\u00e7\u00e3o para uma inspec\u00e7\u00e3o [&hellip;]<\/p>\n","protected":false},"featured_media":3998,"template":"","meta":[],"product_brand":[],"product_cat":[23,20],"product_tag":[],"class_list":{"0":"post-3997","1":"product","2":"type-product","3":"status-publish","4":"has-post-thumbnail","6":"product_cat-endoscopios-videoscopios","7":"product_cat-ensaios-visuais","9":"first","10":"instock","11":"shipping-taxable","12":"product-type-simple"},"_links":{"self":[{"href":"https:\/\/end.pt\/pt\/wp-json\/wp\/v2\/product\/3997","targetHints":{"allow":["GET"]}}],"collection":[{"href":"https:\/\/end.pt\/pt\/wp-json\/wp\/v2\/product"}],"about":[{"href":"https:\/\/end.pt\/pt\/wp-json\/wp\/v2\/types\/product"}],"version-history":[{"count":2,"href":"https:\/\/end.pt\/pt\/wp-json\/wp\/v2\/product\/3997\/revisions"}],"predecessor-version":[{"id":5019,"href":"https:\/\/end.pt\/pt\/wp-json\/wp\/v2\/product\/3997\/revisions\/5019"}],"wp:featuredmedia":[{"embeddable":true,"href":"https:\/\/end.pt\/pt\/wp-json\/wp\/v2\/media\/3998"}],"wp:attachment":[{"href":"https:\/\/end.pt\/pt\/wp-json\/wp\/v2\/media?parent=3997"}],"wp:term":[{"taxonomy":"product_brand","embeddable":true,"href":"https:\/\/end.pt\/pt\/wp-json\/wp\/v2\/product_brand?post=3997"},{"taxonomy":"product_cat","embeddable":true,"href":"https:\/\/end.pt\/pt\/wp-json\/wp\/v2\/product_cat?post=3997"},{"taxonomy":"product_tag","embeddable":true,"href":"https:\/\/end.pt\/pt\/wp-json\/wp\/v2\/product_tag?post=3997"}],"curies":[{"name":"wp","href":"https:\/\/api.w.org\/{rel}","templated":true}]}}