{"id":4000,"date":"2020-08-17T23:04:37","date_gmt":"2020-08-17T23:04:37","guid":{"rendered":"https:\/\/end.pt\/pt\/?post_type=product&#038;p=4000"},"modified":"2021-05-02T16:13:54","modified_gmt":"2021-05-02T16:13:54","slug":"videoscopio-modelo-sf6","status":"publish","type":"product","link":"https:\/\/end.pt\/pt\/product\/videoscopio-modelo-sf6\/","title":{"rendered":"Videosc\u00f3pio modelo SF6"},"content":{"rendered":"<p>Endosc\u00f3pio Flex\u00edvel BIPOL SF6 com 6 mm di\u00e2metro e comprimento de 920 mm \u2013 7.400 pix\u00e9is.<\/p>\n<p>O endosc\u00f3pio flex\u00edvel BIPOL SF6 consiste numa sonda flex\u00edvel coberta a PVC, resistente a \u00e1gua e \u00f3leo, com di\u00e2metro de 6mm e comprimento de trabalho de 920mm, e um punho com luz LED-R de alta intensidade alimentado a bateria.<\/p>\n<p>O pacote de fibra \u00f3tica \u00e9 composto de 7.400 pix\u00e9is que oferecem uma excelente resolu\u00e7\u00e3o a um pre\u00e7o bastante econ\u00f3mico.<\/p>\n<p>A focagem pode ser manualmente ajustada de 10 mm at\u00e9 infinito.<\/p>\n<p>A alimenta\u00e7\u00e3o \u00e9 fornecida por uma bateria recarreg\u00e1vel 18650.<\/p>\n","protected":false},"excerpt":{"rendered":"<p>Endosc\u00f3pio Flex\u00edvel BIPOL SF6 com 6 mm di\u00e2metro e comprimento de 920 mm \u2013 7.400 pix\u00e9is. O endosc\u00f3pio flex\u00edvel BIPOL SF6 consiste numa sonda flex\u00edvel coberta a PVC, resistente a \u00e1gua e \u00f3leo, com di\u00e2metro de 6mm e comprimento de trabalho de 920mm, e um punho com luz LED-R de alta intensidade alimentado a bateria. [&hellip;]<\/p>\n","protected":false},"featured_media":4004,"template":"","meta":[],"product_brand":[],"product_cat":[23,20],"product_tag":[],"class_list":{"0":"post-4000","1":"product","2":"type-product","3":"status-publish","4":"has-post-thumbnail","6":"product_cat-endoscopios-videoscopios","7":"product_cat-ensaios-visuais","9":"first","10":"instock","11":"shipping-taxable","12":"product-type-simple"},"_links":{"self":[{"href":"https:\/\/end.pt\/pt\/wp-json\/wp\/v2\/product\/4000","targetHints":{"allow":["GET"]}}],"collection":[{"href":"https:\/\/end.pt\/pt\/wp-json\/wp\/v2\/product"}],"about":[{"href":"https:\/\/end.pt\/pt\/wp-json\/wp\/v2\/types\/product"}],"version-history":[{"count":2,"href":"https:\/\/end.pt\/pt\/wp-json\/wp\/v2\/product\/4000\/revisions"}],"predecessor-version":[{"id":5018,"href":"https:\/\/end.pt\/pt\/wp-json\/wp\/v2\/product\/4000\/revisions\/5018"}],"wp:featuredmedia":[{"embeddable":true,"href":"https:\/\/end.pt\/pt\/wp-json\/wp\/v2\/media\/4004"}],"wp:attachment":[{"href":"https:\/\/end.pt\/pt\/wp-json\/wp\/v2\/media?parent=4000"}],"wp:term":[{"taxonomy":"product_brand","embeddable":true,"href":"https:\/\/end.pt\/pt\/wp-json\/wp\/v2\/product_brand?post=4000"},{"taxonomy":"product_cat","embeddable":true,"href":"https:\/\/end.pt\/pt\/wp-json\/wp\/v2\/product_cat?post=4000"},{"taxonomy":"product_tag","embeddable":true,"href":"https:\/\/end.pt\/pt\/wp-json\/wp\/v2\/product_tag?post=4000"}],"curies":[{"name":"wp","href":"https:\/\/api.w.org\/{rel}","templated":true}]}}