{"id":4020,"date":"2020-08-18T22:41:21","date_gmt":"2020-08-18T22:41:21","guid":{"rendered":"https:\/\/end.pt\/pt\/?post_type=product&#038;p=4020"},"modified":"2021-05-02T16:06:50","modified_gmt":"2021-05-02T16:06:50","slug":"sistemas-tipo-tanque","status":"publish","type":"product","link":"https:\/\/end.pt\/pt\/product\/sistemas-tipo-tanque\/","title":{"rendered":"Sistemas tipo tanque"},"content":{"rendered":"<p>Na maioria das vezes, os sistemas de l\u00edquidos penetrantes tipo tanque incluem a imers\u00e3o dos itens a serem examinados no l\u00edquido penetrante utilizado. A imers\u00e3o total da pe\u00e7a garante a aplica\u00e7\u00e3o de l\u00edquido em 100% das superf\u00edcies. Neste tipo de sistemas, as seguintes opera\u00e7\u00f5es de pr\u00e9-lavagem, a emulsifica\u00e7\u00e3o (se necess\u00e1rio), a lavagem final, a secagem e a aplica\u00e7\u00e3o do revelador podem ocorrer ou n\u00e3o ocorrer nos tanques conforme o m\u00e9todo aplicado.<\/p>\n<p>Fornecemos uma gama completa de sistemas de tanques CGM CIGIEMME S.p.A., come\u00e7ando por sistemas manuais muito simples (MODULAR), at\u00e9 sistemas totalmente automatizados, onde as pe\u00e7as seguem seu ciclo movidas por manipuladores autom\u00e1ticos. Os sistemas s\u00e3o projetados e constru\u00eddos inteiramente de acordo com o espa\u00e7o dispon\u00edvel e os ciclos de inspec\u00e7\u00e3o a serem seguidos. Muitas vezes, este tipo de planta pode trabalhar com diferentes n\u00edveis de penetrante (S1, S2, S3 e S4), gerindo os diferentes ciclos de trabalho com facilidade.<\/p>\n<p>As aplica\u00e7\u00f5es mais modernas incluem a aplica\u00e7\u00e3o do penetrante e revelador por meio de pistolas eletrost\u00e1ticas tamb\u00e9m para sistemas de tanques. Isto para minimizar o consumo dos produtos, visando o meio ambiente.<\/p>\n<p>Os sistemas s\u00e3o certificados CE e realizados de acordo com as regras em vigor.<\/p>\n","protected":false},"excerpt":{"rendered":"<p>Na maioria das vezes, os sistemas de l\u00edquidos penetrantes tipo tanque incluem a imers\u00e3o dos itens a serem examinados no l\u00edquido penetrante utilizado. A imers\u00e3o total da pe\u00e7a garante a aplica\u00e7\u00e3o de l\u00edquido em 100% das superf\u00edcies. Neste tipo de sistemas, as seguintes opera\u00e7\u00f5es de pr\u00e9-lavagem, a emulsifica\u00e7\u00e3o (se necess\u00e1rio), a lavagem final, a secagem [&hellip;]<\/p>\n","protected":false},"featured_media":4025,"template":"","meta":[],"product_brand":[],"product_cat":[25,144],"product_tag":[],"class_list":{"0":"post-4020","1":"product","2":"type-product","3":"status-publish","4":"has-post-thumbnail","6":"product_cat-liquidos-penetrantes","7":"product_cat-sistemas-fixos","9":"first","10":"instock","11":"shipping-taxable","12":"product-type-simple"},"_links":{"self":[{"href":"https:\/\/end.pt\/pt\/wp-json\/wp\/v2\/product\/4020","targetHints":{"allow":["GET"]}}],"collection":[{"href":"https:\/\/end.pt\/pt\/wp-json\/wp\/v2\/product"}],"about":[{"href":"https:\/\/end.pt\/pt\/wp-json\/wp\/v2\/types\/product"}],"version-history":[{"count":2,"href":"https:\/\/end.pt\/pt\/wp-json\/wp\/v2\/product\/4020\/revisions"}],"predecessor-version":[{"id":5017,"href":"https:\/\/end.pt\/pt\/wp-json\/wp\/v2\/product\/4020\/revisions\/5017"}],"wp:featuredmedia":[{"embeddable":true,"href":"https:\/\/end.pt\/pt\/wp-json\/wp\/v2\/media\/4025"}],"wp:attachment":[{"href":"https:\/\/end.pt\/pt\/wp-json\/wp\/v2\/media?parent=4020"}],"wp:term":[{"taxonomy":"product_brand","embeddable":true,"href":"https:\/\/end.pt\/pt\/wp-json\/wp\/v2\/product_brand?post=4020"},{"taxonomy":"product_cat","embeddable":true,"href":"https:\/\/end.pt\/pt\/wp-json\/wp\/v2\/product_cat?post=4020"},{"taxonomy":"product_tag","embeddable":true,"href":"https:\/\/end.pt\/pt\/wp-json\/wp\/v2\/product_tag?post=4020"}],"curies":[{"name":"wp","href":"https:\/\/api.w.org\/{rel}","templated":true}]}}