{"id":4027,"date":"2020-08-18T22:45:10","date_gmt":"2020-08-18T22:45:10","guid":{"rendered":"https:\/\/end.pt\/pt\/?post_type=product&#038;p=4027"},"modified":"2021-05-02T16:06:21","modified_gmt":"2021-05-02T16:06:21","slug":"sistemas-tipo-cabine","status":"publish","type":"product","link":"https:\/\/end.pt\/pt\/product\/sistemas-tipo-cabine\/","title":{"rendered":"Sistemas tipo cabine"},"content":{"rendered":"<p>Os sistemas de l\u00edquido penetrante tipo Cabine envolvem a aplica\u00e7\u00e3o de l\u00edquido penetrante na superf\u00edcie da pe\u00e7a a ser examinada, por pulveriza\u00e7\u00e3o dentro de cabines equipadas com um sistema de suc\u00e7\u00e3o ideal. A pulveriza\u00e7\u00e3o pode ser uma pulveriza\u00e7\u00e3o padr\u00e3o ou pelo m\u00e9todo eletrost\u00e1tico, mais moderno.<\/p>\n<p>Este tipo de sistema \u00e9 geralmente utilizado para pe\u00e7as de tamanho m\u00e9dio-grande, para as quais a imers\u00e3o da pe\u00e7a torna-se dif\u00edcil de gerir. Devido \u00e0 sua grande flexibilidade, podem tamb\u00e9m ser utilizados \u200b\u200bquando a gama dimensional das pe\u00e7as \u00e9 ampla e variada.<\/p>\n<p>O manuseamento das pe\u00e7as e a aplica\u00e7\u00e3o dos produtos pode ser manual ou totalmente autom\u00e1tico, dependendo principalmente da produtividade necess\u00e1ria. Fornecemos linhas de cabine totalmente autom\u00e1ticas, onde as \u00fanicas opera\u00e7\u00f5es manuais s\u00e3o o carregamento e descarregamento das pe\u00e7as e a inspe\u00e7\u00e3o.<\/p>\n<p>As cabines de trabalho podem ter diferentes dimens\u00f5es, dependendo das pe\u00e7as a serem processadas. O n\u00famero de cabines pode variar dependendo do espa\u00e7o dispon\u00edvel e dos ciclos necess\u00e1rios. E podem ser utilizados penetrantes de diferentes sensibilidades (S2, S3 e S4).<\/p>\n<p>Os sistemas s\u00e3o certificados CE e realizados de acordo com as regras em vigor.<\/p>\n","protected":false},"excerpt":{"rendered":"<p>Os sistemas de l\u00edquido penetrante tipo Cabine envolvem a aplica\u00e7\u00e3o de l\u00edquido penetrante na superf\u00edcie da pe\u00e7a a ser examinada, por pulveriza\u00e7\u00e3o dentro de cabines equipadas com um sistema de suc\u00e7\u00e3o ideal. A pulveriza\u00e7\u00e3o pode ser uma pulveriza\u00e7\u00e3o padr\u00e3o ou pelo m\u00e9todo eletrost\u00e1tico, mais moderno. Este tipo de sistema \u00e9 geralmente utilizado para pe\u00e7as de [&hellip;]<\/p>\n","protected":false},"featured_media":4028,"template":"","meta":[],"product_brand":[],"product_cat":[25,144],"product_tag":[],"class_list":{"0":"post-4027","1":"product","2":"type-product","3":"status-publish","4":"has-post-thumbnail","6":"product_cat-liquidos-penetrantes","7":"product_cat-sistemas-fixos","9":"first","10":"instock","11":"shipping-taxable","12":"product-type-simple"},"_links":{"self":[{"href":"https:\/\/end.pt\/pt\/wp-json\/wp\/v2\/product\/4027","targetHints":{"allow":["GET"]}}],"collection":[{"href":"https:\/\/end.pt\/pt\/wp-json\/wp\/v2\/product"}],"about":[{"href":"https:\/\/end.pt\/pt\/wp-json\/wp\/v2\/types\/product"}],"version-history":[{"count":2,"href":"https:\/\/end.pt\/pt\/wp-json\/wp\/v2\/product\/4027\/revisions"}],"predecessor-version":[{"id":5016,"href":"https:\/\/end.pt\/pt\/wp-json\/wp\/v2\/product\/4027\/revisions\/5016"}],"wp:featuredmedia":[{"embeddable":true,"href":"https:\/\/end.pt\/pt\/wp-json\/wp\/v2\/media\/4028"}],"wp:attachment":[{"href":"https:\/\/end.pt\/pt\/wp-json\/wp\/v2\/media?parent=4027"}],"wp:term":[{"taxonomy":"product_brand","embeddable":true,"href":"https:\/\/end.pt\/pt\/wp-json\/wp\/v2\/product_brand?post=4027"},{"taxonomy":"product_cat","embeddable":true,"href":"https:\/\/end.pt\/pt\/wp-json\/wp\/v2\/product_cat?post=4027"},{"taxonomy":"product_tag","embeddable":true,"href":"https:\/\/end.pt\/pt\/wp-json\/wp\/v2\/product_tag?post=4027"}],"curies":[{"name":"wp","href":"https:\/\/api.w.org\/{rel}","templated":true}]}}