{"id":4034,"date":"2020-08-18T22:47:13","date_gmt":"2020-08-18T22:47:13","guid":{"rendered":"https:\/\/end.pt\/pt\/?post_type=product&#038;p=4034"},"modified":"2021-05-02T16:05:54","modified_gmt":"2021-05-02T16:05:54","slug":"sistemas-mistos-tanque-cabine","status":"publish","type":"product","link":"https:\/\/end.pt\/pt\/product\/sistemas-mistos-tanque-cabine\/","title":{"rendered":"Sistemas Mistos tanque\/cabine"},"content":{"rendered":"<p>Os sistemas mistos de l\u00edquidos penetrantes para tanques e cabines foram desenvolvidos pela CGM CIGIEMME S.p.A para fornecer ao cliente as caracter\u00edsticas de alta flexibilidade dos sistemas de cabine, e o alto controlo do processo, t\u00edpico dos sistemas de tanque.<\/p>\n<p>Neste tipo de sistema, est\u00e1 projectada a aplica\u00e7\u00e3o do penetrante na cabine com pulveriza\u00e7\u00e3o padr\u00e3o ou eletrost\u00e1tica, enquanto que a aplica\u00e7\u00e3o do emulsificador e a subsequente importante fase de Paragem s\u00e3o geridas em tanques, de modo a ter controle total do tempo nestas duas fases fundamentais do processo. Lavagem, secagem, aplica\u00e7\u00e3o do revelador e inspe\u00e7\u00e3o s\u00e3o executadas dentro das cabines.<\/p>\n<p>Os sistemas mistos tanques-cabine s\u00e3o amplamente utilizados no setor Aeroespacial \/ Energ\u00e9tico, onde \u00e9 necess\u00e1ria uma grande flexibilidade e controle absoluto das fases do processo.<\/p>\n<p>Os sistemas s\u00e3o certificados CE e realizados de acordo com as regras em vigor.<\/p>\n","protected":false},"excerpt":{"rendered":"<p>Os sistemas mistos de l\u00edquidos penetrantes para tanques e cabines foram desenvolvidos pela CGM CIGIEMME S.p.A para fornecer ao cliente as caracter\u00edsticas de alta flexibilidade dos sistemas de cabine, e o alto controlo do processo, t\u00edpico dos sistemas de tanque. Neste tipo de sistema, est\u00e1 projectada a aplica\u00e7\u00e3o do penetrante na cabine com pulveriza\u00e7\u00e3o padr\u00e3o [&hellip;]<\/p>\n","protected":false},"featured_media":4037,"template":"","meta":[],"product_brand":[],"product_cat":[25,144],"product_tag":[],"class_list":{"0":"post-4034","1":"product","2":"type-product","3":"status-publish","4":"has-post-thumbnail","6":"product_cat-liquidos-penetrantes","7":"product_cat-sistemas-fixos","9":"first","10":"instock","11":"shipping-taxable","12":"product-type-simple"},"_links":{"self":[{"href":"https:\/\/end.pt\/pt\/wp-json\/wp\/v2\/product\/4034","targetHints":{"allow":["GET"]}}],"collection":[{"href":"https:\/\/end.pt\/pt\/wp-json\/wp\/v2\/product"}],"about":[{"href":"https:\/\/end.pt\/pt\/wp-json\/wp\/v2\/types\/product"}],"version-history":[{"count":2,"href":"https:\/\/end.pt\/pt\/wp-json\/wp\/v2\/product\/4034\/revisions"}],"predecessor-version":[{"id":5015,"href":"https:\/\/end.pt\/pt\/wp-json\/wp\/v2\/product\/4034\/revisions\/5015"}],"wp:featuredmedia":[{"embeddable":true,"href":"https:\/\/end.pt\/pt\/wp-json\/wp\/v2\/media\/4037"}],"wp:attachment":[{"href":"https:\/\/end.pt\/pt\/wp-json\/wp\/v2\/media?parent=4034"}],"wp:term":[{"taxonomy":"product_brand","embeddable":true,"href":"https:\/\/end.pt\/pt\/wp-json\/wp\/v2\/product_brand?post=4034"},{"taxonomy":"product_cat","embeddable":true,"href":"https:\/\/end.pt\/pt\/wp-json\/wp\/v2\/product_cat?post=4034"},{"taxonomy":"product_tag","embeddable":true,"href":"https:\/\/end.pt\/pt\/wp-json\/wp\/v2\/product_tag?post=4034"}],"curies":[{"name":"wp","href":"https:\/\/api.w.org\/{rel}","templated":true}]}}