{"id":4042,"date":"2020-08-18T23:00:37","date_gmt":"2020-08-18T23:00:37","guid":{"rendered":"https:\/\/end.pt\/pt\/?post_type=product&#038;p=4042"},"modified":"2021-05-02T16:05:21","modified_gmt":"2021-05-02T16:05:21","slug":"projector-de-luz-negra-led-spectroline-modelo-uvision-365","status":"publish","type":"product","link":"https:\/\/end.pt\/pt\/product\/projector-de-luz-negra-led-spectroline-modelo-uvision-365\/","title":{"rendered":"Projector de luz negra LED (Spectroline, modelo uVision 365)"},"content":{"rendered":"<p style=\"text-align: center;\"><span style=\"color: #000080;\"><em><strong>Spectroline, modelo uVision 365<\/strong><\/em><\/span><\/p>\n<p>A s\u00e9rie de projectores de inspec\u00e7\u00e3o NDT uVision 365 \u00e9 a nova inovadora linha de luzes de inspec\u00e7\u00e3o NDT port\u00e1teis e compactas da Spectroline.<\/p>\n<p>Estes projectores leves mas robustos, possuem classifica\u00e7\u00e3o IP65, tornando-os \u00e0 prova de poeiras e resistentes a \u00e1gua. Utilizando um dissipador de calor de ponta, o uVision \u00e9 arrefecido mecanicamente sem necessidade de ventoinhas. Possui tr\u00eas LEDs UV-A poderosos (365nm), bem como uma conveniente luz branca LED para iluminar zonas de trabalho.<\/p>\n<p>Dispon\u00edvel em v\u00e1rias vers\u00f5es, inclusive vers\u00f5es em conformidade com as normas mais exigentes de avia\u00e7\u00e3o e aeroespacial, que possuem microprocessadores para manter os projectores dentro das especifica\u00e7\u00f5es. Outras vers\u00f5es incluem vers\u00e3o Econ\u00f3mica, Deluxe (com filtros integrados), M e Z.<\/p>\n","protected":false},"excerpt":{"rendered":"<p>Spectroline, modelo uVision 365 A s\u00e9rie de projectores de inspec\u00e7\u00e3o NDT uVision 365 \u00e9 a nova inovadora linha de luzes de inspec\u00e7\u00e3o NDT port\u00e1teis e compactas da Spectroline. Estes projectores leves mas robustos, possuem classifica\u00e7\u00e3o IP65, tornando-os \u00e0 prova de poeiras e resistentes a \u00e1gua. Utilizando um dissipador de calor de ponta, o uVision \u00e9 [&hellip;]<\/p>\n","protected":false},"featured_media":4047,"template":"","meta":[],"product_brand":[],"product_cat":[30,25,31,145],"product_tag":[],"class_list":{"0":"post-4042","1":"product","2":"type-product","3":"status-publish","4":"has-post-thumbnail","6":"product_cat-acessorios-pm","7":"product_cat-liquidos-penetrantes","8":"product_cat-particulas-magneticas","9":"product_cat-projectores-de-luz-negra-uv","11":"first","12":"instock","13":"shipping-taxable","14":"product-type-simple"},"_links":{"self":[{"href":"https:\/\/end.pt\/pt\/wp-json\/wp\/v2\/product\/4042","targetHints":{"allow":["GET"]}}],"collection":[{"href":"https:\/\/end.pt\/pt\/wp-json\/wp\/v2\/product"}],"about":[{"href":"https:\/\/end.pt\/pt\/wp-json\/wp\/v2\/types\/product"}],"version-history":[{"count":2,"href":"https:\/\/end.pt\/pt\/wp-json\/wp\/v2\/product\/4042\/revisions"}],"predecessor-version":[{"id":5014,"href":"https:\/\/end.pt\/pt\/wp-json\/wp\/v2\/product\/4042\/revisions\/5014"}],"wp:featuredmedia":[{"embeddable":true,"href":"https:\/\/end.pt\/pt\/wp-json\/wp\/v2\/media\/4047"}],"wp:attachment":[{"href":"https:\/\/end.pt\/pt\/wp-json\/wp\/v2\/media?parent=4042"}],"wp:term":[{"taxonomy":"product_brand","embeddable":true,"href":"https:\/\/end.pt\/pt\/wp-json\/wp\/v2\/product_brand?post=4042"},{"taxonomy":"product_cat","embeddable":true,"href":"https:\/\/end.pt\/pt\/wp-json\/wp\/v2\/product_cat?post=4042"},{"taxonomy":"product_tag","embeddable":true,"href":"https:\/\/end.pt\/pt\/wp-json\/wp\/v2\/product_tag?post=4042"}],"curies":[{"name":"wp","href":"https:\/\/api.w.org\/{rel}","templated":true}]}}