{"id":4049,"date":"2020-08-18T23:03:17","date_gmt":"2020-08-18T23:03:17","guid":{"rendered":"https:\/\/end.pt\/pt\/?post_type=product&#038;p=4049"},"modified":"2021-05-02T16:04:56","modified_gmt":"2021-05-02T16:04:56","slug":"projector-de-luz-negra-led-spectroline-modelo-vintage-365","status":"publish","type":"product","link":"https:\/\/end.pt\/pt\/product\/projector-de-luz-negra-led-spectroline-modelo-vintage-365\/","title":{"rendered":"Projector de luz negra LED (Spectroline, modelo Vintage 365)"},"content":{"rendered":"<p style=\"text-align: center;\"><span style=\"color: #000080;\"><em><strong>Spectroline, modelo Vintage 365<\/strong><\/em><\/span><\/p>\n<p>A s\u00e9rie de projectores de inspec\u00e7\u00e3o NDT Vintage 365 combina o design cl\u00e1ssico dos antigos projectores de l\u00e2mpada X\u00e9non da Spectroline, com a mais moderna tecnologia LED.<\/p>\n<p>Projectores UV-A de alta qualidade, dispon\u00edveis a um pre\u00e7o muito econ\u00f3mico, est\u00e3o equipados com duas luzes UV-A LED muito poderosas. Estes LEDs s\u00e3o funcionais a frio e n\u00e3o exigem ventiladores para arrefecimento, al\u00e9m de que n\u00e3o \u00e9 necess\u00e1rio pr\u00e9-aquecimento.<\/p>\n<p>Equipamentos confort\u00e1veis e robustos, as lentes UV-A de longa dura\u00e7\u00e3o s\u00e3o protegidas contra solariza\u00e7\u00e3o e suportam uso rigoroso, e estilo punho de pistola ergon\u00f3mico, com um peso de apenas 0.95kg \u2013 tornando-a uma excelente op\u00e7\u00e3o para qualquer utilizador em qualquer ambiente por longos per\u00edodos de tempo.<\/p>\n","protected":false},"excerpt":{"rendered":"<p>Spectroline, modelo Vintage 365 A s\u00e9rie de projectores de inspec\u00e7\u00e3o NDT Vintage 365 combina o design cl\u00e1ssico dos antigos projectores de l\u00e2mpada X\u00e9non da Spectroline, com a mais moderna tecnologia LED. Projectores UV-A de alta qualidade, dispon\u00edveis a um pre\u00e7o muito econ\u00f3mico, est\u00e3o equipados com duas luzes UV-A LED muito poderosas. Estes LEDs s\u00e3o funcionais [&hellip;]<\/p>\n","protected":false},"featured_media":4052,"template":"","meta":[],"product_brand":[],"product_cat":[30,25,31,145],"product_tag":[],"class_list":{"0":"post-4049","1":"product","2":"type-product","3":"status-publish","4":"has-post-thumbnail","6":"product_cat-acessorios-pm","7":"product_cat-liquidos-penetrantes","8":"product_cat-particulas-magneticas","9":"product_cat-projectores-de-luz-negra-uv","11":"first","12":"instock","13":"shipping-taxable","14":"product-type-simple"},"_links":{"self":[{"href":"https:\/\/end.pt\/pt\/wp-json\/wp\/v2\/product\/4049","targetHints":{"allow":["GET"]}}],"collection":[{"href":"https:\/\/end.pt\/pt\/wp-json\/wp\/v2\/product"}],"about":[{"href":"https:\/\/end.pt\/pt\/wp-json\/wp\/v2\/types\/product"}],"version-history":[{"count":3,"href":"https:\/\/end.pt\/pt\/wp-json\/wp\/v2\/product\/4049\/revisions"}],"predecessor-version":[{"id":5013,"href":"https:\/\/end.pt\/pt\/wp-json\/wp\/v2\/product\/4049\/revisions\/5013"}],"wp:featuredmedia":[{"embeddable":true,"href":"https:\/\/end.pt\/pt\/wp-json\/wp\/v2\/media\/4052"}],"wp:attachment":[{"href":"https:\/\/end.pt\/pt\/wp-json\/wp\/v2\/media?parent=4049"}],"wp:term":[{"taxonomy":"product_brand","embeddable":true,"href":"https:\/\/end.pt\/pt\/wp-json\/wp\/v2\/product_brand?post=4049"},{"taxonomy":"product_cat","embeddable":true,"href":"https:\/\/end.pt\/pt\/wp-json\/wp\/v2\/product_cat?post=4049"},{"taxonomy":"product_tag","embeddable":true,"href":"https:\/\/end.pt\/pt\/wp-json\/wp\/v2\/product_tag?post=4049"}],"curies":[{"name":"wp","href":"https:\/\/api.w.org\/{rel}","templated":true}]}}