{"id":4071,"date":"2020-08-18T23:21:10","date_gmt":"2020-08-18T23:21:10","guid":{"rendered":"https:\/\/end.pt\/pt\/?post_type=product&#038;p=4071"},"modified":"2021-05-02T16:04:30","modified_gmt":"2021-05-02T16:04:30","slug":"lanterna-led-blue-de-luz-azul-spectroline-modelo-optimax-450-ref-opx-450","status":"publish","type":"product","link":"https:\/\/end.pt\/pt\/product\/lanterna-led-blue-de-luz-azul-spectroline-modelo-optimax-450-ref-opx-450\/","title":{"rendered":"Lanterna LED Blue de luz azul (Spectroline, modelo OPTIMAX 450, Ref. OPX-450)"},"content":{"rendered":"<p style=\"text-align: center;\"><span style=\"color: #000080;\"><em><strong>Spectroline, modelo OPTIMAX 450, Ref. OPX-450<\/strong><\/em><\/span><\/p>\n<p>L\u00e2mpada de inspec\u00e7\u00e3o LED Blue \u201cluz azul\u201d, port\u00e1til e recarreg\u00e1vel.<\/p>\n<p>Lanterna de inspec\u00e7\u00e3o vers\u00e1til, possui uma luz azul LED de alta intensidade de 450nm, um corpo preto anodizado e uma lente dicroica de filme fino para filtrar a luz vis\u00edvel de ondas longas.<\/p>\n","protected":false},"excerpt":{"rendered":"<p>Spectroline, modelo OPTIMAX 450, Ref. OPX-450 L\u00e2mpada de inspec\u00e7\u00e3o LED Blue \u201cluz azul\u201d, port\u00e1til e recarreg\u00e1vel. Lanterna de inspec\u00e7\u00e3o vers\u00e1til, possui uma luz azul LED de alta intensidade de 450nm, um corpo preto anodizado e uma lente dicroica de filme fino para filtrar a luz vis\u00edvel de ondas longas.<\/p>\n","protected":false},"featured_media":4072,"template":"","meta":[],"product_brand":[],"product_cat":[30,25,31,145],"product_tag":[],"class_list":{"0":"post-4071","1":"product","2":"type-product","3":"status-publish","4":"has-post-thumbnail","6":"product_cat-acessorios-pm","7":"product_cat-liquidos-penetrantes","8":"product_cat-particulas-magneticas","9":"product_cat-projectores-de-luz-negra-uv","11":"first","12":"instock","13":"shipping-taxable","14":"product-type-simple"},"_links":{"self":[{"href":"https:\/\/end.pt\/pt\/wp-json\/wp\/v2\/product\/4071","targetHints":{"allow":["GET"]}}],"collection":[{"href":"https:\/\/end.pt\/pt\/wp-json\/wp\/v2\/product"}],"about":[{"href":"https:\/\/end.pt\/pt\/wp-json\/wp\/v2\/types\/product"}],"version-history":[{"count":2,"href":"https:\/\/end.pt\/pt\/wp-json\/wp\/v2\/product\/4071\/revisions"}],"predecessor-version":[{"id":5011,"href":"https:\/\/end.pt\/pt\/wp-json\/wp\/v2\/product\/4071\/revisions\/5011"}],"wp:featuredmedia":[{"embeddable":true,"href":"https:\/\/end.pt\/pt\/wp-json\/wp\/v2\/media\/4072"}],"wp:attachment":[{"href":"https:\/\/end.pt\/pt\/wp-json\/wp\/v2\/media?parent=4071"}],"wp:term":[{"taxonomy":"product_brand","embeddable":true,"href":"https:\/\/end.pt\/pt\/wp-json\/wp\/v2\/product_brand?post=4071"},{"taxonomy":"product_cat","embeddable":true,"href":"https:\/\/end.pt\/pt\/wp-json\/wp\/v2\/product_cat?post=4071"},{"taxonomy":"product_tag","embeddable":true,"href":"https:\/\/end.pt\/pt\/wp-json\/wp\/v2\/product_tag?post=4071"}],"curies":[{"name":"wp","href":"https:\/\/api.w.org\/{rel}","templated":true}]}}