{"id":4189,"date":"2020-08-22T10:11:55","date_gmt":"2020-08-22T10:11:55","guid":{"rendered":"https:\/\/end.pt\/pt\/?post_type=product&#038;p=4189"},"modified":"2021-05-02T15:45:27","modified_gmt":"2021-05-02T15:45:27","slug":"sistemas-de-magnetoscopia-para-o-sector-petrolifero-gas","status":"publish","type":"product","link":"https:\/\/end.pt\/pt\/product\/sistemas-de-magnetoscopia-para-o-sector-petrolifero-gas\/","title":{"rendered":"Sistemas de Magnetoscopia para o sector Petrol\u00edfero\/G\u00e1s"},"content":{"rendered":"<p>O sector de petr\u00f3leo e g\u00e1s (Oil&amp;Gas) ainda \u00e9 um dos mercados mais importantes para todas as tecnologias de Ensaios N\u00e3o Destrutivos. As legisla\u00e7\u00f5es sectoriais imp\u00f5em o controle a 100% dos tubos e acoplamentos na produ\u00e7\u00e3o com diferentes m\u00e9todos de inspe\u00e7\u00e3o.<\/p>\n<p>Em rela\u00e7\u00e3o aos acoplamentos, foram criados sistemas projetados para uma inspe\u00e7\u00e3o de alta produtividade. Podem ser instalados \u201cem linha\u201d na oficina de acabamento dos acoplamentos: a combina\u00e7\u00e3o perfeita de alta produtividade e inspe\u00e7\u00e3o de alta qualidade.<\/p>\n<p>Os sistemas destacam-se por:<br \/>\n\u2022 Inspe\u00e7\u00e3o flex\u00edvel das conex\u00f5es API, GOST, Semi-Premium, Premium;<br \/>\n\u2022 Solu\u00e7\u00f5es de layout flex\u00edveis, realizadas mediante solicita\u00e7\u00e3o do cliente;<br \/>\n\u2022 T\u00e9cnica de magnetiza\u00e7\u00e3o multidirecional sem contato em AC-DC;<br \/>\n\u2022 Sistema de manuseamento totalmente autom\u00e1tico, minimiza\u00e7\u00e3o da \u00e1rea de contato durante a manipula\u00e7\u00e3o na superf\u00edcie do acoplamento;<br \/>\n\u2022 Inspe\u00e7\u00e3o 100% do acoplamento por uma mesa de inspe\u00e7\u00e3o rotativa autom\u00e1tica;<br \/>\n\u2022 Ajuste autom\u00e1tico e r\u00e1pido dos par\u00e2metros de trabalho durante a produ\u00e7\u00e3o;<br \/>\n\u2022 Alto n\u00edvel de seguran\u00e7a do operador durante a inspe\u00e7\u00e3o;<br \/>\n\u2022 Design optimizado do sistema de reciclagem de l\u00edquidos magn\u00e9ticos para a melhor reciclagem e uma manuten\u00e7\u00e3o r\u00e1pida e f\u00e1cil.<\/p>\n<p>Os sistemas s\u00e3o certificados CE e fabricados de acordo com as regras em vigor.<\/p>\n","protected":false},"excerpt":{"rendered":"<p>O sector de petr\u00f3leo e g\u00e1s (Oil&amp;Gas) ainda \u00e9 um dos mercados mais importantes para todas as tecnologias de Ensaios N\u00e3o Destrutivos. As legisla\u00e7\u00f5es sectoriais imp\u00f5em o controle a 100% dos tubos e acoplamentos na produ\u00e7\u00e3o com diferentes m\u00e9todos de inspe\u00e7\u00e3o. Em rela\u00e7\u00e3o aos acoplamentos, foram criados sistemas projetados para uma inspe\u00e7\u00e3o de alta produtividade. [&hellip;]<\/p>\n","protected":false},"featured_media":4190,"template":"","meta":[],"product_brand":[],"product_cat":[31,147],"product_tag":[],"class_list":{"0":"post-4189","1":"product","2":"type-product","3":"status-publish","4":"has-post-thumbnail","6":"product_cat-particulas-magneticas","7":"product_cat-sistemas-fixos-transportaveis","9":"first","10":"instock","11":"shipping-taxable","12":"product-type-simple"},"_links":{"self":[{"href":"https:\/\/end.pt\/pt\/wp-json\/wp\/v2\/product\/4189","targetHints":{"allow":["GET"]}}],"collection":[{"href":"https:\/\/end.pt\/pt\/wp-json\/wp\/v2\/product"}],"about":[{"href":"https:\/\/end.pt\/pt\/wp-json\/wp\/v2\/types\/product"}],"version-history":[{"count":2,"href":"https:\/\/end.pt\/pt\/wp-json\/wp\/v2\/product\/4189\/revisions"}],"predecessor-version":[{"id":4994,"href":"https:\/\/end.pt\/pt\/wp-json\/wp\/v2\/product\/4189\/revisions\/4994"}],"wp:featuredmedia":[{"embeddable":true,"href":"https:\/\/end.pt\/pt\/wp-json\/wp\/v2\/media\/4190"}],"wp:attachment":[{"href":"https:\/\/end.pt\/pt\/wp-json\/wp\/v2\/media?parent=4189"}],"wp:term":[{"taxonomy":"product_brand","embeddable":true,"href":"https:\/\/end.pt\/pt\/wp-json\/wp\/v2\/product_brand?post=4189"},{"taxonomy":"product_cat","embeddable":true,"href":"https:\/\/end.pt\/pt\/wp-json\/wp\/v2\/product_cat?post=4189"},{"taxonomy":"product_tag","embeddable":true,"href":"https:\/\/end.pt\/pt\/wp-json\/wp\/v2\/product_tag?post=4189"}],"curies":[{"name":"wp","href":"https:\/\/api.w.org\/{rel}","templated":true}]}}