{"id":4195,"date":"2020-08-22T10:14:07","date_gmt":"2020-08-22T10:14:07","guid":{"rendered":"https:\/\/end.pt\/pt\/?post_type=product&#038;p=4195"},"modified":"2021-05-02T15:44:46","modified_gmt":"2021-05-02T15:44:46","slug":"sistemas-de-magnetoscopia-para-tubagens","status":"publish","type":"product","link":"https:\/\/end.pt\/pt\/product\/sistemas-de-magnetoscopia-para-tubagens\/","title":{"rendered":"Sistemas de Magnetoscopia para tubagens"},"content":{"rendered":"<p>Fornecemos sistemas de magnetoscopia para inspe\u00e7\u00e3o de tubos de alta produtividade. Os sistemas podem ser instalados \u201cem linha\u201d com a linha de acabamento do tubo, satisfazendo a produtividade solicitada.<\/p>\n<p>Os sistemas cobrem toda a gama dimensional de OCTG laminado, LSAW e HSAW soldados, tubos tratados ou n\u00e3o.<\/p>\n<p>Os sistemas destacam-se por:<br \/>\n\u2022 Inspe\u00e7\u00e3o flex\u00edvel de toda a gama de tubos;<br \/>\n\u2022 Solu\u00e7\u00f5es de layout flex\u00edvel, realizadas mediante solicita\u00e7\u00e3o do cliente;<br \/>\n\u2022 T\u00e9cnica de magnetiza\u00e7\u00e3o longitudinal e transversal sem contato em AC-DC;<br \/>\n\u2022 Inspe\u00e7\u00e3o de superf\u00edcies internas e externas com tubo em rota\u00e7\u00e3o;<br \/>\n\u2022 R\u00e1pida configura\u00e7\u00e3o dos par\u00e2metros<br \/>\n\u2022 Alto n\u00edvel de utiliza\u00e7\u00e3o da m\u00e1quina;<br \/>\n\u2022 Pouca e r\u00e1pida manuten\u00e7\u00e3o;<br \/>\n\u2022 Possibilidade de adaptar o sistema a diferentes solu\u00e7\u00f5es para o manuseamento de tubos;<br \/>\n\u2022 Alto n\u00edvel de seguran\u00e7a do operador durante a inspe\u00e7\u00e3o;<br \/>\n\u2022 Design optimizado do sistema de reciclagem de l\u00edquidos magn\u00e9ticos para a melhor reciclagem e uma manuten\u00e7\u00e3o r\u00e1pida e f\u00e1cil.<\/p>\n<p>Os sistemas s\u00e3o certificados CE e fabricados de acordo com as regras em vigor.<\/p>\n","protected":false},"excerpt":{"rendered":"<p>Fornecemos sistemas de magnetoscopia para inspe\u00e7\u00e3o de tubos de alta produtividade. Os sistemas podem ser instalados \u201cem linha\u201d com a linha de acabamento do tubo, satisfazendo a produtividade solicitada. Os sistemas cobrem toda a gama dimensional de OCTG laminado, LSAW e HSAW soldados, tubos tratados ou n\u00e3o. Os sistemas destacam-se por: \u2022 Inspe\u00e7\u00e3o flex\u00edvel de [&hellip;]<\/p>\n","protected":false},"featured_media":4196,"template":"","meta":[],"product_brand":[],"product_cat":[31,147],"product_tag":[],"class_list":{"0":"post-4195","1":"product","2":"type-product","3":"status-publish","4":"has-post-thumbnail","6":"product_cat-particulas-magneticas","7":"product_cat-sistemas-fixos-transportaveis","9":"first","10":"instock","11":"shipping-taxable","12":"product-type-simple"},"_links":{"self":[{"href":"https:\/\/end.pt\/pt\/wp-json\/wp\/v2\/product\/4195","targetHints":{"allow":["GET"]}}],"collection":[{"href":"https:\/\/end.pt\/pt\/wp-json\/wp\/v2\/product"}],"about":[{"href":"https:\/\/end.pt\/pt\/wp-json\/wp\/v2\/types\/product"}],"version-history":[{"count":3,"href":"https:\/\/end.pt\/pt\/wp-json\/wp\/v2\/product\/4195\/revisions"}],"predecessor-version":[{"id":4993,"href":"https:\/\/end.pt\/pt\/wp-json\/wp\/v2\/product\/4195\/revisions\/4993"}],"wp:featuredmedia":[{"embeddable":true,"href":"https:\/\/end.pt\/pt\/wp-json\/wp\/v2\/media\/4196"}],"wp:attachment":[{"href":"https:\/\/end.pt\/pt\/wp-json\/wp\/v2\/media?parent=4195"}],"wp:term":[{"taxonomy":"product_brand","embeddable":true,"href":"https:\/\/end.pt\/pt\/wp-json\/wp\/v2\/product_brand?post=4195"},{"taxonomy":"product_cat","embeddable":true,"href":"https:\/\/end.pt\/pt\/wp-json\/wp\/v2\/product_cat?post=4195"},{"taxonomy":"product_tag","embeddable":true,"href":"https:\/\/end.pt\/pt\/wp-json\/wp\/v2\/product_tag?post=4195"}],"curies":[{"name":"wp","href":"https:\/\/api.w.org\/{rel}","templated":true}]}}