{"id":4223,"date":"2020-08-25T19:01:13","date_gmt":"2020-08-25T19:01:13","guid":{"rendered":"https:\/\/end.pt\/pt\/?post_type=product&#038;p=4223"},"modified":"2021-05-02T15:43:52","modified_gmt":"2021-05-02T15:43:52","slug":"sonatest-wave","status":"publish","type":"product","link":"https:\/\/end.pt\/pt\/product\/sonatest-wave\/","title":{"rendered":"SONATEST WAVE"},"content":{"rendered":"<p>Equipamento de Ultra-Sons totalmente customiz\u00e1vel, um detector de falhas interactivo, onde todos os par\u00e2metros necess\u00e1rios s\u00e3o pr\u00e9-configurados e est\u00e3o dispon\u00edveis rapidamente.<br \/>\nUm novo modelo que integra as ultimas tecnologias dispon\u00edveis para criar um equipamento de ultra-sons verdadeiramente \u00fanico e inovador, com um interface customiz\u00e1vel que optimiza todo o trabalho, e um ecr\u00e3 t\u00e1ctil funcional, capaz de operar sem falhas nos ambientes mais adversos.<br \/>\nCom v\u00e1rias fun\u00e7\u00f5es e caracter\u00edsticas dispon\u00edveis, a principal sendo um plano de inspec\u00e7\u00e3o digital interactivo \u201cScan Plan\u201d, com capacidades de simula\u00e7\u00e3o e teste, para verificar e planear as inspec\u00e7\u00f5es, possui ainda conex\u00e3o WiFi que permite aceder ao equipamento em qualquer local do campo, facilita a transfer\u00eancia de dados, instala aplica\u00e7\u00f5es e gere dados de calibra\u00e7\u00e3o e software.<br \/>\nO equipamento de ultra-sons WAVE \u00e9 uma solu\u00e7\u00e3o inovadora adequada para toda a gama de aplica\u00e7\u00f5es industriais, desde aeroespacial, autom\u00f3vel, fabrico, inspec\u00e7\u00e3o, etc.<\/p>\n","protected":false},"excerpt":{"rendered":"<p>Equipamento de Ultra-Sons totalmente customiz\u00e1vel, um detector de falhas interactivo, onde todos os par\u00e2metros necess\u00e1rios s\u00e3o pr\u00e9-configurados e est\u00e3o dispon\u00edveis rapidamente. Um novo modelo que integra as ultimas tecnologias dispon\u00edveis para criar um equipamento de ultra-sons verdadeiramente \u00fanico e inovador, com um interface customiz\u00e1vel que optimiza todo o trabalho, e um ecr\u00e3 t\u00e1ctil funcional, capaz [&hellip;]<\/p>\n","protected":false},"featured_media":4229,"template":"","meta":[],"product_brand":[],"product_cat":[35,34],"product_tag":[],"class_list":{"0":"post-4223","1":"product","2":"type-product","3":"status-publish","4":"has-post-thumbnail","6":"product_cat-detectores-de-falhas","7":"product_cat-ultra-sons","9":"first","10":"instock","11":"shipping-taxable","12":"product-type-simple"},"_links":{"self":[{"href":"https:\/\/end.pt\/pt\/wp-json\/wp\/v2\/product\/4223","targetHints":{"allow":["GET"]}}],"collection":[{"href":"https:\/\/end.pt\/pt\/wp-json\/wp\/v2\/product"}],"about":[{"href":"https:\/\/end.pt\/pt\/wp-json\/wp\/v2\/types\/product"}],"version-history":[{"count":2,"href":"https:\/\/end.pt\/pt\/wp-json\/wp\/v2\/product\/4223\/revisions"}],"predecessor-version":[{"id":4991,"href":"https:\/\/end.pt\/pt\/wp-json\/wp\/v2\/product\/4223\/revisions\/4991"}],"wp:featuredmedia":[{"embeddable":true,"href":"https:\/\/end.pt\/pt\/wp-json\/wp\/v2\/media\/4229"}],"wp:attachment":[{"href":"https:\/\/end.pt\/pt\/wp-json\/wp\/v2\/media?parent=4223"}],"wp:term":[{"taxonomy":"product_brand","embeddable":true,"href":"https:\/\/end.pt\/pt\/wp-json\/wp\/v2\/product_brand?post=4223"},{"taxonomy":"product_cat","embeddable":true,"href":"https:\/\/end.pt\/pt\/wp-json\/wp\/v2\/product_cat?post=4223"},{"taxonomy":"product_tag","embeddable":true,"href":"https:\/\/end.pt\/pt\/wp-json\/wp\/v2\/product_tag?post=4223"}],"curies":[{"name":"wp","href":"https:\/\/api.w.org\/{rel}","templated":true}]}}