{"id":4233,"date":"2020-08-25T19:06:07","date_gmt":"2020-08-25T19:06:07","guid":{"rendered":"https:\/\/end.pt\/pt\/?post_type=product&#038;p=4233"},"modified":"2021-05-02T15:43:05","modified_gmt":"2021-05-02T15:43:05","slug":"sonatest-modelo-prisma","status":"publish","type":"product","link":"https:\/\/end.pt\/pt\/product\/sonatest-modelo-prisma\/","title":{"rendered":"SONATEST Modelo Prisma"},"content":{"rendered":"<p>O detector de falhas por ultra-sons modelo prisma, oferece ao utilizador um um excelente desempenho em campo, juntamente com a flexibilidade e a capacidade de actualiza\u00e7\u00e3o e upgrade de um detector de falhas de ponta para um instrumento com funcionalidade Phased array.<br \/>\nTodos os modelos dispon\u00edveis possuem fun\u00e7\u00e3o TOFD, juntamente com uma excelente fun\u00e7\u00e3o de reporting.<br \/>\nPossui ainda outras fun\u00e7\u00f5es para simplificar a utiliza\u00e7\u00e3o, incluindo configura\u00e7\u00e3o em 30 segundos, passagem de modo UT para Phased Array com o premir de um bot\u00e3o, assistentes virtuais para configura\u00e7\u00e3o e calibra\u00e7\u00e3o, interface simples e comum, e software UT Studio+ com reporting r\u00e1pido e din\u00e2mico.<br \/>\nA n\u00edvel de fun\u00e7\u00f5es avan\u00e7adas, possui modos de inspec\u00e7\u00e3o UT, TOFD e PA, valida\u00e7\u00e3o Multi-Modo da inspec\u00e7\u00e3o, cursores \u00fanicos para medi\u00e7\u00f5es de precis\u00e3o, e op\u00e7\u00f5es de grava\u00e7\u00e3o como screenshots, grava\u00e7\u00e3o completa de dados, etc.<br \/>\nAplica\u00e7\u00f5es t\u00edpicas s\u00e3o vastas, mas incluem ensaios em carris, inspe\u00e7\u00e3o de soldadura, mapeamento de corros\u00e3o, ensaios aeroespaciais e compostos.<\/p>\n","protected":false},"excerpt":{"rendered":"<p>O detector de falhas por ultra-sons modelo prisma, oferece ao utilizador um um excelente desempenho em campo, juntamente com a flexibilidade e a capacidade de actualiza\u00e7\u00e3o e upgrade de um detector de falhas de ponta para um instrumento com funcionalidade Phased array. Todos os modelos dispon\u00edveis possuem fun\u00e7\u00e3o TOFD, juntamente com uma excelente fun\u00e7\u00e3o de [&hellip;]<\/p>\n","protected":false},"featured_media":4240,"template":"","meta":[],"product_brand":[],"product_cat":[149,34],"product_tag":[],"class_list":{"0":"post-4233","1":"product","2":"type-product","3":"status-publish","4":"has-post-thumbnail","6":"product_cat-phased-array","7":"product_cat-ultra-sons","9":"first","10":"instock","11":"shipping-taxable","12":"product-type-simple"},"_links":{"self":[{"href":"https:\/\/end.pt\/pt\/wp-json\/wp\/v2\/product\/4233","targetHints":{"allow":["GET"]}}],"collection":[{"href":"https:\/\/end.pt\/pt\/wp-json\/wp\/v2\/product"}],"about":[{"href":"https:\/\/end.pt\/pt\/wp-json\/wp\/v2\/types\/product"}],"version-history":[{"count":4,"href":"https:\/\/end.pt\/pt\/wp-json\/wp\/v2\/product\/4233\/revisions"}],"predecessor-version":[{"id":4990,"href":"https:\/\/end.pt\/pt\/wp-json\/wp\/v2\/product\/4233\/revisions\/4990"}],"wp:featuredmedia":[{"embeddable":true,"href":"https:\/\/end.pt\/pt\/wp-json\/wp\/v2\/media\/4240"}],"wp:attachment":[{"href":"https:\/\/end.pt\/pt\/wp-json\/wp\/v2\/media?parent=4233"}],"wp:term":[{"taxonomy":"product_brand","embeddable":true,"href":"https:\/\/end.pt\/pt\/wp-json\/wp\/v2\/product_brand?post=4233"},{"taxonomy":"product_cat","embeddable":true,"href":"https:\/\/end.pt\/pt\/wp-json\/wp\/v2\/product_cat?post=4233"},{"taxonomy":"product_tag","embeddable":true,"href":"https:\/\/end.pt\/pt\/wp-json\/wp\/v2\/product_tag?post=4233"}],"curies":[{"name":"wp","href":"https:\/\/api.w.org\/{rel}","templated":true}]}}