{"id":4319,"date":"2020-08-26T21:40:35","date_gmt":"2020-08-26T21:40:35","guid":{"rendered":"https:\/\/end.pt\/pt\/?post_type=product&#038;p=4319"},"modified":"2021-05-02T15:38:09","modified_gmt":"2021-05-02T15:38:09","slug":"openvision-dx-ovdx-ndt","status":"publish","type":"product","link":"https:\/\/end.pt\/pt\/product\/openvision-dx-ovdx-ndt\/","title":{"rendered":"OpenVision\u2122 DX OVDX-NDT"},"content":{"rendered":"\t\t<div data-elementor-type=\"product-post\" data-elementor-id=\"4319\" class=\"elementor elementor-4319\" data-elementor-post-type=\"product\">\n\t\t\t\t\t\t<section class=\"elementor-section elementor-top-section elementor-element elementor-element-4d56799 elementor-section-boxed elementor-section-height-default elementor-section-height-default\" data-id=\"4d56799\" data-element_type=\"section\" data-e-type=\"section\">\n\t\t\t\t\t\t<div class=\"elementor-container elementor-column-gap-default\">\n\t\t\t\t\t<div class=\"elementor-column elementor-col-100 elementor-top-column elementor-element elementor-element-3e63fb7\" data-id=\"3e63fb7\" data-element_type=\"column\" data-e-type=\"column\">\n\t\t\t<div class=\"elementor-widget-wrap elementor-element-populated\">\n\t\t\t\t\t\t<div class=\"elementor-element elementor-element-9f8981d elementor-widget elementor-widget-heading\" data-id=\"9f8981d\" data-element_type=\"widget\" data-e-type=\"widget\" data-widget_type=\"heading.default\">\n\t\t\t\t<div class=\"elementor-widget-container\">\n\t\t\t\t\t<h4 class=\"elementor-heading-title elementor-size-default\">Sistema de Inspec\u00e7\u00e3o digital CUI (Corrosion Under Insulation \u2013 Corros\u00e3o Sob Isolamento) OpenVision\u2122 DX OVDX-NDT<\/h4>\t\t\t\t<\/div>\n\t\t\t\t<\/div>\n\t\t\t\t<div class=\"elementor-element elementor-element-af90160 elementor-widget-divider--view-line elementor-widget elementor-widget-divider\" data-id=\"af90160\" data-element_type=\"widget\" data-e-type=\"widget\" data-widget_type=\"divider.default\">\n\t\t\t\t<div class=\"elementor-widget-container\">\n\t\t\t\t\t\t\t<div class=\"elementor-divider\">\n\t\t\t<span class=\"elementor-divider-separator\">\n\t\t\t\t\t\t<\/span>\n\t\t<\/div>\n\t\t\t\t\t\t<\/div>\n\t\t\t\t<\/div>\n\t\t\t\t<div class=\"elementor-element elementor-element-6f6e3d2 elementor-widget elementor-widget-text-editor\" data-id=\"6f6e3d2\" data-element_type=\"widget\" data-e-type=\"widget\" data-widget_type=\"text-editor.default\">\n\t\t\t\t<div class=\"elementor-widget-container\">\n\t\t\t\t\t\t\t\t\t<p>Inspec\u00e7\u00e3o de corros\u00e3o sob isolamento (CUI). Inspe\u00e7\u00e3o de rastreador de calor. Mapeamento de Localiza\u00e7\u00e3o de Soldadura.<\/p><p>Inspeccione uma grande quantidade de tubagens em ambientes como refinarias e instala\u00e7\u00f5es petroqu\u00edmicas onshore e offshore numa frac\u00e7\u00e3o do tempo.<\/p><p>O OpenVision\u2122 OVDX-NDT \u00e9 um sistema leve de imagens de raio-X ao vivo, f\u00e1cil de utilizar, projectado especificamente para inspe\u00e7\u00e3o port\u00e1til, com sa\u00edda de v\u00eddeo para inspe\u00e7\u00e3o e relat\u00f3rios radiogr\u00e1ficos em tempo real.<\/p><p>Este sistema port\u00e1til \u00e9 geralmente utilizado para inspe\u00e7\u00e3o de Corros\u00e3o Sob Isolamento (CUI \u2013 Corrosion Under Insulation). CUI \u00e9 um termo usado para abordar a inspe\u00e7\u00e3o de \u00e1reas que existem entre o material de isolamento e a parede externa do tubo. Retirar o isolamento e procurar pontos problem\u00e1ticos \u00e9 um processo caro e demorado.<\/p><p>\u00c9 composto por um gerador de imagens radiogr\u00e1ficas digitais altamente sens\u00edvel e um tubo de raio-x de 70kV a bateria montado no bra\u00e7o, desenhado para opera\u00e7\u00e3o em campo port\u00e1til, e que permite observar defeitos externos t\u00e3o pequenos quanto 250mm (0,010 polegadas) em tubagens revestidas.<\/p><p>O sistema de imagem de v\u00eddeo intensificado captura imagens e exibe-as num ecr\u00e3 de LCD port\u00e1til, num monitor montado na cabe\u00e7a ou num gravador port\u00e1til com monitor LCD em tempo real.<\/p><p>\u00a0<\/p><p>O OpenVision DX pode ser utilizado em v\u00e1rios tipos de combina\u00e7\u00f5es de isolamento e revestimento, incluindo l\u00e3 mineral e silicato de c\u00e1lcio com revestimento de a\u00e7o galvanizado, a\u00e7o inoxid\u00e1vel e alum\u00ednio com di\u00e2metro total de at\u00e9 91 cm (36 polegadas).<\/p><p>O sistema de raios-X OpenVisionTM OVDX-NDT permite a inspec\u00e7\u00e3o de muitas dezenas de metros de tubagem, dobras e juntas numa quest\u00e3o de minutos, identificando rapidamente indica\u00e7\u00f5es de corros\u00e3o ou precursores de corros\u00e3o, como descama\u00e7\u00e3o, perda de parede externa e isolamento h\u00famido, sem remover o isolamento.<\/p><p>Fotos e v\u00eddeos em tempo real s\u00e3o gravados e descarregados com o toque de um bot\u00e3o para uma r\u00e1pida revis\u00e3o e cria\u00e7\u00e3o de relat\u00f3rios.<\/p><p>Principais vantagens:<\/p><ul><li>Rastreio de alta velocidade<\/li><li>F\u00e1cil interpreta\u00e7\u00e3o<\/li><li>Forma\u00e7\u00e3o m\u00ednima do operador<\/li><li>Redu\u00e7\u00e3o de erros de inspec\u00e7\u00e3o<\/li><li>Grava\u00e7\u00e3o de v\u00eddeo e imagem<\/li><li>Gera\u00e7\u00e3o simplificada de relat\u00f3rios<\/li><\/ul><p>\u00a0<\/p><p><span style=\"color: #000080;\"><em><strong>O OpenVision DX-NDT est\u00e1 em conformidade com IRR99 \/ IRR17, ANSI 43.5 e CE.<\/strong><\/em><\/span><\/p>\t\t\t\t\t\t\t\t<\/div>\n\t\t\t\t<\/div>\n\t\t\t\t\t<\/div>\n\t\t<\/div>\n\t\t\t\t\t<\/div>\n\t\t<\/section>\n\t\t\t\t<section class=\"elementor-section elementor-top-section elementor-element elementor-element-31fabbd elementor-section-boxed elementor-section-height-default elementor-section-height-default\" data-id=\"31fabbd\" data-element_type=\"section\" data-e-type=\"section\">\n\t\t\t\t\t\t<div class=\"elementor-container elementor-column-gap-default\">\n\t\t\t\t\t<div class=\"elementor-column elementor-col-100 elementor-top-column elementor-element elementor-element-6627318\" data-id=\"6627318\" data-element_type=\"column\" data-e-type=\"column\">\n\t\t\t<div class=\"elementor-widget-wrap elementor-element-populated\">\n\t\t\t\t\t\t<div class=\"elementor-element elementor-element-46b2ad7 elementor-widget elementor-widget-heading\" data-id=\"46b2ad7\" data-element_type=\"widget\" data-e-type=\"widget\" data-widget_type=\"heading.default\">\n\t\t\t\t<div class=\"elementor-widget-container\">\n\t\t\t\t\t<h5 class=\"elementor-heading-title elementor-size-default\">Captura de defeitos em imagens est\u00e1ticas<\/h5>\t\t\t\t<\/div>\n\t\t\t\t<\/div>\n\t\t\t\t<div class=\"elementor-element elementor-element-a59bfe3 elementor-widget-divider--view-line elementor-widget elementor-widget-divider\" data-id=\"a59bfe3\" data-element_type=\"widget\" data-e-type=\"widget\" data-widget_type=\"divider.default\">\n\t\t\t\t<div class=\"elementor-widget-container\">\n\t\t\t\t\t\t\t<div class=\"elementor-divider\">\n\t\t\t<span class=\"elementor-divider-separator\">\n\t\t\t\t\t\t<\/span>\n\t\t<\/div>\n\t\t\t\t\t\t<\/div>\n\t\t\t\t<\/div>\n\t\t\t\t<div class=\"elementor-element elementor-element-1a96e2e elementor-widget elementor-widget-text-editor\" data-id=\"1a96e2e\" data-element_type=\"widget\" data-e-type=\"widget\" data-widget_type=\"text-editor.default\">\n\t\t\t\t<div class=\"elementor-widget-container\">\n\t\t\t\t\t\t\t\t\t<p>Grave imagens est\u00e1ticas de alta resolu\u00e7\u00e3o diretamente no armazenamento interno do OpenVision DX ou remotamente no monitor sem fios. Analise imagens e v\u00eddeos em tempo real ou fa\u00e7a o download para integra\u00e7\u00e3o nos relat\u00f3rios do cliente.<\/p>\t\t\t\t\t\t\t\t<\/div>\n\t\t\t\t<\/div>\n\t\t\t\t\t<\/div>\n\t\t<\/div>\n\t\t\t\t\t<\/div>\n\t\t<\/section>\n\t\t\t\t<section class=\"elementor-section elementor-top-section elementor-element elementor-element-e105def elementor-section-boxed elementor-section-height-default elementor-section-height-default\" data-id=\"e105def\" data-element_type=\"section\" data-e-type=\"section\">\n\t\t\t\t\t\t<div class=\"elementor-container elementor-column-gap-default\">\n\t\t\t\t\t<div class=\"elementor-column elementor-col-100 elementor-top-column elementor-element elementor-element-ea27539\" data-id=\"ea27539\" data-element_type=\"column\" data-e-type=\"column\">\n\t\t\t<div class=\"elementor-widget-wrap elementor-element-populated\">\n\t\t\t\t\t\t<div class=\"elementor-element elementor-element-81c10c4 elementor-widget elementor-widget-gallery\" data-id=\"81c10c4\" data-element_type=\"widget\" data-e-type=\"widget\" data-settings=\"{&quot;columns&quot;:3,&quot;aspect_ratio&quot;:&quot;4:3&quot;,&quot;lazyload&quot;:&quot;yes&quot;,&quot;gallery_layout&quot;:&quot;grid&quot;,&quot;columns_tablet&quot;:2,&quot;columns_mobile&quot;:1,&quot;gap&quot;:{&quot;unit&quot;:&quot;px&quot;,&quot;size&quot;:10,&quot;sizes&quot;:[]},&quot;gap_tablet&quot;:{&quot;unit&quot;:&quot;px&quot;,&quot;size&quot;:10,&quot;sizes&quot;:[]},&quot;gap_mobile&quot;:{&quot;unit&quot;:&quot;px&quot;,&quot;size&quot;:10,&quot;sizes&quot;:[]},&quot;link_to&quot;:&quot;file&quot;,&quot;overlay_background&quot;:&quot;yes&quot;,&quot;content_hover_animation&quot;:&quot;fade-in&quot;}\" data-widget_type=\"gallery.default\">\n\t\t\t\t<div class=\"elementor-widget-container\">\n\t\t\t\t\t\t\t<div class=\"elementor-gallery__container\">\n\t\t\t\t\t\t\t<a class=\"e-gallery-item elementor-gallery-item elementor-animated-content\" href=\"https:\/\/end.pt\/pt\/wp-content\/uploads\/2020\/08\/OpenVision-Dx-Severe-External-Corrosion-under-Damaged-Insulation.jpg\" data-elementor-open-lightbox=\"yes\" data-elementor-lightbox-slideshow=\"81c10c4\" data-elementor-lightbox-title=\"OpenVision-Dx-Severe-External-Corrosion-under-Damaged-Insulation\" data-e-action-hash=\"#elementor-action%3Aaction%3Dlightbox%26settings%3DeyJpZCI6NDMyOSwidXJsIjoiaHR0cHM6XC9cL2VuZC5wdFwvcHRcL3dwLWNvbnRlbnRcL3VwbG9hZHNcLzIwMjBcLzA4XC9PcGVuVmlzaW9uLUR4LVNldmVyZS1FeHRlcm5hbC1Db3Jyb3Npb24tdW5kZXItRGFtYWdlZC1JbnN1bGF0aW9uLmpwZyIsInNsaWRlc2hvdyI6IjgxYzEwYzQifQ%3D%3D\">\n\t\t\t\t\t<div class=\"e-gallery-image elementor-gallery-item__image\" data-thumbnail=\"https:\/\/end.pt\/pt\/wp-content\/uploads\/2020\/08\/OpenVision-Dx-Severe-External-Corrosion-under-Damaged-Insulation.jpg\" data-width=\"640\" data-height=\"360\" aria-label=\"\" role=\"img\" ><\/div>\n\t\t\t\t\t\t\t\t\t\t\t<div class=\"elementor-gallery-item__overlay\"><\/div>\n\t\t\t\t\t\t\t\t\t\t\t\t\t\t<\/a>\n\t\t\t\t\t\t\t<a class=\"e-gallery-item elementor-gallery-item elementor-animated-content\" href=\"https:\/\/end.pt\/pt\/wp-content\/uploads\/2020\/08\/OpenVision_DX_Still_Image_Capture_of_Wall_Loss.jpg\" data-elementor-open-lightbox=\"yes\" data-elementor-lightbox-slideshow=\"81c10c4\" data-elementor-lightbox-title=\"OpenVision_DX_Still_Image_Capture_of_Wall_Loss\" data-e-action-hash=\"#elementor-action%3Aaction%3Dlightbox%26settings%3DeyJpZCI6NDMzMCwidXJsIjoiaHR0cHM6XC9cL2VuZC5wdFwvcHRcL3dwLWNvbnRlbnRcL3VwbG9hZHNcLzIwMjBcLzA4XC9PcGVuVmlzaW9uX0RYX1N0aWxsX0ltYWdlX0NhcHR1cmVfb2ZfV2FsbF9Mb3NzLmpwZyIsInNsaWRlc2hvdyI6IjgxYzEwYzQifQ%3D%3D\">\n\t\t\t\t\t<div class=\"e-gallery-image elementor-gallery-item__image\" data-thumbnail=\"https:\/\/end.pt\/pt\/wp-content\/uploads\/2020\/08\/OpenVision_DX_Still_Image_Capture_of_Wall_Loss.jpg\" data-width=\"640\" data-height=\"360\" aria-label=\"\" role=\"img\" ><\/div>\n\t\t\t\t\t\t\t\t\t\t\t<div class=\"elementor-gallery-item__overlay\"><\/div>\n\t\t\t\t\t\t\t\t\t\t\t\t\t\t<\/a>\n\t\t\t\t\t\t\t<a class=\"e-gallery-item elementor-gallery-item elementor-animated-content\" href=\"https:\/\/end.pt\/pt\/wp-content\/uploads\/2020\/08\/OpenVision_DX_Still_Image_Capture_of_Wet_Insulation.jpg\" data-elementor-open-lightbox=\"yes\" data-elementor-lightbox-slideshow=\"81c10c4\" data-elementor-lightbox-title=\"OpenVision_DX_Still_Image_Capture_of_Wet_Insulation\" data-e-action-hash=\"#elementor-action%3Aaction%3Dlightbox%26settings%3DeyJpZCI6NDMzMSwidXJsIjoiaHR0cHM6XC9cL2VuZC5wdFwvcHRcL3dwLWNvbnRlbnRcL3VwbG9hZHNcLzIwMjBcLzA4XC9PcGVuVmlzaW9uX0RYX1N0aWxsX0ltYWdlX0NhcHR1cmVfb2ZfV2V0X0luc3VsYXRpb24uanBnIiwic2xpZGVzaG93IjoiODFjMTBjNCJ9\">\n\t\t\t\t\t<div class=\"e-gallery-image elementor-gallery-item__image\" data-thumbnail=\"https:\/\/end.pt\/pt\/wp-content\/uploads\/2020\/08\/OpenVision_DX_Still_Image_Capture_of_Wet_Insulation.jpg\" data-width=\"640\" data-height=\"360\" aria-label=\"\" role=\"img\" ><\/div>\n\t\t\t\t\t\t\t\t\t\t\t<div class=\"elementor-gallery-item__overlay\"><\/div>\n\t\t\t\t\t\t\t\t\t\t\t\t\t\t<\/a>\n\t\t\t\t\t\t\t<a class=\"e-gallery-item elementor-gallery-item elementor-animated-content\" href=\"https:\/\/end.pt\/pt\/wp-content\/uploads\/2020\/08\/OpenVision-Dx-severe-corrosion.jpg\" data-elementor-open-lightbox=\"yes\" data-elementor-lightbox-slideshow=\"81c10c4\" data-elementor-lightbox-title=\"OpenVision-Dx-severe-corrosion\" data-e-action-hash=\"#elementor-action%3Aaction%3Dlightbox%26settings%3DeyJpZCI6NDMzMiwidXJsIjoiaHR0cHM6XC9cL2VuZC5wdFwvcHRcL3dwLWNvbnRlbnRcL3VwbG9hZHNcLzIwMjBcLzA4XC9PcGVuVmlzaW9uLUR4LXNldmVyZS1jb3Jyb3Npb24uanBnIiwic2xpZGVzaG93IjoiODFjMTBjNCJ9\">\n\t\t\t\t\t<div class=\"e-gallery-image elementor-gallery-item__image\" data-thumbnail=\"https:\/\/end.pt\/pt\/wp-content\/uploads\/2020\/08\/OpenVision-Dx-severe-corrosion.jpg\" data-width=\"640\" data-height=\"360\" aria-label=\"\" role=\"img\" ><\/div>\n\t\t\t\t\t\t\t\t\t\t\t<div class=\"elementor-gallery-item__overlay\"><\/div>\n\t\t\t\t\t\t\t\t\t\t\t\t\t\t<\/a>\n\t\t\t\t\t\t\t<a class=\"e-gallery-item elementor-gallery-item elementor-animated-content\" href=\"https:\/\/end.pt\/pt\/wp-content\/uploads\/2020\/08\/OpenVision-Dx-Still-Corrosion-Indication_Elbow.jpg\" data-elementor-open-lightbox=\"yes\" data-elementor-lightbox-slideshow=\"81c10c4\" data-elementor-lightbox-title=\"OpenVision-Dx-Still-Corrosion-Indication_Elbow\" data-e-action-hash=\"#elementor-action%3Aaction%3Dlightbox%26settings%3DeyJpZCI6NDMzMywidXJsIjoiaHR0cHM6XC9cL2VuZC5wdFwvcHRcL3dwLWNvbnRlbnRcL3VwbG9hZHNcLzIwMjBcLzA4XC9PcGVuVmlzaW9uLUR4LVN0aWxsLUNvcnJvc2lvbi1JbmRpY2F0aW9uX0VsYm93LmpwZyIsInNsaWRlc2hvdyI6IjgxYzEwYzQifQ%3D%3D\">\n\t\t\t\t\t<div class=\"e-gallery-image elementor-gallery-item__image\" data-thumbnail=\"https:\/\/end.pt\/pt\/wp-content\/uploads\/2020\/08\/OpenVision-Dx-Still-Corrosion-Indication_Elbow.jpg\" data-width=\"640\" data-height=\"360\" aria-label=\"\" role=\"img\" ><\/div>\n\t\t\t\t\t\t\t\t\t\t\t<div class=\"elementor-gallery-item__overlay\"><\/div>\n\t\t\t\t\t\t\t\t\t\t\t\t\t\t<\/a>\n\t\t\t\t\t\t\t<a class=\"e-gallery-item elementor-gallery-item elementor-animated-content\" href=\"https:\/\/end.pt\/pt\/wp-content\/uploads\/2020\/08\/Openvision-DX-Still-Please-advise-what-this-is.jpg\" data-elementor-open-lightbox=\"yes\" data-elementor-lightbox-slideshow=\"81c10c4\" data-elementor-lightbox-title=\"Openvision-DX-Still-Please-advise-what-this-is\" data-e-action-hash=\"#elementor-action%3Aaction%3Dlightbox%26settings%3DeyJpZCI6NDMzNCwidXJsIjoiaHR0cHM6XC9cL2VuZC5wdFwvcHRcL3dwLWNvbnRlbnRcL3VwbG9hZHNcLzIwMjBcLzA4XC9PcGVudmlzaW9uLURYLVN0aWxsLVBsZWFzZS1hZHZpc2Utd2hhdC10aGlzLWlzLmpwZyIsInNsaWRlc2hvdyI6IjgxYzEwYzQifQ%3D%3D\">\n\t\t\t\t\t<div class=\"e-gallery-image elementor-gallery-item__image\" data-thumbnail=\"https:\/\/end.pt\/pt\/wp-content\/uploads\/2020\/08\/Openvision-DX-Still-Please-advise-what-this-is.jpg\" data-width=\"640\" data-height=\"360\" aria-label=\"\" role=\"img\" ><\/div>\n\t\t\t\t\t\t\t\t\t\t\t<div class=\"elementor-gallery-item__overlay\"><\/div>\n\t\t\t\t\t\t\t\t\t\t\t\t\t\t<\/a>\n\t\t\t\t\t<\/div>\n\t\t\t\t\t<\/div>\n\t\t\t\t<\/div>\n\t\t\t\t\t<\/div>\n\t\t<\/div>\n\t\t\t\t\t<\/div>\n\t\t<\/section>\n\t\t\t\t<\/div>\n\t\t","protected":false},"excerpt":{"rendered":"<p>Sistema de Inspec\u00e7\u00e3o digital CUI (Corrosion Under Insulation \u2013 Corros\u00e3o Sob Isolamento) OpenVision\u2122 DX OVDX-NDT Inspec\u00e7\u00e3o de corros\u00e3o sob isolamento (CUI). Inspe\u00e7\u00e3o de rastreador de calor. Mapeamento de Localiza\u00e7\u00e3o de Soldadura. Inspeccione uma grande quantidade de tubagens em ambientes como refinarias e instala\u00e7\u00f5es petroqu\u00edmicas onshore e offshore numa frac\u00e7\u00e3o do tempo. O OpenVision\u2122 OVDX-NDT \u00e9 [&hellip;]<\/p>\n","protected":false},"featured_media":4320,"template":"","meta":[],"product_brand":[],"product_cat":[109,155,37],"product_tag":[],"class_list":{"0":"post-4319","1":"product","2":"type-product","3":"status-publish","4":"has-post-thumbnail","6":"product_cat-gamagrafia-raios-gama","7":"product_cat-openvision-ovdx-ndt","8":"product_cat-radiografia-industrial","10":"first","11":"instock","12":"shipping-taxable","13":"product-type-simple"},"_links":{"self":[{"href":"https:\/\/end.pt\/pt\/wp-json\/wp\/v2\/product\/4319","targetHints":{"allow":["GET"]}}],"collection":[{"href":"https:\/\/end.pt\/pt\/wp-json\/wp\/v2\/product"}],"about":[{"href":"https:\/\/end.pt\/pt\/wp-json\/wp\/v2\/types\/product"}],"version-history":[{"count":3,"href":"https:\/\/end.pt\/pt\/wp-json\/wp\/v2\/product\/4319\/revisions"}],"predecessor-version":[{"id":4985,"href":"https:\/\/end.pt\/pt\/wp-json\/wp\/v2\/product\/4319\/revisions\/4985"}],"wp:featuredmedia":[{"embeddable":true,"href":"https:\/\/end.pt\/pt\/wp-json\/wp\/v2\/media\/4320"}],"wp:attachment":[{"href":"https:\/\/end.pt\/pt\/wp-json\/wp\/v2\/media?parent=4319"}],"wp:term":[{"taxonomy":"product_brand","embeddable":true,"href":"https:\/\/end.pt\/pt\/wp-json\/wp\/v2\/product_brand?post=4319"},{"taxonomy":"product_cat","embeddable":true,"href":"https:\/\/end.pt\/pt\/wp-json\/wp\/v2\/product_cat?post=4319"},{"taxonomy":"product_tag","embeddable":true,"href":"https:\/\/end.pt\/pt\/wp-json\/wp\/v2\/product_tag?post=4319"}],"curies":[{"name":"wp","href":"https:\/\/api.w.org\/{rel}","templated":true}]}}