{"id":4349,"date":"2020-08-26T22:06:48","date_gmt":"2020-08-26T22:06:48","guid":{"rendered":"https:\/\/end.pt\/pt\/?post_type=product&#038;p=4349"},"modified":"2021-05-02T15:37:55","modified_gmt":"2021-05-02T15:37:55","slug":"blindagem-de-seguranca-sentinel","status":"publish","type":"product","link":"https:\/\/end.pt\/pt\/product\/blindagem-de-seguranca-sentinel\/","title":{"rendered":"Blindagem de seguran\u00e7a SENTINEL"},"content":{"rendered":"<p>As op\u00e7\u00f5es de blindagem de seguran\u00e7a podem variar bastante, dependendo da aplica\u00e7\u00e3o e do local em que se realizam os ensaios de radiografia SCAR. Estas s\u00e3o apenas algumas das op\u00e7\u00f5es que disponibilizamos, podendo ser ainda fornecidas solu\u00e7\u00f5es personalizadas, definindo as t\u00e9cnicas adequadas e os crit\u00e9rios de blindagem para ir ao encontro dos requisitos da zona de exclus\u00e3o necess\u00e1ria.<\/p>\n","protected":false},"excerpt":{"rendered":"<p>As op\u00e7\u00f5es de blindagem de seguran\u00e7a podem variar bastante, dependendo da aplica\u00e7\u00e3o e do local em que se realizam os ensaios de radiografia SCAR. Estas s\u00e3o apenas algumas das op\u00e7\u00f5es que disponibilizamos, podendo ser ainda fornecidas solu\u00e7\u00f5es personalizadas, definindo as t\u00e9cnicas adequadas e os crit\u00e9rios de blindagem para ir ao encontro dos requisitos da zona [&hellip;]<\/p>\n","protected":false},"featured_media":4350,"template":"","meta":[],"product_brand":[],"product_cat":[110,109],"product_tag":[],"class_list":{"0":"post-4349","1":"product","2":"type-product","3":"status-publish","4":"has-post-thumbnail","6":"product_cat-acessorios-gamagrafia-raios-gama","7":"product_cat-gamagrafia-raios-gama","9":"first","10":"instock","11":"shipping-taxable","12":"product-type-simple"},"_links":{"self":[{"href":"https:\/\/end.pt\/pt\/wp-json\/wp\/v2\/product\/4349","targetHints":{"allow":["GET"]}}],"collection":[{"href":"https:\/\/end.pt\/pt\/wp-json\/wp\/v2\/product"}],"about":[{"href":"https:\/\/end.pt\/pt\/wp-json\/wp\/v2\/types\/product"}],"version-history":[{"count":2,"href":"https:\/\/end.pt\/pt\/wp-json\/wp\/v2\/product\/4349\/revisions"}],"predecessor-version":[{"id":4984,"href":"https:\/\/end.pt\/pt\/wp-json\/wp\/v2\/product\/4349\/revisions\/4984"}],"wp:featuredmedia":[{"embeddable":true,"href":"https:\/\/end.pt\/pt\/wp-json\/wp\/v2\/media\/4350"}],"wp:attachment":[{"href":"https:\/\/end.pt\/pt\/wp-json\/wp\/v2\/media?parent=4349"}],"wp:term":[{"taxonomy":"product_brand","embeddable":true,"href":"https:\/\/end.pt\/pt\/wp-json\/wp\/v2\/product_brand?post=4349"},{"taxonomy":"product_cat","embeddable":true,"href":"https:\/\/end.pt\/pt\/wp-json\/wp\/v2\/product_cat?post=4349"},{"taxonomy":"product_tag","embeddable":true,"href":"https:\/\/end.pt\/pt\/wp-json\/wp\/v2\/product_tag?post=4349"}],"curies":[{"name":"wp","href":"https:\/\/api.w.org\/{rel}","templated":true}]}}