{"id":4353,"date":"2020-08-26T22:09:28","date_gmt":"2020-08-26T22:09:28","guid":{"rendered":"https:\/\/end.pt\/pt\/?post_type=product&#038;p=4353"},"modified":"2021-05-02T15:37:36","modified_gmt":"2021-05-02T15:37:36","slug":"kit-de-fixacao-offset-sentinel-1075-scarpro","status":"publish","type":"product","link":"https:\/\/end.pt\/pt\/product\/kit-de-fixacao-offset-sentinel-1075-scarpro\/","title":{"rendered":"Kit de fixa\u00e7\u00e3o Offset SENTINEL\u2122 1075 SCARPro"},"content":{"rendered":"<p>Ideal para radiografia de perfil e disparos sobrepostos ou el\u00edpticos em tubos de pequeno di\u00e2metro. O Kit de fixa\u00e7\u00e3o Offset monta o projector com seguran\u00e7a em tubos de at\u00e9 20 cm de di\u00e2metro ou pode ser facilmente montado em outra tubagem ou material estrutural pr\u00f3ximo.<\/p>\n<p>Nota: Op\u00e7\u00f5es adicionais est\u00e3o prontamente dispon\u00edveis, se necess\u00e1rio.<\/p>\n","protected":false},"excerpt":{"rendered":"<p>Ideal para radiografia de perfil e disparos sobrepostos ou el\u00edpticos em tubos de pequeno di\u00e2metro. O Kit de fixa\u00e7\u00e3o Offset monta o projector com seguran\u00e7a em tubos de at\u00e9 20 cm de di\u00e2metro ou pode ser facilmente montado em outra tubagem ou material estrutural pr\u00f3ximo. Nota: Op\u00e7\u00f5es adicionais est\u00e3o prontamente dispon\u00edveis, se necess\u00e1rio.<\/p>\n","protected":false},"featured_media":4355,"template":"","meta":[],"product_brand":[],"product_cat":[110,109],"product_tag":[],"class_list":{"0":"post-4353","1":"product","2":"type-product","3":"status-publish","4":"has-post-thumbnail","6":"product_cat-acessorios-gamagrafia-raios-gama","7":"product_cat-gamagrafia-raios-gama","9":"first","10":"instock","11":"shipping-taxable","12":"product-type-simple"},"_links":{"self":[{"href":"https:\/\/end.pt\/pt\/wp-json\/wp\/v2\/product\/4353","targetHints":{"allow":["GET"]}}],"collection":[{"href":"https:\/\/end.pt\/pt\/wp-json\/wp\/v2\/product"}],"about":[{"href":"https:\/\/end.pt\/pt\/wp-json\/wp\/v2\/types\/product"}],"version-history":[{"count":2,"href":"https:\/\/end.pt\/pt\/wp-json\/wp\/v2\/product\/4353\/revisions"}],"predecessor-version":[{"id":4983,"href":"https:\/\/end.pt\/pt\/wp-json\/wp\/v2\/product\/4353\/revisions\/4983"}],"wp:featuredmedia":[{"embeddable":true,"href":"https:\/\/end.pt\/pt\/wp-json\/wp\/v2\/media\/4355"}],"wp:attachment":[{"href":"https:\/\/end.pt\/pt\/wp-json\/wp\/v2\/media?parent=4353"}],"wp:term":[{"taxonomy":"product_brand","embeddable":true,"href":"https:\/\/end.pt\/pt\/wp-json\/wp\/v2\/product_brand?post=4353"},{"taxonomy":"product_cat","embeddable":true,"href":"https:\/\/end.pt\/pt\/wp-json\/wp\/v2\/product_cat?post=4353"},{"taxonomy":"product_tag","embeddable":true,"href":"https:\/\/end.pt\/pt\/wp-json\/wp\/v2\/product_tag?post=4353"}],"curies":[{"name":"wp","href":"https:\/\/api.w.org\/{rel}","templated":true}]}}