{"id":4357,"date":"2020-08-26T22:11:45","date_gmt":"2020-08-26T22:11:45","guid":{"rendered":"https:\/\/end.pt\/pt\/?post_type=product&#038;p=4357"},"modified":"2021-05-02T15:37:12","modified_gmt":"2021-05-02T15:37:12","slug":"tablet-robusta-openvision-para-openvision-dx-ndt","status":"publish","type":"product","link":"https:\/\/end.pt\/pt\/product\/tablet-robusta-openvision-para-openvision-dx-ndt\/","title":{"rendered":"Tablet robusta OpenVision para OpenVision DX-NDT"},"content":{"rendered":"<p>Mem\u00f3ria: Cart\u00e3o Micro SD 128GB<\/p>\n<p>Conectividade WiFi de 2,4 GHz<\/p>\n<p>Tamanho do ecr\u00e3 10 pol. (25 cm)<\/p>\n<p>Peso 0,52 kg<\/p>\n<p>Dura\u00e7\u00e3o da bateria 9 horas<\/p>\n<p>Armazenamento de imagens est\u00e1ticas: 120.000+<\/p>\n<p>Armazenamento de v\u00eddeo: 9.000+ minutos<\/p>\n","protected":false},"excerpt":{"rendered":"<p>Mem\u00f3ria: Cart\u00e3o Micro SD 128GB Conectividade WiFi de 2,4 GHz Tamanho do ecr\u00e3 10 pol. (25 cm) Peso 0,52 kg Dura\u00e7\u00e3o da bateria 9 horas Armazenamento de imagens est\u00e1ticas: 120.000+ Armazenamento de v\u00eddeo: 9.000+ minutos<\/p>\n","protected":false},"featured_media":4358,"template":"","meta":[],"product_brand":[],"product_cat":[110,109],"product_tag":[],"class_list":{"0":"post-4357","1":"product","2":"type-product","3":"status-publish","4":"has-post-thumbnail","6":"product_cat-acessorios-gamagrafia-raios-gama","7":"product_cat-gamagrafia-raios-gama","9":"first","10":"instock","11":"shipping-taxable","12":"product-type-simple"},"_links":{"self":[{"href":"https:\/\/end.pt\/pt\/wp-json\/wp\/v2\/product\/4357","targetHints":{"allow":["GET"]}}],"collection":[{"href":"https:\/\/end.pt\/pt\/wp-json\/wp\/v2\/product"}],"about":[{"href":"https:\/\/end.pt\/pt\/wp-json\/wp\/v2\/types\/product"}],"version-history":[{"count":3,"href":"https:\/\/end.pt\/pt\/wp-json\/wp\/v2\/product\/4357\/revisions"}],"predecessor-version":[{"id":4982,"href":"https:\/\/end.pt\/pt\/wp-json\/wp\/v2\/product\/4357\/revisions\/4982"}],"wp:featuredmedia":[{"embeddable":true,"href":"https:\/\/end.pt\/pt\/wp-json\/wp\/v2\/media\/4358"}],"wp:attachment":[{"href":"https:\/\/end.pt\/pt\/wp-json\/wp\/v2\/media?parent=4357"}],"wp:term":[{"taxonomy":"product_brand","embeddable":true,"href":"https:\/\/end.pt\/pt\/wp-json\/wp\/v2\/product_brand?post=4357"},{"taxonomy":"product_cat","embeddable":true,"href":"https:\/\/end.pt\/pt\/wp-json\/wp\/v2\/product_cat?post=4357"},{"taxonomy":"product_tag","embeddable":true,"href":"https:\/\/end.pt\/pt\/wp-json\/wp\/v2\/product_tag?post=4357"}],"curies":[{"name":"wp","href":"https:\/\/api.w.org\/{rel}","templated":true}]}}