{"id":4360,"date":"2020-08-26T22:13:04","date_gmt":"2020-08-26T22:13:04","guid":{"rendered":"https:\/\/end.pt\/pt\/?post_type=product&#038;p=4360"},"modified":"2021-05-02T15:36:41","modified_gmt":"2021-05-02T15:36:41","slug":"openvision-pirateeye","status":"publish","type":"product","link":"https:\/\/end.pt\/pt\/product\/openvision-pirateeye\/","title":{"rendered":"OpenVision PirateEye"},"content":{"rendered":"<p>Permite ao utilizador visualizar, sem as m\u00e3os, o feed de v\u00eddeo ao vivo do OpenVision.<\/p>\n<p>Conectividade HDMI<\/p>\n<p>Ecr\u00e3 LCD colorido WVGA (854&#215;480)<\/p>\n<p>Conformidade de seguran\u00e7a<\/p>\n<p>US MIL SPEC MIL-PRF-31013<\/p>\n<p>ANSI Z87.1<\/p>\n<p>OSHA Federal dos EUA<\/p>\n<p>CE EN 166 FTKN<\/p>\n","protected":false},"excerpt":{"rendered":"<p>Permite ao utilizador visualizar, sem as m\u00e3os, o feed de v\u00eddeo ao vivo do OpenVision. Conectividade HDMI Ecr\u00e3 LCD colorido WVGA (854&#215;480) Conformidade de seguran\u00e7a US MIL SPEC MIL-PRF-31013 ANSI Z87.1 OSHA Federal dos EUA CE EN 166 FTKN<\/p>\n","protected":false},"featured_media":4361,"template":"","meta":[],"product_brand":[],"product_cat":[110,109],"product_tag":[],"class_list":{"0":"post-4360","1":"product","2":"type-product","3":"status-publish","4":"has-post-thumbnail","6":"product_cat-acessorios-gamagrafia-raios-gama","7":"product_cat-gamagrafia-raios-gama","9":"first","10":"instock","11":"shipping-taxable","12":"product-type-simple"},"_links":{"self":[{"href":"https:\/\/end.pt\/pt\/wp-json\/wp\/v2\/product\/4360","targetHints":{"allow":["GET"]}}],"collection":[{"href":"https:\/\/end.pt\/pt\/wp-json\/wp\/v2\/product"}],"about":[{"href":"https:\/\/end.pt\/pt\/wp-json\/wp\/v2\/types\/product"}],"version-history":[{"count":2,"href":"https:\/\/end.pt\/pt\/wp-json\/wp\/v2\/product\/4360\/revisions"}],"predecessor-version":[{"id":4980,"href":"https:\/\/end.pt\/pt\/wp-json\/wp\/v2\/product\/4360\/revisions\/4980"}],"wp:featuredmedia":[{"embeddable":true,"href":"https:\/\/end.pt\/pt\/wp-json\/wp\/v2\/media\/4361"}],"wp:attachment":[{"href":"https:\/\/end.pt\/pt\/wp-json\/wp\/v2\/media?parent=4360"}],"wp:term":[{"taxonomy":"product_brand","embeddable":true,"href":"https:\/\/end.pt\/pt\/wp-json\/wp\/v2\/product_brand?post=4360"},{"taxonomy":"product_cat","embeddable":true,"href":"https:\/\/end.pt\/pt\/wp-json\/wp\/v2\/product_cat?post=4360"},{"taxonomy":"product_tag","embeddable":true,"href":"https:\/\/end.pt\/pt\/wp-json\/wp\/v2\/product_tag?post=4360"}],"curies":[{"name":"wp","href":"https:\/\/api.w.org\/{rel}","templated":true}]}}